{"id":101,"date":"2015-08-05T12:41:49","date_gmt":"2015-08-05T12:41:49","guid":{"rendered":"https:\/\/apedaf.be\/wordpress\/?page_id=101"},"modified":"2025-05-28T13:47:17","modified_gmt":"2025-05-28T13:47:17","slug":"devenir-membres-apedaf","status":"publish","type":"page","link":"https:\/\/apedaf.be\/wordpress\/devenir-membres-apedaf\/","title":{"rendered":"Devenez membre APEDAF"},"content":{"rendered":"\t\t<div data-elementor-type=\"wp-page\" data-elementor-id=\"101\" class=\"elementor elementor-101\" data-elementor-post-type=\"page\">\n\t\t\t\t<div class=\"elementor-element elementor-element-57f224f e-flex e-con-boxed e-con e-parent\" data-id=\"57f224f\" data-element_type=\"container\" data-e-type=\"container\">\n\t\t\t\t\t<div class=\"e-con-inner\">\n\t\t\t\t<div class=\"elementor-element elementor-element-0d48acf elementor-widget elementor-widget-spacer\" data-id=\"0d48acf\" data-element_type=\"widget\" data-e-type=\"widget\" data-widget_type=\"spacer.default\">\n\t\t\t\t<div class=\"elementor-widget-container\">\n\t\t\t\t\t\t\t<div class=\"elementor-spacer\">\n\t\t\t<div class=\"elementor-spacer-inner\"><\/div>\n\t\t<\/div>\n\t\t\t\t\t\t<\/div>\n\t\t\t\t<\/div>\n\t\t\t\t<div class=\"elementor-element elementor-element-76d78fc elementor-widget elementor-widget-heading\" data-id=\"76d78fc\" data-element_type=\"widget\" data-e-type=\"widget\" data-widget_type=\"heading.default\">\n\t\t\t\t<div class=\"elementor-widget-container\">\n\t\t\t\t\t<h2 class=\"elementor-heading-title elementor-size-default\">Devenir membre<\/h2>\t\t\t\t<\/div>\n\t\t\t\t<\/div>\n\t\t\t\t\t<\/div>\n\t\t\t\t<\/div>\n\t\t<div class=\"elementor-element elementor-element-90fad11 e-flex e-con-boxed e-con e-parent\" data-id=\"90fad11\" data-element_type=\"container\" data-e-type=\"container\">\n\t\t\t\t\t<div class=\"e-con-inner\">\n\t\t<div class=\"elementor-element elementor-element-60eb797 e-con-full e-flex e-con e-child\" data-id=\"60eb797\" data-element_type=\"container\" data-e-type=\"container\">\n\t\t\t\t<div class=\"elementor-element elementor-element-4a91bfc elementor-widget elementor-widget-text-editor\" data-id=\"4a91bfc\" data-element_type=\"widget\" data-e-type=\"widget\" data-widget_type=\"text-editor.default\">\n\t\t\t\t<div class=\"elementor-widget-container\">\n\t\t\t\t\t\t\t\t\t<p><strong>\u00catre membre APEDAF c&rsquo;est :\u00a0<\/strong><\/p><ul><li>C\u2019est devenir un parent, qui a un pouvoir d\u00e9cisionnel au sein de l\u2019association. \u2028<\/li><li>C\u2019est avoir la possibilit\u00e9 de prendre part au changement soci\u00e9tal concernant les questions li\u00e9es \u00e0 la surdit\u00e9.<\/li><\/ul>\t\t\t\t\t\t\t\t<\/div>\n\t\t\t\t<\/div>\n\t\t\t\t<div class=\"elementor-element elementor-element-3600597 elementor-widget elementor-widget-n-accordion\" data-id=\"3600597\" data-element_type=\"widget\" data-e-type=\"widget\" data-settings=\"{&quot;default_state&quot;:&quot;all_collapsed&quot;,&quot;max_items_expended&quot;:&quot;one&quot;,&quot;n_accordion_animation_duration&quot;:{&quot;unit&quot;:&quot;ms&quot;,&quot;size&quot;:400,&quot;sizes&quot;:[]}}\" data-widget_type=\"nested-accordion.default\">\n\t\t\t\t<div class=\"elementor-widget-container\">\n\t\t\t\t\t\t\t<div class=\"e-n-accordion\" aria-label=\"Accordion. Open links with Enter or Space, close with Escape, and navigate with Arrow Keys\">\n\t\t\t\t\t\t<details id=\"e-n-accordion-item-5660\" class=\"e-n-accordion-item\" >\n\t\t\t\t<summary class=\"e-n-accordion-item-title\" data-accordion-index=\"1\" tabindex=\"0\" aria-expanded=\"false\" aria-controls=\"e-n-accordion-item-5660\" >\n\t\t\t\t\t<span class='e-n-accordion-item-title-header'><div class=\"e-n-accordion-item-title-text\"> Avantages d'un membre <\/div><\/span>\n\t\t\t\t\t\t\t<span class='e-n-accordion-item-title-icon'>\n\t\t\t<span class='e-opened' ><i aria-hidden=\"true\" class=\"fas fa-minus\"><\/i><\/span>\n\t\t\t<span class='e-closed'><i aria-hidden=\"true\" class=\"fas fa-plus\"><\/i><\/span>\n\t\t<\/span>\n\n\t\t\t\t\t\t<\/summary>\n\t\t\t\t<div role=\"region\" aria-labelledby=\"e-n-accordion-item-5660\" class=\"elementor-element elementor-element-c0e69b1 e-con-full e-flex e-con e-child\" data-id=\"c0e69b1\" data-element_type=\"container\" data-e-type=\"container\">\n\t\t\t\t<div class=\"elementor-element elementor-element-bfd480b elementor-widget elementor-widget-text-editor\" data-id=\"bfd480b\" data-element_type=\"widget\" data-e-type=\"widget\" data-widget_type=\"text-editor.default\">\n\t\t\t\t<div class=\"elementor-widget-container\">\n\t\t\t\t\t\t\t\t\t<ul><li>Acc\u00e9der au cercle des parents (groupe de travail, parents-relais, caf\u00e9 papote, activit\u00e9s familiales) ;<\/li><li>Participer \u00e0 des activit\u00e9s, \u00e0 des sorties familiales, \u00e0 des tarifs pr\u00e9f\u00e9rentiels ;<\/li><li>D\u00e9fendre les droits des enfants sourds en relayant une probl\u00e9matique aupr\u00e8s des politiques ;<\/li><li>Un soutien psychologique, un service social (notre responsable du service social peut vous aiguiller dans vos d\u00e9marches juridiques ou vous apporter des informations sur la surdit\u00e9 ;<\/li><li>Une aide p\u00e9dagogique pour les enfants suivis dans l\u2019enseignement ordinaire ou sp\u00e9cialis\u00e9, selon les possibilit\u00e9s ;<\/li><li>Avoir acc\u00e8s \u00e0 une sensibilisation au monde de la surdit\u00e9, \u00e0 la langue des signes ;<\/li><li>Avoir acc\u00e8s gratuitement \u00e0 notre centre de documentation ;<\/li><li>Acc\u00e9der aux conf\u00e9rences \u00e0 des tarifs pr\u00e9f\u00e9rentiels ;<\/li><li>R\u00e9ception d\u2019une peluche implant\u00e9e ou d\u2019un bon aupr\u00e8s \u00ab des poup\u00e9es sourdes \u00bb.<\/li><\/ul>\t\t\t\t\t\t\t\t<\/div>\n\t\t\t\t<\/div>\n\t\t\t\t<\/div>\n\t\t\t\t\t<\/details>\n\t\t\t\t\t\t<details id=\"e-n-accordion-item-5661\" class=\"e-n-accordion-item\" >\n\t\t\t\t<summary class=\"e-n-accordion-item-title\" data-accordion-index=\"2\" tabindex=\"-1\" aria-expanded=\"false\" aria-controls=\"e-n-accordion-item-5661\" >\n\t\t\t\t\t<span class='e-n-accordion-item-title-header'><div class=\"e-n-accordion-item-title-text\"> Qu'est-ce qu'on attend d'un membre ? <\/div><\/span>\n\t\t\t\t\t\t\t<span class='e-n-accordion-item-title-icon'>\n\t\t\t<span class='e-opened' ><i aria-hidden=\"true\" class=\"fas fa-minus\"><\/i><\/span>\n\t\t\t<span class='e-closed'><i aria-hidden=\"true\" class=\"fas fa-plus\"><\/i><\/span>\n\t\t<\/span>\n\n\t\t\t\t\t\t<\/summary>\n\t\t\t\t<div role=\"region\" aria-labelledby=\"e-n-accordion-item-5661\" class=\"elementor-element elementor-element-4fdb097 e-con-full e-flex e-con e-child\" data-id=\"4fdb097\" data-element_type=\"container\" data-e-type=\"container\">\n\t\t\t\t<div class=\"elementor-element elementor-element-d1e6c94 elementor-widget elementor-widget-text-editor\" data-id=\"d1e6c94\" data-element_type=\"widget\" data-e-type=\"widget\" data-widget_type=\"text-editor.default\">\n\t\t\t\t<div class=\"elementor-widget-container\">\n\t\t\t\t\t\t\t\t\t<ul><li>De participer \u00e0 l\u2019Assembl\u00e9e g\u00e9n\u00e9rale de l\u2019APEDAF, qui se d\u00e9roule aux alentours du mois de juin chaque ann\u00e9e ;<\/li><li>Rendre l\u2019APEDAF visible afin que les services propos\u00e9s soient encore plus accessibles ;<\/li><li>Soutenir un projet particulier en nous envoyant vos id\u00e9es<\/li><li>Nous proposer de nouveaux projets en faveur des enfants sourds<\/li><li>Nous communiquer les possibilit\u00e9s de soutiens financiers au sein de votre entreprise<\/li><li>Participer aux groupes de travail concernant diff\u00e9rentes th\u00e9matiques (colloque, site internet,\u00a0 comit\u00e9 de relecture,\u00a0 campagne de sensibilisation)<\/li><li>repr\u00e9senter l\u2019APEDAF au sein de la LUSS (Ligue des Usagers en Soins de Sant\u00e9)<\/li><li>Autres : partagez-nous vos id\u00e9es<\/li><\/ul>\t\t\t\t\t\t\t\t<\/div>\n\t\t\t\t<\/div>\n\t\t\t\t<\/div>\n\t\t\t\t\t<\/details>\n\t\t\t\t\t<\/div>\n\t\t\t\t\t\t<\/div>\n\t\t\t\t<\/div>\n\t\t\t\t<div class=\"elementor-element elementor-element-216eda1 elementor-widget elementor-widget-button\" data-id=\"216eda1\" data-element_type=\"widget\" data-e-type=\"widget\" data-widget_type=\"button.default\">\n\t\t\t\t<div class=\"elementor-widget-container\">\n\t\t\t\t\t\t\t\t\t<div class=\"elementor-button-wrapper\">\n\t\t\t\t\t<a class=\"elementor-button elementor-button-link elementor-size-sm\" href=\"https:\/\/forms.office.com\/Pages\/ResponsePage.aspx?id=zLSBKFCloUqWzY-zYBQd93vbqIRD0NtBg5qUUVKmSIJUMTcwTlNQRloyMUlXTDVIREY0MzJLTTU2QiQlQCN0PWcu\">\n\t\t\t\t\t\t<span class=\"elementor-button-content-wrapper\">\n\t\t\t\t\t\t\t\t\t<span class=\"elementor-button-text\">Formulaire d'inscription<\/span>\n\t\t\t\t\t<\/span>\n\t\t\t\t\t<\/a>\n\t\t\t\t<\/div>\n\t\t\t\t\t\t\t\t<\/div>\n\t\t\t\t<\/div>\n\t\t\t\t<\/div>\n\t\t<div class=\"elementor-element elementor-element-7dd1cb1 e-con-full e-flex e-con e-child\" data-id=\"7dd1cb1\" data-element_type=\"container\" data-e-type=\"container\">\n\t\t\t\t<div class=\"elementor-element elementor-element-0adad14 elementor-widget elementor-widget-image\" data-id=\"0adad14\" data-element_type=\"widget\" data-e-type=\"widget\" data-widget_type=\"image.default\">\n\t\t\t\t<div class=\"elementor-widget-container\">\n\t\t\t\t\t\t\t\t\t\t\t\t\t\t\t<img fetchpriority=\"high\" decoding=\"async\" width=\"1024\" height=\"576\" src=\"https:\/\/apedaf.be\/wordpress\/wp-content\/uploads\/2025\/04\/SITE-visuels-membres--1024x576.jpg\" class=\"attachment-large size-large wp-image-10551\" alt=\"SITE visuels membres\" srcset=\"https:\/\/apedaf.be\/wordpress\/wp-content\/uploads\/2025\/04\/SITE-visuels-membres--1024x576.jpg 1024w, https:\/\/apedaf.be\/wordpress\/wp-content\/uploads\/2025\/04\/SITE-visuels-membres--300x169.jpg 300w, https:\/\/apedaf.be\/wordpress\/wp-content\/uploads\/2025\/04\/SITE-visuels-membres--768x432.jpg 768w, https:\/\/apedaf.be\/wordpress\/wp-content\/uploads\/2025\/04\/SITE-visuels-membres--1536x864.jpg 1536w, https:\/\/apedaf.be\/wordpress\/wp-content\/uploads\/2025\/04\/SITE-visuels-membres--800x450.jpg 800w, https:\/\/apedaf.be\/wordpress\/wp-content\/uploads\/2025\/04\/SITE-visuels-membres-.jpg 1920w\" sizes=\"(max-width: 1024px) 100vw, 1024px\" \/>\t\t\t\t\t\t\t\t\t\t\t\t\t\t\t<\/div>\n\t\t\t\t<\/div>\n\t\t\t\t<\/div>\n\t\t\t\t\t<\/div>\n\t\t\t\t<\/div>\n\t\t\t\t<\/div>\n\t\t","protected":false},"excerpt":{"rendered":"<p>Devenir membre \u00catre membre APEDAF c&rsquo;est :\u00a0 C\u2019est devenir un parent, qui a un pouvoir d\u00e9cisionnel au sein de l\u2019association. \u2028 C\u2019est avoir la possibilit\u00e9 de prendre part au changement soci\u00e9tal concernant les questions li\u00e9es \u00e0 la surdit\u00e9. Avantages d&rsquo;un membre Acc\u00e9der au cercle des parents (groupe de travail, parents-relais, caf\u00e9 papote, activit\u00e9s familiales) ; [&hellip;]<\/p>\n","protected":false},"author":1,"featured_media":0,"parent":0,"menu_order":0,"comment_status":"closed","ping_status":"closed","template":"","meta":{"footnotes":""},"class_list":["post-101","page","type-page","status-publish","hentry","entry"],"yoast_head":"<!-- This site is optimized with the Yoast SEO plugin v27.2 - https:\/\/yoast.com\/product\/yoast-seo-wordpress\/ -->\n<title>Devenez membre APEDAF - APEDAF asbl<\/title>\n<meta name=\"robots\" content=\"index, follow, max-snippet:-1, max-image-preview:large, max-video-preview:-1\" \/>\n<link rel=\"canonical\" href=\"https:\/\/apedaf.be\/wordpress\/devenir-membres-apedaf\/\" \/>\n<meta property=\"og:locale\" content=\"fr_FR\" \/>\n<meta property=\"og:type\" content=\"article\" \/>\n<meta property=\"og:title\" content=\"Devenez membre APEDAF - APEDAF asbl\" \/>\n<meta property=\"og:description\" content=\"Devenir membre \u00catre membre APEDAF c&rsquo;est :\u00a0 C\u2019est devenir un parent, qui a un pouvoir d\u00e9cisionnel au sein de l\u2019association. \u2028 C\u2019est avoir la possibilit\u00e9 de prendre part au changement soci\u00e9tal concernant les questions li\u00e9es \u00e0 la surdit\u00e9. Avantages d&rsquo;un membre Acc\u00e9der au cercle des parents (groupe de travail, parents-relais, caf\u00e9 papote, activit\u00e9s familiales) ; [&hellip;]\" \/>\n<meta property=\"og:url\" content=\"https:\/\/apedaf.be\/wordpress\/devenir-membres-apedaf\/\" \/>\n<meta property=\"og:site_name\" content=\"APEDAF asbl\" \/>\n<meta property=\"article:publisher\" content=\"https:\/\/www.facebook.com\/apedaf\/\" \/>\n<meta property=\"article:modified_time\" content=\"2025-05-28T13:47:17+00:00\" \/>\n<meta property=\"og:image\" content=\"https:\/\/apedaf.be\/wordpress\/wp-content\/uploads\/2025\/04\/SITE-visuels-membres--1024x576.jpg\" \/>\n<meta name=\"twitter:card\" content=\"summary_large_image\" \/>\n<meta name=\"twitter:label1\" content=\"Dur\u00e9e de lecture estim\u00e9e\" \/>\n\t<meta name=\"twitter:data1\" content=\"3 minutes\" \/>\n<script type=\"application\/ld+json\" class=\"yoast-schema-graph\">{\"@context\":\"https:\/\/schema.org\",\"@graph\":[{\"@type\":\"WebPage\",\"@id\":\"https:\/\/apedaf.be\/wordpress\/devenir-membres-apedaf\/\",\"url\":\"https:\/\/apedaf.be\/wordpress\/devenir-membres-apedaf\/\",\"name\":\"Devenez membre APEDAF - APEDAF asbl\",\"isPartOf\":{\"@id\":\"https:\/\/apedaf.be\/wordpress\/#website\"},\"primaryImageOfPage\":{\"@id\":\"https:\/\/apedaf.be\/wordpress\/devenir-membres-apedaf\/#primaryimage\"},\"image\":{\"@id\":\"https:\/\/apedaf.be\/wordpress\/devenir-membres-apedaf\/#primaryimage\"},\"thumbnailUrl\":\"https:\/\/apedaf.be\/wordpress\/wp-content\/uploads\/2025\/04\/SITE-visuels-membres--1024x576.jpg\",\"datePublished\":\"2015-08-05T12:41:49+00:00\",\"dateModified\":\"2025-05-28T13:47:17+00:00\",\"breadcrumb\":{\"@id\":\"https:\/\/apedaf.be\/wordpress\/devenir-membres-apedaf\/#breadcrumb\"},\"inLanguage\":\"fr-FR\",\"potentialAction\":[{\"@type\":\"ReadAction\",\"target\":[\"https:\/\/apedaf.be\/wordpress\/devenir-membres-apedaf\/\"]}]},{\"@type\":\"ImageObject\",\"inLanguage\":\"fr-FR\",\"@id\":\"https:\/\/apedaf.be\/wordpress\/devenir-membres-apedaf\/#primaryimage\",\"url\":\"https:\/\/apedaf.be\/wordpress\/wp-content\/uploads\/2025\/04\/SITE-visuels-membres-.jpg\",\"contentUrl\":\"https:\/\/apedaf.be\/wordpress\/wp-content\/uploads\/2025\/04\/SITE-visuels-membres-.jpg\",\"width\":1920,\"height\":1080,\"caption\":\"SITE visuels membres\"},{\"@type\":\"BreadcrumbList\",\"@id\":\"https:\/\/apedaf.be\/wordpress\/devenir-membres-apedaf\/#breadcrumb\",\"itemListElement\":[{\"@type\":\"ListItem\",\"position\":1,\"name\":\"Accueil\",\"item\":\"https:\/\/apedaf.be\/wordpress\/\"},{\"@type\":\"ListItem\",\"position\":2,\"name\":\"Devenez membre APEDAF\"}]},{\"@type\":\"WebSite\",\"@id\":\"https:\/\/apedaf.be\/wordpress\/#website\",\"url\":\"https:\/\/apedaf.be\/wordpress\/\",\"name\":\"L'APEDAF asbl\",\"description\":\"Pour l&#039;\u00e9panouissement des enfants sourds et malentendants\",\"publisher\":{\"@id\":\"https:\/\/apedaf.be\/wordpress\/#organization\"},\"potentialAction\":[{\"@type\":\"SearchAction\",\"target\":{\"@type\":\"EntryPoint\",\"urlTemplate\":\"https:\/\/apedaf.be\/wordpress\/?s={search_term_string}\"},\"query-input\":{\"@type\":\"PropertyValueSpecification\",\"valueRequired\":true,\"valueName\":\"search_term_string\"}}],\"inLanguage\":\"fr-FR\"},{\"@type\":\"Organization\",\"@id\":\"https:\/\/apedaf.be\/wordpress\/#organization\",\"name\":\"L'APEDAF asbl\",\"url\":\"https:\/\/apedaf.be\/wordpress\/\",\"logo\":{\"@type\":\"ImageObject\",\"inLanguage\":\"fr-FR\",\"@id\":\"https:\/\/apedaf.be\/wordpress\/#\/schema\/logo\/image\/\",\"url\":\"https:\/\/apedaf.be\/wordpress\/wp-content\/uploads\/2020\/04\/cropped-Apedaf-QUADRI-general-V-e1586436209432-2.png\",\"contentUrl\":\"https:\/\/apedaf.be\/wordpress\/wp-content\/uploads\/2020\/04\/cropped-Apedaf-QUADRI-general-V-e1586436209432-2.png\",\"width\":620,\"height\":273,\"caption\":\"L'APEDAF asbl\"},\"image\":{\"@id\":\"https:\/\/apedaf.be\/wordpress\/#\/schema\/logo\/image\/\"},\"sameAs\":[\"https:\/\/www.facebook.com\/apedaf\/\",\"https:\/\/www.instagram.com\/asblapedaf\/\"]}]}<\/script>\n<!-- \/ Yoast SEO plugin. -->","yoast_head_json":{"title":"Devenez membre APEDAF - APEDAF asbl","robots":{"index":"index","follow":"follow","max-snippet":"max-snippet:-1","max-image-preview":"max-image-preview:large","max-video-preview":"max-video-preview:-1"},"canonical":"https:\/\/apedaf.be\/wordpress\/devenir-membres-apedaf\/","og_locale":"fr_FR","og_type":"article","og_title":"Devenez membre APEDAF - APEDAF asbl","og_description":"Devenir membre \u00catre membre APEDAF c&rsquo;est :\u00a0 C\u2019est devenir un parent, qui a un pouvoir d\u00e9cisionnel au sein de l\u2019association. \u2028 C\u2019est avoir la possibilit\u00e9 de prendre part au changement soci\u00e9tal concernant les questions li\u00e9es \u00e0 la surdit\u00e9. Avantages d&rsquo;un membre Acc\u00e9der au cercle des parents (groupe de travail, parents-relais, caf\u00e9 papote, activit\u00e9s familiales) ; [&hellip;]","og_url":"https:\/\/apedaf.be\/wordpress\/devenir-membres-apedaf\/","og_site_name":"APEDAF asbl","article_publisher":"https:\/\/www.facebook.com\/apedaf\/","article_modified_time":"2025-05-28T13:47:17+00:00","og_image":[{"url":"https:\/\/apedaf.be\/wordpress\/wp-content\/uploads\/2025\/04\/SITE-visuels-membres--1024x576.jpg","type":"","width":"","height":""}],"twitter_card":"summary_large_image","twitter_misc":{"Dur\u00e9e de lecture estim\u00e9e":"3 minutes"},"schema":{"@context":"https:\/\/schema.org","@graph":[{"@type":"WebPage","@id":"https:\/\/apedaf.be\/wordpress\/devenir-membres-apedaf\/","url":"https:\/\/apedaf.be\/wordpress\/devenir-membres-apedaf\/","name":"Devenez membre APEDAF - APEDAF asbl","isPartOf":{"@id":"https:\/\/apedaf.be\/wordpress\/#website"},"primaryImageOfPage":{"@id":"https:\/\/apedaf.be\/wordpress\/devenir-membres-apedaf\/#primaryimage"},"image":{"@id":"https:\/\/apedaf.be\/wordpress\/devenir-membres-apedaf\/#primaryimage"},"thumbnailUrl":"https:\/\/apedaf.be\/wordpress\/wp-content\/uploads\/2025\/04\/SITE-visuels-membres--1024x576.jpg","datePublished":"2015-08-05T12:41:49+00:00","dateModified":"2025-05-28T13:47:17+00:00","breadcrumb":{"@id":"https:\/\/apedaf.be\/wordpress\/devenir-membres-apedaf\/#breadcrumb"},"inLanguage":"fr-FR","potentialAction":[{"@type":"ReadAction","target":["https:\/\/apedaf.be\/wordpress\/devenir-membres-apedaf\/"]}]},{"@type":"ImageObject","inLanguage":"fr-FR","@id":"https:\/\/apedaf.be\/wordpress\/devenir-membres-apedaf\/#primaryimage","url":"https:\/\/apedaf.be\/wordpress\/wp-content\/uploads\/2025\/04\/SITE-visuels-membres-.jpg","contentUrl":"https:\/\/apedaf.be\/wordpress\/wp-content\/uploads\/2025\/04\/SITE-visuels-membres-.jpg","width":1920,"height":1080,"caption":"SITE visuels membres"},{"@type":"BreadcrumbList","@id":"https:\/\/apedaf.be\/wordpress\/devenir-membres-apedaf\/#breadcrumb","itemListElement":[{"@type":"ListItem","position":1,"name":"Accueil","item":"https:\/\/apedaf.be\/wordpress\/"},{"@type":"ListItem","position":2,"name":"Devenez membre APEDAF"}]},{"@type":"WebSite","@id":"https:\/\/apedaf.be\/wordpress\/#website","url":"https:\/\/apedaf.be\/wordpress\/","name":"L'APEDAF asbl","description":"Pour l&#039;\u00e9panouissement des enfants sourds et malentendants","publisher":{"@id":"https:\/\/apedaf.be\/wordpress\/#organization"},"potentialAction":[{"@type":"SearchAction","target":{"@type":"EntryPoint","urlTemplate":"https:\/\/apedaf.be\/wordpress\/?s={search_term_string}"},"query-input":{"@type":"PropertyValueSpecification","valueRequired":true,"valueName":"search_term_string"}}],"inLanguage":"fr-FR"},{"@type":"Organization","@id":"https:\/\/apedaf.be\/wordpress\/#organization","name":"L'APEDAF asbl","url":"https:\/\/apedaf.be\/wordpress\/","logo":{"@type":"ImageObject","inLanguage":"fr-FR","@id":"https:\/\/apedaf.be\/wordpress\/#\/schema\/logo\/image\/","url":"https:\/\/apedaf.be\/wordpress\/wp-content\/uploads\/2020\/04\/cropped-Apedaf-QUADRI-general-V-e1586436209432-2.png","contentUrl":"https:\/\/apedaf.be\/wordpress\/wp-content\/uploads\/2020\/04\/cropped-Apedaf-QUADRI-general-V-e1586436209432-2.png","width":620,"height":273,"caption":"L'APEDAF asbl"},"image":{"@id":"https:\/\/apedaf.be\/wordpress\/#\/schema\/logo\/image\/"},"sameAs":["https:\/\/www.facebook.com\/apedaf\/","https:\/\/www.instagram.com\/asblapedaf\/"]}]}},"jetpack_sharing_enabled":true,"_links":{"self":[{"href":"https:\/\/apedaf.be\/wordpress\/wp-json\/wp\/v2\/pages\/101","targetHints":{"allow":["GET"]}}],"collection":[{"href":"https:\/\/apedaf.be\/wordpress\/wp-json\/wp\/v2\/pages"}],"about":[{"href":"https:\/\/apedaf.be\/wordpress\/wp-json\/wp\/v2\/types\/page"}],"author":[{"embeddable":true,"href":"https:\/\/apedaf.be\/wordpress\/wp-json\/wp\/v2\/users\/1"}],"replies":[{"embeddable":true,"href":"https:\/\/apedaf.be\/wordpress\/wp-json\/wp\/v2\/comments?post=101"}],"version-history":[{"count":46,"href":"https:\/\/apedaf.be\/wordpress\/wp-json\/wp\/v2\/pages\/101\/revisions"}],"predecessor-version":[{"id":11249,"href":"https:\/\/apedaf.be\/wordpress\/wp-json\/wp\/v2\/pages\/101\/revisions\/11249"}],"wp:attachment":[{"href":"https:\/\/apedaf.be\/wordpress\/wp-json\/wp\/v2\/media?parent=101"}],"curies":[{"name":"wp","href":"https:\/\/api.w.org\/{rel}","templated":true}]}}