{"id":10147,"date":"2025-01-09T10:46:36","date_gmt":"2025-01-09T10:46:36","guid":{"rendered":"https:\/\/apedaf.be\/wordpress\/?page_id=10147"},"modified":"2026-03-27T14:53:20","modified_gmt":"2026-03-27T14:53:20","slug":"formation-decouverte-de-la-surdite","status":"publish","type":"page","link":"https:\/\/apedaf.be\/wordpress\/formation-decouverte-de-la-surdite\/","title":{"rendered":"Formation : D\u00e9couverte de la surdit\u00e9"},"content":{"rendered":"\t\t<div data-elementor-type=\"wp-page\" data-elementor-id=\"10147\" class=\"elementor elementor-10147\" data-elementor-post-type=\"page\">\n\t\t\t\t\t\t<section class=\"elementor-section elementor-top-section elementor-element elementor-element-59d540b elementor-section-boxed elementor-section-height-default elementor-section-height-default\" data-id=\"59d540b\" data-element_type=\"section\" data-e-type=\"section\">\n\t\t\t\t\t\t<div class=\"elementor-container elementor-column-gap-default\">\n\t\t\t\t\t<div class=\"elementor-column elementor-col-100 elementor-top-column elementor-element elementor-element-a269082\" data-id=\"a269082\" data-element_type=\"column\" data-e-type=\"column\">\n\t\t\t<div class=\"elementor-widget-wrap elementor-element-populated\">\n\t\t\t\t\t\t<div class=\"elementor-element elementor-element-f16842e elementor-widget elementor-widget-spacer\" data-id=\"f16842e\" data-element_type=\"widget\" data-e-type=\"widget\" data-widget_type=\"spacer.default\">\n\t\t\t\t<div class=\"elementor-widget-container\">\n\t\t\t\t\t\t\t<div class=\"elementor-spacer\">\n\t\t\t<div class=\"elementor-spacer-inner\"><\/div>\n\t\t<\/div>\n\t\t\t\t\t\t<\/div>\n\t\t\t\t<\/div>\n\t\t\t\t<div class=\"elementor-element elementor-element-0147a22 elementor-widget elementor-widget-heading\" data-id=\"0147a22\" data-element_type=\"widget\" data-e-type=\"widget\" data-widget_type=\"heading.default\">\n\t\t\t\t<div class=\"elementor-widget-container\">\n\t\t\t\t\t<h2 class=\"elementor-heading-title elementor-size-default\">Formation : D\u00e9couverte des surdit\u00e9s<\/h2>\t\t\t\t<\/div>\n\t\t\t\t<\/div>\n\t\t\t\t\t<\/div>\n\t\t<\/div>\n\t\t\t\t\t<\/div>\n\t\t<\/section>\n\t\t\t\t<section class=\"elementor-section elementor-top-section elementor-element elementor-element-6d305d9 elementor-section-boxed elementor-section-height-default elementor-section-height-default\" data-id=\"6d305d9\" data-element_type=\"section\" data-e-type=\"section\">\n\t\t\t\t\t\t<div class=\"elementor-container elementor-column-gap-default\">\n\t\t\t\t\t<div class=\"elementor-column elementor-col-50 elementor-top-column elementor-element elementor-element-fcc702c\" data-id=\"fcc702c\" data-element_type=\"column\" data-e-type=\"column\">\n\t\t\t<div class=\"elementor-widget-wrap elementor-element-populated\">\n\t\t\t\t\t\t<div class=\"elementor-element elementor-element-e00c88d elementor-widget elementor-widget-image\" data-id=\"e00c88d\" data-element_type=\"widget\" data-e-type=\"widget\" data-widget_type=\"image.default\">\n\t\t\t\t<div class=\"elementor-widget-container\">\n\t\t\t\t\t\t\t\t\t\t\t\t\t\t\t<img fetchpriority=\"high\" decoding=\"async\" width=\"1024\" height=\"786\" src=\"https:\/\/apedaf.be\/wordpress\/wp-content\/uploads\/2025\/01\/formation-surdite-1024x786.webp\" class=\"attachment-large size-large wp-image-10149\" alt=\"formation surdite\u0301\" srcset=\"https:\/\/apedaf.be\/wordpress\/wp-content\/uploads\/2025\/01\/formation-surdite-1024x786.webp 1024w, https:\/\/apedaf.be\/wordpress\/wp-content\/uploads\/2025\/01\/formation-surdite-300x230.webp 300w, https:\/\/apedaf.be\/wordpress\/wp-content\/uploads\/2025\/01\/formation-surdite-768x589.webp 768w, https:\/\/apedaf.be\/wordpress\/wp-content\/uploads\/2025\/01\/formation-surdite-1536x1179.webp 1536w, https:\/\/apedaf.be\/wordpress\/wp-content\/uploads\/2025\/01\/formation-surdite-2048x1572.webp 2048w\" sizes=\"(max-width: 1024px) 100vw, 1024px\" \/>\t\t\t\t\t\t\t\t\t\t\t\t\t\t\t<\/div>\n\t\t\t\t<\/div>\n\t\t\t\t\t<\/div>\n\t\t<\/div>\n\t\t\t\t<div class=\"elementor-column elementor-col-50 elementor-top-column elementor-element elementor-element-c7bb4ac\" data-id=\"c7bb4ac\" data-element_type=\"column\" data-e-type=\"column\">\n\t\t\t<div class=\"elementor-widget-wrap elementor-element-populated\">\n\t\t\t\t\t\t<div class=\"elementor-element elementor-element-f925d7b elementor-widget elementor-widget-text-editor\" data-id=\"f925d7b\" data-element_type=\"widget\" data-e-type=\"widget\" data-widget_type=\"text-editor.default\">\n\t\t\t\t<div class=\"elementor-widget-container\">\n\t\t\t\t\t\t\t\t\t<p><strong>Public cible :<\/strong> Entreprises, \u00e9tudiants, familles, classes de primaires et secondaires, &#8230;<\/p><p><strong>Dur\u00e9e : 2h<\/strong><\/p><p><strong>Prix : \u00c0 partir de 300\u20ac (en fonction des options choisies)<\/strong><\/p><p>La surdit\u00e9 ne ressemble pas \u00e0 une seule r\u00e9alit\u00e9. Elle se vit de mille fa\u00e7ons diff\u00e9rentes : sourd de naissance ou devenu sourd, appareill\u00e9 ou non, locuteur de langue des signes et\/ou oraliste, enfant ou adulte, membre de la culture sourde fi\u00e8re de son identit\u00e9 ou personne cherchant simplement \u00e0 mieux naviguer dans un monde sonore.<\/p><p>Notre formation \u00ab D\u00e9couverte des surdit\u00e9s \u00bb vous propose, en 2 heures, de plonger dans cette diversit\u00e9. Elle s&rsquo;adresse \u00e0 toute personne susceptible de c\u00f4toyer des personnes sourdes ou malentendantes : entreprises, \u00e9tudiants, familles, classes du primaire et du secondaire, \u00e9quipes \u00e9ducatives, professionnels de sant\u00e9, et bien d&rsquo;autres.<\/p>\t\t\t\t\t\t\t\t<\/div>\n\t\t\t\t<\/div>\n\t\t\t\t<div class=\"elementor-element elementor-element-c713b70 elementor-align-center elementor-widget elementor-widget-button\" data-id=\"c713b70\" data-element_type=\"widget\" data-e-type=\"widget\" data-widget_type=\"button.default\">\n\t\t\t\t<div class=\"elementor-widget-container\">\n\t\t\t\t\t\t\t\t\t<div class=\"elementor-button-wrapper\">\n\t\t\t\t\t<a class=\"elementor-button elementor-button-link elementor-size-sm\" href=\"https:\/\/forms.office.com\/Pages\/ResponsePage.aspx?id=zLSBKFCloUqWzY-zYBQd93vbqIRD0NtBg5qUUVKmSIJUQlFSVEZXWElOOFowVjJKNVVKQkhQV1ZDNSQlQCN0PWcu\">\n\t\t\t\t\t\t<span class=\"elementor-button-content-wrapper\">\n\t\t\t\t\t\t\t\t\t<span class=\"elementor-button-text\">Formulaire de contact<\/span>\n\t\t\t\t\t<\/span>\n\t\t\t\t\t<\/a>\n\t\t\t\t<\/div>\n\t\t\t\t\t\t\t\t<\/div>\n\t\t\t\t<\/div>\n\t\t\t\t\t<\/div>\n\t\t<\/div>\n\t\t\t\t\t<\/div>\n\t\t<\/section>\n\t\t\t\t<section class=\"elementor-section elementor-top-section elementor-element elementor-element-b68cb07 elementor-section-boxed elementor-section-height-default elementor-section-height-default\" data-id=\"b68cb07\" data-element_type=\"section\" data-e-type=\"section\">\n\t\t\t\t\t\t<div class=\"elementor-container elementor-column-gap-default\">\n\t\t\t\t\t<div class=\"elementor-column elementor-col-100 elementor-top-column elementor-element elementor-element-a4dd3d3\" data-id=\"a4dd3d3\" data-element_type=\"column\" data-e-type=\"column\">\n\t\t\t<div class=\"elementor-widget-wrap elementor-element-populated\">\n\t\t\t\t\t\t<div class=\"elementor-element elementor-element-79c1fd6 elementor-widget elementor-widget-text-editor\" data-id=\"79c1fd6\" data-element_type=\"widget\" data-e-type=\"widget\" data-widget_type=\"text-editor.default\">\n\t\t\t\t<div class=\"elementor-widget-container\">\n\t\t\t\t\t\t\t\t\t<p><strong>Au programme :<\/strong><\/p><ul><li><strong>Pr\u00e9sentation de l&rsquo;APEDAF et du monde associatif (15 min)<br \/><\/strong> Qui sommes-nous ? Quels acteurs composent le paysage associatif autour de la surdit\u00e9 en Belgique francophone ?<\/li><li><strong>Sensibilisation \u00e0 la surdit\u00e9 (1h)<br \/><\/strong> Types de surdit\u00e9 et degr\u00e9s de perte auditive, parcours du son dans l&rsquo;oreille, impact des nuisances sonores sur l&rsquo;audition, diff\u00e9rents types d&rsquo;appareillages, culture sourde et identit\u00e9, histoire de la langue des signes, diversit\u00e9 des v\u00e9cus et des choix de communication, am\u00e9nagements raisonnables.<\/li><li><strong>Initiation \u00e0 la langue des signes de Belgique francophone (LSFB) (45 min)<\/strong> <br \/>L&rsquo;alphabet dactylologique, les chiffres de 1 \u00e0 20, les expressions du quotidien, et un vocabulaire adapt\u00e9 \u00e0 votre contexte professionnel ou personnel.<br \/><p>Le contenu est enti\u00e8rement adaptable. Si vous souhaitez approfondir une th\u00e9matique particuli\u00e8re ou aborder des situations concr\u00e8tes li\u00e9es \u00e0 votre environnement, nous construisons la s\u00e9ance avec vous.<\/p><\/li><\/ul><p><!-- notionvc: 4ce4aa3e-b897-4fa3-b932-d67b12a579f4 --><\/p>\t\t\t\t\t\t\t\t<\/div>\n\t\t\t\t<\/div>\n\t\t\t\t<div class=\"elementor-element elementor-element-240cffd elementor-widget elementor-widget-heading\" data-id=\"240cffd\" data-element_type=\"widget\" data-e-type=\"widget\" data-widget_type=\"heading.default\">\n\t\t\t\t<div class=\"elementor-widget-container\">\n\t\t\t\t\t<h2 class=\"elementor-heading-title elementor-size-default\">Pour r\u00e9server cette formation ou pour avoir plus d'informations, compl\u00e9tez le formulaire ci-dessous<\/h2>\t\t\t\t<\/div>\n\t\t\t\t<\/div>\n\t\t\t\t<div class=\"elementor-element elementor-element-2062bc2 elementor-align-center elementor-widget elementor-widget-button\" data-id=\"2062bc2\" data-element_type=\"widget\" data-e-type=\"widget\" data-widget_type=\"button.default\">\n\t\t\t\t<div class=\"elementor-widget-container\">\n\t\t\t\t\t\t\t\t\t<div class=\"elementor-button-wrapper\">\n\t\t\t\t\t<a class=\"elementor-button elementor-button-link elementor-size-sm\" href=\"https:\/\/forms.office.com\/Pages\/ResponsePage.aspx?id=zLSBKFCloUqWzY-zYBQd93vbqIRD0NtBg5qUUVKmSIJUQlFSVEZXWElOOFowVjJKNVVKQkhQV1ZDNSQlQCN0PWcu\">\n\t\t\t\t\t\t<span class=\"elementor-button-content-wrapper\">\n\t\t\t\t\t\t\t\t\t<span class=\"elementor-button-text\">Formulaire de contact<\/span>\n\t\t\t\t\t<\/span>\n\t\t\t\t\t<\/a>\n\t\t\t\t<\/div>\n\t\t\t\t\t\t\t\t<\/div>\n\t\t\t\t<\/div>\n\t\t\t\t<div class=\"elementor-element elementor-element-48a791d elementor-widget elementor-widget-spacer\" data-id=\"48a791d\" data-element_type=\"widget\" data-e-type=\"widget\" data-widget_type=\"spacer.default\">\n\t\t\t\t<div class=\"elementor-widget-container\">\n\t\t\t\t\t\t\t<div class=\"elementor-spacer\">\n\t\t\t<div class=\"elementor-spacer-inner\"><\/div>\n\t\t<\/div>\n\t\t\t\t\t\t<\/div>\n\t\t\t\t<\/div>\n\t\t\t\t\t<\/div>\n\t\t<\/div>\n\t\t\t\t\t<\/div>\n\t\t<\/section>\n\t\t\t\t<\/div>\n\t\t","protected":false},"excerpt":{"rendered":"<p>Formation : D\u00e9couverte des surdit\u00e9s Public cible : Entreprises, \u00e9tudiants, familles, classes de primaires et secondaires, &#8230; Dur\u00e9e : 2h Prix : \u00c0 partir de 300\u20ac (en fonction des options choisies) La surdit\u00e9 ne ressemble pas \u00e0 une seule r\u00e9alit\u00e9. Elle se vit de mille fa\u00e7ons diff\u00e9rentes : sourd de naissance ou devenu sourd, appareill\u00e9 [&hellip;]<\/p>\n","protected":false},"author":1,"featured_media":0,"parent":0,"menu_order":0,"comment_status":"closed","ping_status":"closed","template":"","meta":{"footnotes":""},"class_list":["post-10147","page","type-page","status-publish","hentry","entry"],"yoast_head":"<!-- This site is optimized with the Yoast SEO plugin v27.2 - https:\/\/yoast.com\/product\/yoast-seo-wordpress\/ -->\n<title>Formation : D\u00e9couverte de la surdit\u00e9 - APEDAF asbl<\/title>\n<meta name=\"robots\" content=\"index, follow, max-snippet:-1, max-image-preview:large, max-video-preview:-1\" \/>\n<link rel=\"canonical\" href=\"https:\/\/apedaf.be\/wordpress\/formation-decouverte-de-la-surdite\/\" \/>\n<meta property=\"og:locale\" content=\"fr_FR\" \/>\n<meta property=\"og:type\" content=\"article\" \/>\n<meta property=\"og:title\" content=\"Formation : D\u00e9couverte de la surdit\u00e9 - APEDAF asbl\" \/>\n<meta property=\"og:description\" content=\"Formation : D\u00e9couverte des surdit\u00e9s Public cible : Entreprises, \u00e9tudiants, familles, classes de primaires et secondaires, &#8230; Dur\u00e9e : 2h Prix : \u00c0 partir de 300\u20ac (en fonction des options choisies) La surdit\u00e9 ne ressemble pas \u00e0 une seule r\u00e9alit\u00e9. Elle se vit de mille fa\u00e7ons diff\u00e9rentes : sourd de naissance ou devenu sourd, appareill\u00e9 [&hellip;]\" \/>\n<meta property=\"og:url\" content=\"https:\/\/apedaf.be\/wordpress\/formation-decouverte-de-la-surdite\/\" \/>\n<meta property=\"og:site_name\" content=\"APEDAF asbl\" \/>\n<meta property=\"article:publisher\" content=\"https:\/\/www.facebook.com\/apedaf\/\" \/>\n<meta property=\"article:modified_time\" content=\"2026-03-27T14:53:20+00:00\" \/>\n<meta property=\"og:image\" content=\"https:\/\/apedaf.be\/wordpress\/wp-content\/uploads\/2025\/01\/formation-surdite-scaled.webp\" \/>\n\t<meta property=\"og:image:width\" content=\"2560\" \/>\n\t<meta property=\"og:image:height\" content=\"1965\" \/>\n\t<meta property=\"og:image:type\" content=\"image\/webp\" \/>\n<meta name=\"twitter:card\" content=\"summary_large_image\" \/>\n<meta name=\"twitter:label1\" content=\"Dur\u00e9e de lecture estim\u00e9e\" \/>\n\t<meta name=\"twitter:data1\" content=\"2 minutes\" \/>\n<script type=\"application\/ld+json\" class=\"yoast-schema-graph\">{\"@context\":\"https:\/\/schema.org\",\"@graph\":[{\"@type\":\"WebPage\",\"@id\":\"https:\/\/apedaf.be\/wordpress\/formation-decouverte-de-la-surdite\/\",\"url\":\"https:\/\/apedaf.be\/wordpress\/formation-decouverte-de-la-surdite\/\",\"name\":\"Formation : D\u00e9couverte de la surdit\u00e9 - APEDAF asbl\",\"isPartOf\":{\"@id\":\"https:\/\/apedaf.be\/wordpress\/#website\"},\"primaryImageOfPage\":{\"@id\":\"https:\/\/apedaf.be\/wordpress\/formation-decouverte-de-la-surdite\/#primaryimage\"},\"image\":{\"@id\":\"https:\/\/apedaf.be\/wordpress\/formation-decouverte-de-la-surdite\/#primaryimage\"},\"thumbnailUrl\":\"https:\/\/apedaf.be\/wordpress\/wp-content\/uploads\/2025\/01\/formation-surdite-1024x786.webp\",\"datePublished\":\"2025-01-09T10:46:36+00:00\",\"dateModified\":\"2026-03-27T14:53:20+00:00\",\"breadcrumb\":{\"@id\":\"https:\/\/apedaf.be\/wordpress\/formation-decouverte-de-la-surdite\/#breadcrumb\"},\"inLanguage\":\"fr-FR\",\"potentialAction\":[{\"@type\":\"ReadAction\",\"target\":[\"https:\/\/apedaf.be\/wordpress\/formation-decouverte-de-la-surdite\/\"]}]},{\"@type\":\"ImageObject\",\"inLanguage\":\"fr-FR\",\"@id\":\"https:\/\/apedaf.be\/wordpress\/formation-decouverte-de-la-surdite\/#primaryimage\",\"url\":\"https:\/\/apedaf.be\/wordpress\/wp-content\/uploads\/2025\/01\/formation-surdite-scaled.webp\",\"contentUrl\":\"https:\/\/apedaf.be\/wordpress\/wp-content\/uploads\/2025\/01\/formation-surdite-scaled.webp\",\"width\":2560,\"height\":1965,\"caption\":\"formation surdite\u0301\"},{\"@type\":\"BreadcrumbList\",\"@id\":\"https:\/\/apedaf.be\/wordpress\/formation-decouverte-de-la-surdite\/#breadcrumb\",\"itemListElement\":[{\"@type\":\"ListItem\",\"position\":1,\"name\":\"Accueil\",\"item\":\"https:\/\/apedaf.be\/wordpress\/\"},{\"@type\":\"ListItem\",\"position\":2,\"name\":\"Formation : D\u00e9couverte de la surdit\u00e9\"}]},{\"@type\":\"WebSite\",\"@id\":\"https:\/\/apedaf.be\/wordpress\/#website\",\"url\":\"https:\/\/apedaf.be\/wordpress\/\",\"name\":\"L'APEDAF asbl\",\"description\":\"Pour l&#039;\u00e9panouissement des enfants sourds et malentendants\",\"publisher\":{\"@id\":\"https:\/\/apedaf.be\/wordpress\/#organization\"},\"potentialAction\":[{\"@type\":\"SearchAction\",\"target\":{\"@type\":\"EntryPoint\",\"urlTemplate\":\"https:\/\/apedaf.be\/wordpress\/?s={search_term_string}\"},\"query-input\":{\"@type\":\"PropertyValueSpecification\",\"valueRequired\":true,\"valueName\":\"search_term_string\"}}],\"inLanguage\":\"fr-FR\"},{\"@type\":\"Organization\",\"@id\":\"https:\/\/apedaf.be\/wordpress\/#organization\",\"name\":\"L'APEDAF asbl\",\"url\":\"https:\/\/apedaf.be\/wordpress\/\",\"logo\":{\"@type\":\"ImageObject\",\"inLanguage\":\"fr-FR\",\"@id\":\"https:\/\/apedaf.be\/wordpress\/#\/schema\/logo\/image\/\",\"url\":\"https:\/\/apedaf.be\/wordpress\/wp-content\/uploads\/2020\/04\/cropped-Apedaf-QUADRI-general-V-e1586436209432-2.png\",\"contentUrl\":\"https:\/\/apedaf.be\/wordpress\/wp-content\/uploads\/2020\/04\/cropped-Apedaf-QUADRI-general-V-e1586436209432-2.png\",\"width\":620,\"height\":273,\"caption\":\"L'APEDAF asbl\"},\"image\":{\"@id\":\"https:\/\/apedaf.be\/wordpress\/#\/schema\/logo\/image\/\"},\"sameAs\":[\"https:\/\/www.facebook.com\/apedaf\/\",\"https:\/\/www.instagram.com\/asblapedaf\/\"]}]}<\/script>\n<!-- \/ Yoast SEO plugin. -->","yoast_head_json":{"title":"Formation : D\u00e9couverte de la surdit\u00e9 - APEDAF asbl","robots":{"index":"index","follow":"follow","max-snippet":"max-snippet:-1","max-image-preview":"max-image-preview:large","max-video-preview":"max-video-preview:-1"},"canonical":"https:\/\/apedaf.be\/wordpress\/formation-decouverte-de-la-surdite\/","og_locale":"fr_FR","og_type":"article","og_title":"Formation : D\u00e9couverte de la surdit\u00e9 - APEDAF asbl","og_description":"Formation : D\u00e9couverte des surdit\u00e9s Public cible : Entreprises, \u00e9tudiants, familles, classes de primaires et secondaires, &#8230; Dur\u00e9e : 2h Prix : \u00c0 partir de 300\u20ac (en fonction des options choisies) La surdit\u00e9 ne ressemble pas \u00e0 une seule r\u00e9alit\u00e9. Elle se vit de mille fa\u00e7ons diff\u00e9rentes : sourd de naissance ou devenu sourd, appareill\u00e9 [&hellip;]","og_url":"https:\/\/apedaf.be\/wordpress\/formation-decouverte-de-la-surdite\/","og_site_name":"APEDAF asbl","article_publisher":"https:\/\/www.facebook.com\/apedaf\/","article_modified_time":"2026-03-27T14:53:20+00:00","og_image":[{"width":2560,"height":1965,"url":"https:\/\/apedaf.be\/wordpress\/wp-content\/uploads\/2025\/01\/formation-surdite-scaled.webp","type":"image\/webp"}],"twitter_card":"summary_large_image","twitter_misc":{"Dur\u00e9e de lecture estim\u00e9e":"2 minutes"},"schema":{"@context":"https:\/\/schema.org","@graph":[{"@type":"WebPage","@id":"https:\/\/apedaf.be\/wordpress\/formation-decouverte-de-la-surdite\/","url":"https:\/\/apedaf.be\/wordpress\/formation-decouverte-de-la-surdite\/","name":"Formation : D\u00e9couverte de la surdit\u00e9 - APEDAF asbl","isPartOf":{"@id":"https:\/\/apedaf.be\/wordpress\/#website"},"primaryImageOfPage":{"@id":"https:\/\/apedaf.be\/wordpress\/formation-decouverte-de-la-surdite\/#primaryimage"},"image":{"@id":"https:\/\/apedaf.be\/wordpress\/formation-decouverte-de-la-surdite\/#primaryimage"},"thumbnailUrl":"https:\/\/apedaf.be\/wordpress\/wp-content\/uploads\/2025\/01\/formation-surdite-1024x786.webp","datePublished":"2025-01-09T10:46:36+00:00","dateModified":"2026-03-27T14:53:20+00:00","breadcrumb":{"@id":"https:\/\/apedaf.be\/wordpress\/formation-decouverte-de-la-surdite\/#breadcrumb"},"inLanguage":"fr-FR","potentialAction":[{"@type":"ReadAction","target":["https:\/\/apedaf.be\/wordpress\/formation-decouverte-de-la-surdite\/"]}]},{"@type":"ImageObject","inLanguage":"fr-FR","@id":"https:\/\/apedaf.be\/wordpress\/formation-decouverte-de-la-surdite\/#primaryimage","url":"https:\/\/apedaf.be\/wordpress\/wp-content\/uploads\/2025\/01\/formation-surdite-scaled.webp","contentUrl":"https:\/\/apedaf.be\/wordpress\/wp-content\/uploads\/2025\/01\/formation-surdite-scaled.webp","width":2560,"height":1965,"caption":"formation surdite\u0301"},{"@type":"BreadcrumbList","@id":"https:\/\/apedaf.be\/wordpress\/formation-decouverte-de-la-surdite\/#breadcrumb","itemListElement":[{"@type":"ListItem","position":1,"name":"Accueil","item":"https:\/\/apedaf.be\/wordpress\/"},{"@type":"ListItem","position":2,"name":"Formation : D\u00e9couverte de la surdit\u00e9"}]},{"@type":"WebSite","@id":"https:\/\/apedaf.be\/wordpress\/#website","url":"https:\/\/apedaf.be\/wordpress\/","name":"L'APEDAF asbl","description":"Pour l&#039;\u00e9panouissement des enfants sourds et malentendants","publisher":{"@id":"https:\/\/apedaf.be\/wordpress\/#organization"},"potentialAction":[{"@type":"SearchAction","target":{"@type":"EntryPoint","urlTemplate":"https:\/\/apedaf.be\/wordpress\/?s={search_term_string}"},"query-input":{"@type":"PropertyValueSpecification","valueRequired":true,"valueName":"search_term_string"}}],"inLanguage":"fr-FR"},{"@type":"Organization","@id":"https:\/\/apedaf.be\/wordpress\/#organization","name":"L'APEDAF asbl","url":"https:\/\/apedaf.be\/wordpress\/","logo":{"@type":"ImageObject","inLanguage":"fr-FR","@id":"https:\/\/apedaf.be\/wordpress\/#\/schema\/logo\/image\/","url":"https:\/\/apedaf.be\/wordpress\/wp-content\/uploads\/2020\/04\/cropped-Apedaf-QUADRI-general-V-e1586436209432-2.png","contentUrl":"https:\/\/apedaf.be\/wordpress\/wp-content\/uploads\/2020\/04\/cropped-Apedaf-QUADRI-general-V-e1586436209432-2.png","width":620,"height":273,"caption":"L'APEDAF asbl"},"image":{"@id":"https:\/\/apedaf.be\/wordpress\/#\/schema\/logo\/image\/"},"sameAs":["https:\/\/www.facebook.com\/apedaf\/","https:\/\/www.instagram.com\/asblapedaf\/"]}]}},"jetpack_sharing_enabled":true,"_links":{"self":[{"href":"https:\/\/apedaf.be\/wordpress\/wp-json\/wp\/v2\/pages\/10147","targetHints":{"allow":["GET"]}}],"collection":[{"href":"https:\/\/apedaf.be\/wordpress\/wp-json\/wp\/v2\/pages"}],"about":[{"href":"https:\/\/apedaf.be\/wordpress\/wp-json\/wp\/v2\/types\/page"}],"author":[{"embeddable":true,"href":"https:\/\/apedaf.be\/wordpress\/wp-json\/wp\/v2\/users\/1"}],"replies":[{"embeddable":true,"href":"https:\/\/apedaf.be\/wordpress\/wp-json\/wp\/v2\/comments?post=10147"}],"version-history":[{"count":28,"href":"https:\/\/apedaf.be\/wordpress\/wp-json\/wp\/v2\/pages\/10147\/revisions"}],"predecessor-version":[{"id":12129,"href":"https:\/\/apedaf.be\/wordpress\/wp-json\/wp\/v2\/pages\/10147\/revisions\/12129"}],"wp:attachment":[{"href":"https:\/\/apedaf.be\/wordpress\/wp-json\/wp\/v2\/media?parent=10147"}],"curies":[{"name":"wp","href":"https:\/\/api.w.org\/{rel}","templated":true}]}}