{"id":11442,"date":"2025-06-10T08:19:31","date_gmt":"2025-06-10T08:19:31","guid":{"rendered":"https:\/\/apedaf.be\/wordpress\/?page_id=11442"},"modified":"2025-06-11T10:18:30","modified_gmt":"2025-06-11T10:18:30","slug":"pack-parent","status":"publish","type":"page","link":"https:\/\/apedaf.be\/wordpress\/pack-parent\/","title":{"rendered":"Pack Parent"},"content":{"rendered":"\t\t<div data-elementor-type=\"wp-page\" data-elementor-id=\"11442\" class=\"elementor elementor-11442\" data-elementor-post-type=\"page\">\n\t\t\t\t<div class=\"elementor-element elementor-element-ea7f0da e-flex e-con-boxed e-con e-parent\" data-id=\"ea7f0da\" data-element_type=\"container\" data-e-type=\"container\">\n\t\t\t\t\t<div class=\"e-con-inner\">\n\t\t\t\t<div class=\"elementor-element elementor-element-2c069a8 elementor-widget elementor-widget-spacer\" data-id=\"2c069a8\" data-element_type=\"widget\" data-e-type=\"widget\" data-widget_type=\"spacer.default\">\n\t\t\t\t<div class=\"elementor-widget-container\">\n\t\t\t\t\t\t\t<div class=\"elementor-spacer\">\n\t\t\t<div class=\"elementor-spacer-inner\"><\/div>\n\t\t<\/div>\n\t\t\t\t\t\t<\/div>\n\t\t\t\t<\/div>\n\t\t\t\t<div class=\"elementor-element elementor-element-793c49f elementor-widget elementor-widget-heading\" data-id=\"793c49f\" data-element_type=\"widget\" data-e-type=\"widget\" data-widget_type=\"heading.default\">\n\t\t\t\t<div class=\"elementor-widget-container\">\n\t\t\t\t\t<h2 class=\"elementor-heading-title elementor-size-default\">Pack Parent<\/h2>\t\t\t\t<\/div>\n\t\t\t\t<\/div>\n\t\t\t\t<div class=\"elementor-element elementor-element-64249ea elementor-widget elementor-widget-text-editor\" data-id=\"64249ea\" data-element_type=\"widget\" data-e-type=\"widget\" data-widget_type=\"text-editor.default\">\n\t\t\t\t<div class=\"elementor-widget-container\">\n\t\t\t\t\t\t\t\t\t<p><span data-contrast=\"auto\">L\u2019APEDAF lance son Pack parent \u00e0 destination des parents d\u2019enfants d\u00e9ficients auditifs !<\/span><\/p>\t\t\t\t\t\t\t\t<\/div>\n\t\t\t\t<\/div>\n\t\t\t\t\t<\/div>\n\t\t\t\t<\/div>\n\t\t<div class=\"elementor-element elementor-element-862258c e-flex e-con-boxed e-con e-parent\" data-id=\"862258c\" data-element_type=\"container\" data-e-type=\"container\" data-settings=\"{&quot;background_background&quot;:&quot;classic&quot;}\">\n\t\t\t\t\t<div class=\"e-con-inner\">\n\t\t<div class=\"elementor-element elementor-element-fb3dbb8 e-con-full e-flex e-con e-child\" data-id=\"fb3dbb8\" data-element_type=\"container\" data-e-type=\"container\">\n\t\t\t\t<div class=\"elementor-element elementor-element-6d11481 elementor-widget elementor-widget-heading\" data-id=\"6d11481\" data-element_type=\"widget\" data-e-type=\"widget\" data-widget_type=\"heading.default\">\n\t\t\t\t<div class=\"elementor-widget-container\">\n\t\t\t\t\t<h2 class=\"elementor-heading-title elementor-size-default\">Objectif du pack parent<\/h2>\t\t\t\t<\/div>\n\t\t\t\t<\/div>\n\t\t\t\t<div class=\"elementor-element elementor-element-8c37a57 elementor-widget elementor-widget-text-editor\" data-id=\"8c37a57\" data-element_type=\"widget\" data-e-type=\"widget\" data-widget_type=\"text-editor.default\">\n\t\t\t\t<div class=\"elementor-widget-container\">\n\t\t\t\t\t\t\t\t\t<ul><li>Informer, guider, rassurer et accompagner de nouveaux parents au moment o\u00f9 ils sont fragiles, c\u2019est-\u00e0-dire, dans les jours\/semaines qui suivent l\u2019annonce de la surdit\u00e9 de leur enfant\u00a0<\/li><li>Transmettre aux parents des informations exhaustives, neutres et pluralistes sous un contenu clair et utile\u00a0<\/li><li>Informer les parents de l\u2019existence d\u2019associations pouvant les accompagner dans la d\u00e9couverte et le processus d\u2019acceptation du handicap de leur enfant\u00a0<\/li><li>Offrir la possibilit\u00e9 aux parents de d\u00e9couvrir sereinement le monde de la surdit\u00e9\u00a0<\/li><li>Mettre en lien les parents entre eux et ainsi permettre aux nouveaux parents d\u2019avoir des \u00e9changes avec des parents plus exp\u00e9riment\u00e9s.\u00a0\u00a0<\/li><\/ul>\t\t\t\t\t\t\t\t<\/div>\n\t\t\t\t<\/div>\n\t\t\t\t<\/div>\n\t\t<div class=\"elementor-element elementor-element-6c5df82 e-con-full e-flex e-con e-child\" data-id=\"6c5df82\" data-element_type=\"container\" data-e-type=\"container\">\n\t\t\t\t<div class=\"elementor-element elementor-element-d35a443 elementor-widget elementor-widget-image\" data-id=\"d35a443\" data-element_type=\"widget\" data-e-type=\"widget\" data-widget_type=\"image.default\">\n\t\t\t\t<div class=\"elementor-widget-container\">\n\t\t\t\t\t\t\t\t\t\t\t\t\t\t\t<img fetchpriority=\"high\" decoding=\"async\" width=\"1024\" height=\"678\" src=\"https:\/\/apedaf.be\/wordpress\/wp-content\/uploads\/2025\/06\/pack-parent-contenu-1024x678.png\" class=\"attachment-large size-large wp-image-11450\" alt=\"\" srcset=\"https:\/\/apedaf.be\/wordpress\/wp-content\/uploads\/2025\/06\/pack-parent-contenu-1024x678.png 1024w, https:\/\/apedaf.be\/wordpress\/wp-content\/uploads\/2025\/06\/pack-parent-contenu-300x199.png 300w, https:\/\/apedaf.be\/wordpress\/wp-content\/uploads\/2025\/06\/pack-parent-contenu-768x508.png 768w, https:\/\/apedaf.be\/wordpress\/wp-content\/uploads\/2025\/06\/pack-parent-contenu-1536x1017.png 1536w, https:\/\/apedaf.be\/wordpress\/wp-content\/uploads\/2025\/06\/pack-parent-contenu.png 1881w\" sizes=\"(max-width: 1024px) 100vw, 1024px\" \/>\t\t\t\t\t\t\t\t\t\t\t\t\t\t\t<\/div>\n\t\t\t\t<\/div>\n\t\t\t\t<\/div>\n\t\t\t\t\t<\/div>\n\t\t\t\t<\/div>\n\t\t<div class=\"elementor-element elementor-element-ba2545b e-flex e-con-boxed e-con e-parent\" data-id=\"ba2545b\" data-element_type=\"container\" data-e-type=\"container\">\n\t\t\t\t\t<div class=\"e-con-inner\">\n\t\t\t\t<div class=\"elementor-element elementor-element-d99e1fe elementor-align-center elementor-widget elementor-widget-button\" data-id=\"d99e1fe\" data-element_type=\"widget\" data-e-type=\"widget\" data-widget_type=\"button.default\">\n\t\t\t\t<div class=\"elementor-widget-container\">\n\t\t\t\t\t\t\t\t\t<div class=\"elementor-button-wrapper\">\n\t\t\t\t\t<a class=\"elementor-button elementor-button-link elementor-size-sm\" href=\"https:\/\/apedaf.be\/wordpress\/download\/11520\/?tmstv=1749630761\">\n\t\t\t\t\t\t<span class=\"elementor-button-content-wrapper\">\n\t\t\t\t\t\t\t\t\t<span class=\"elementor-button-text\">T\u00e9l\u00e9charger le Pack Parent<\/span>\n\t\t\t\t\t<\/span>\n\t\t\t\t\t<\/a>\n\t\t\t\t<\/div>\n\t\t\t\t\t\t\t\t<\/div>\n\t\t\t\t<\/div>\n\t\t\t\t<div class=\"elementor-element elementor-element-9e14eb9 elementor-widget elementor-widget-spacer\" data-id=\"9e14eb9\" data-element_type=\"widget\" data-e-type=\"widget\" data-widget_type=\"spacer.default\">\n\t\t\t\t<div class=\"elementor-widget-container\">\n\t\t\t\t\t\t\t<div class=\"elementor-spacer\">\n\t\t\t<div class=\"elementor-spacer-inner\"><\/div>\n\t\t<\/div>\n\t\t\t\t\t\t<\/div>\n\t\t\t\t<\/div>\n\t\t\t\t\t<\/div>\n\t\t\t\t<\/div>\n\t\t<div class=\"elementor-element elementor-element-309d30b e-flex e-con-boxed e-con e-parent\" data-id=\"309d30b\" data-element_type=\"container\" data-e-type=\"container\" data-settings=\"{&quot;background_background&quot;:&quot;classic&quot;}\">\n\t\t\t\t\t<div class=\"e-con-inner\">\n\t\t\t\t<div class=\"elementor-element elementor-element-48ca54c elementor-widget elementor-widget-spacer\" data-id=\"48ca54c\" data-element_type=\"widget\" data-e-type=\"widget\" data-widget_type=\"spacer.default\">\n\t\t\t\t<div class=\"elementor-widget-container\">\n\t\t\t\t\t\t\t<div class=\"elementor-spacer\">\n\t\t\t<div class=\"elementor-spacer-inner\"><\/div>\n\t\t<\/div>\n\t\t\t\t\t\t<\/div>\n\t\t\t\t<\/div>\n\t\t\t\t<div class=\"elementor-element elementor-element-80b79fc elementor-widget elementor-widget-heading\" data-id=\"80b79fc\" data-element_type=\"widget\" data-e-type=\"widget\" data-widget_type=\"heading.default\">\n\t\t\t\t<div class=\"elementor-widget-container\">\n\t\t\t\t\t<h2 class=\"elementor-heading-title elementor-size-default\">Contenu du pack parent<\/h2>\t\t\t\t<\/div>\n\t\t\t\t<\/div>\n\t\t\t\t\t<\/div>\n\t\t\t\t<\/div>\n\t\t<div class=\"elementor-element elementor-element-39471a3 e-flex e-con-boxed e-con e-parent\" data-id=\"39471a3\" data-element_type=\"container\" data-e-type=\"container\" data-settings=\"{&quot;background_background&quot;:&quot;classic&quot;}\">\n\t\t\t\t\t<div class=\"e-con-inner\">\n\t\t<div class=\"elementor-element elementor-element-c864068 e-con-full e-flex e-con e-child\" data-id=\"c864068\" data-element_type=\"container\" data-e-type=\"container\">\n\t\t\t\t<div class=\"elementor-element elementor-element-a6668ca elementor-widget elementor-widget-image\" data-id=\"a6668ca\" data-element_type=\"widget\" data-e-type=\"widget\" data-widget_type=\"image.default\">\n\t\t\t\t<div class=\"elementor-widget-container\">\n\t\t\t\t\t\t\t\t\t\t\t\t\t\t\t<img decoding=\"async\" width=\"1024\" height=\"768\" src=\"https:\/\/apedaf.be\/wordpress\/wp-content\/uploads\/2025\/06\/contenu-pack-2025-1024x768.jpg\" class=\"attachment-large size-large wp-image-11495\" alt=\"pack parent contenu 2\" srcset=\"https:\/\/apedaf.be\/wordpress\/wp-content\/uploads\/2025\/06\/contenu-pack-2025-1024x768.jpg 1024w, https:\/\/apedaf.be\/wordpress\/wp-content\/uploads\/2025\/06\/contenu-pack-2025-300x225.jpg 300w, https:\/\/apedaf.be\/wordpress\/wp-content\/uploads\/2025\/06\/contenu-pack-2025-768x576.jpg 768w, https:\/\/apedaf.be\/wordpress\/wp-content\/uploads\/2025\/06\/contenu-pack-2025-1536x1152.jpg 1536w, https:\/\/apedaf.be\/wordpress\/wp-content\/uploads\/2025\/06\/contenu-pack-2025-2048x1536.jpg 2048w\" sizes=\"(max-width: 1024px) 100vw, 1024px\" \/>\t\t\t\t\t\t\t\t\t\t\t\t\t\t\t<\/div>\n\t\t\t\t<\/div>\n\t\t\t\t<\/div>\n\t\t<div class=\"elementor-element elementor-element-eef1d23 e-con-full e-flex e-con e-child\" data-id=\"eef1d23\" data-element_type=\"container\" data-e-type=\"container\">\n\t\t<div class=\"elementor-element elementor-element-8c8f875 e-con-full e-flex e-con e-child\" data-id=\"8c8f875\" data-element_type=\"container\" data-e-type=\"container\">\n\t\t\t\t<div class=\"elementor-element elementor-element-96feb37 elementor-widget elementor-widget-text-editor\" data-id=\"96feb37\" data-element_type=\"widget\" data-e-type=\"widget\" data-widget_type=\"text-editor.default\">\n\t\t\t\t<div class=\"elementor-widget-container\">\n\t\t\t\t\t\t\t\t\t<p>Notre Pack parent contient les flyers des associations du monde de la surdit\u00e9 et plusieurs outils \u00e9labor\u00e9s \u00e0 destination des parents et des proches de l\u2019enfant.\u00a0<\/p><p>Ces outils ont pour but de guider les parents lors du processus de diagnostic et de l\u2019annonce de la surdit\u00e9, mais aussi dans leur parentalit\u00e9, leur communication, et tout au long de leur parcours de vie.\u00a0<\/p><p>Le Pack offre \u00e9galement :\u00a0<\/p><ul><li>Un jeu des \u00e9motions APEDAF \u00e0 d\u00e9couper\u00a0<\/li><li>Un ours en peluche \u00e0 appareiller\/implanter ou non<\/li><li>Des QR codes pour les listes actualis\u00e9es de professionnels et de structures sensibilis\u00e9s \u00e0 la surdit\u00e9\u00a0<\/li><\/ul>\t\t\t\t\t\t\t\t<\/div>\n\t\t\t\t<\/div>\n\t\t\t\t<\/div>\n\t\t\t\t<\/div>\n\t\t\t\t\t<\/div>\n\t\t\t\t<\/div>\n\t\t<div class=\"elementor-element elementor-element-d5c9eb1 e-flex e-con-boxed e-con e-parent\" data-id=\"d5c9eb1\" data-element_type=\"container\" data-e-type=\"container\">\n\t\t\t\t\t<div class=\"e-con-inner\">\n\t\t\t\t<div class=\"elementor-element elementor-element-63f5192 elementor-widget elementor-widget-spacer\" data-id=\"63f5192\" data-element_type=\"widget\" data-e-type=\"widget\" data-widget_type=\"spacer.default\">\n\t\t\t\t<div class=\"elementor-widget-container\">\n\t\t\t\t\t\t\t<div class=\"elementor-spacer\">\n\t\t\t<div class=\"elementor-spacer-inner\"><\/div>\n\t\t<\/div>\n\t\t\t\t\t\t<\/div>\n\t\t\t\t<\/div>\n\t\t\t\t<div class=\"elementor-element elementor-element-cf43a7c elementor-widget elementor-widget-heading\" data-id=\"cf43a7c\" data-element_type=\"widget\" data-e-type=\"widget\" data-widget_type=\"heading.default\">\n\t\t\t\t<div class=\"elementor-widget-container\">\n\t\t\t\t\t<h2 class=\"elementor-heading-title elementor-size-default\">Int\u00e9ress\u00e9(e) par le pack parent en version physique ? Contactez-nous <\/h2>\t\t\t\t<\/div>\n\t\t\t\t<\/div>\n\t\t\t\t<div class=\"elementor-element elementor-element-0faf7b5 elementor-align-center elementor-widget elementor-widget-button\" data-id=\"0faf7b5\" data-element_type=\"widget\" data-e-type=\"widget\" data-widget_type=\"button.default\">\n\t\t\t\t<div class=\"elementor-widget-container\">\n\t\t\t\t\t\t\t\t\t<div class=\"elementor-button-wrapper\">\n\t\t\t\t\t<a class=\"elementor-button elementor-button-link elementor-size-sm\" href=\"mailto:info@apedaf.be\">\n\t\t\t\t\t\t<span class=\"elementor-button-content-wrapper\">\n\t\t\t\t\t\t\t\t\t<span class=\"elementor-button-text\">Nous contacter<\/span>\n\t\t\t\t\t<\/span>\n\t\t\t\t\t<\/a>\n\t\t\t\t<\/div>\n\t\t\t\t\t\t\t\t<\/div>\n\t\t\t\t<\/div>\n\t\t\t\t<div class=\"elementor-element elementor-element-e630369 elementor-widget elementor-widget-spacer\" data-id=\"e630369\" data-element_type=\"widget\" data-e-type=\"widget\" data-widget_type=\"spacer.default\">\n\t\t\t\t<div class=\"elementor-widget-container\">\n\t\t\t\t\t\t\t<div class=\"elementor-spacer\">\n\t\t\t<div class=\"elementor-spacer-inner\"><\/div>\n\t\t<\/div>\n\t\t\t\t\t\t<\/div>\n\t\t\t\t<\/div>\n\t\t\t\t\t<\/div>\n\t\t\t\t<\/div>\n\t\t\t\t<\/div>\n\t\t","protected":false},"excerpt":{"rendered":"<p>Pack Parent L\u2019APEDAF lance son Pack parent \u00e0 destination des parents d\u2019enfants d\u00e9ficients auditifs ! Objectif du pack parent Informer, guider, rassurer et accompagner de nouveaux parents au moment o\u00f9 ils sont fragiles, c\u2019est-\u00e0-dire, dans les jours\/semaines qui suivent l\u2019annonce de la surdit\u00e9 de leur enfant\u00a0 Transmettre aux parents des informations exhaustives, neutres et pluralistes [&hellip;]<\/p>\n","protected":false},"author":1,"featured_media":0,"parent":0,"menu_order":0,"comment_status":"closed","ping_status":"closed","template":"","meta":{"footnotes":""},"class_list":["post-11442","page","type-page","status-publish","hentry","entry"],"yoast_head":"<!-- This site is optimized with the Yoast SEO plugin v27.2 - https:\/\/yoast.com\/product\/yoast-seo-wordpress\/ -->\n<title>Pack Parent - APEDAF asbl<\/title>\n<meta name=\"robots\" content=\"index, follow, max-snippet:-1, max-image-preview:large, max-video-preview:-1\" \/>\n<link rel=\"canonical\" href=\"https:\/\/apedaf.be\/wordpress\/pack-parent\/\" \/>\n<meta property=\"og:locale\" content=\"fr_FR\" \/>\n<meta property=\"og:type\" content=\"article\" \/>\n<meta property=\"og:title\" content=\"Pack Parent - APEDAF asbl\" \/>\n<meta property=\"og:description\" content=\"Pack Parent L\u2019APEDAF lance son Pack parent \u00e0 destination des parents d\u2019enfants d\u00e9ficients auditifs ! Objectif du pack parent Informer, guider, rassurer et accompagner de nouveaux parents au moment o\u00f9 ils sont fragiles, c\u2019est-\u00e0-dire, dans les jours\/semaines qui suivent l\u2019annonce de la surdit\u00e9 de leur enfant\u00a0 Transmettre aux parents des informations exhaustives, neutres et pluralistes [&hellip;]\" \/>\n<meta property=\"og:url\" content=\"https:\/\/apedaf.be\/wordpress\/pack-parent\/\" \/>\n<meta property=\"og:site_name\" content=\"APEDAF asbl\" \/>\n<meta property=\"article:publisher\" content=\"https:\/\/www.facebook.com\/apedaf\/\" \/>\n<meta property=\"article:modified_time\" content=\"2025-06-11T10:18:30+00:00\" \/>\n<meta property=\"og:image\" content=\"https:\/\/apedaf.be\/wordpress\/wp-content\/uploads\/2025\/06\/pack-parent-contenu-1024x678.png\" \/>\n\t<meta property=\"og:image:width\" content=\"1024\" \/>\n\t<meta property=\"og:image:height\" content=\"678\" \/>\n\t<meta property=\"og:image:type\" content=\"image\/png\" \/>\n<meta name=\"twitter:card\" content=\"summary_large_image\" \/>\n<meta name=\"twitter:label1\" content=\"Dur\u00e9e de lecture estim\u00e9e\" \/>\n\t<meta name=\"twitter:data1\" content=\"2 minutes\" \/>\n<script type=\"application\/ld+json\" class=\"yoast-schema-graph\">{\"@context\":\"https:\/\/schema.org\",\"@graph\":[{\"@type\":\"WebPage\",\"@id\":\"https:\/\/apedaf.be\/wordpress\/pack-parent\/\",\"url\":\"https:\/\/apedaf.be\/wordpress\/pack-parent\/\",\"name\":\"Pack Parent - APEDAF asbl\",\"isPartOf\":{\"@id\":\"https:\/\/apedaf.be\/wordpress\/#website\"},\"primaryImageOfPage\":{\"@id\":\"https:\/\/apedaf.be\/wordpress\/pack-parent\/#primaryimage\"},\"image\":{\"@id\":\"https:\/\/apedaf.be\/wordpress\/pack-parent\/#primaryimage\"},\"thumbnailUrl\":\"https:\/\/apedaf.be\/wordpress\/wp-content\/uploads\/2025\/06\/pack-parent-contenu-1024x678.png\",\"datePublished\":\"2025-06-10T08:19:31+00:00\",\"dateModified\":\"2025-06-11T10:18:30+00:00\",\"breadcrumb\":{\"@id\":\"https:\/\/apedaf.be\/wordpress\/pack-parent\/#breadcrumb\"},\"inLanguage\":\"fr-FR\",\"potentialAction\":[{\"@type\":\"ReadAction\",\"target\":[\"https:\/\/apedaf.be\/wordpress\/pack-parent\/\"]}]},{\"@type\":\"ImageObject\",\"inLanguage\":\"fr-FR\",\"@id\":\"https:\/\/apedaf.be\/wordpress\/pack-parent\/#primaryimage\",\"url\":\"https:\/\/apedaf.be\/wordpress\/wp-content\/uploads\/2025\/06\/pack-parent-contenu.png\",\"contentUrl\":\"https:\/\/apedaf.be\/wordpress\/wp-content\/uploads\/2025\/06\/pack-parent-contenu.png\",\"width\":1881,\"height\":1245},{\"@type\":\"BreadcrumbList\",\"@id\":\"https:\/\/apedaf.be\/wordpress\/pack-parent\/#breadcrumb\",\"itemListElement\":[{\"@type\":\"ListItem\",\"position\":1,\"name\":\"Accueil\",\"item\":\"https:\/\/apedaf.be\/wordpress\/\"},{\"@type\":\"ListItem\",\"position\":2,\"name\":\"Pack Parent\"}]},{\"@type\":\"WebSite\",\"@id\":\"https:\/\/apedaf.be\/wordpress\/#website\",\"url\":\"https:\/\/apedaf.be\/wordpress\/\",\"name\":\"L'APEDAF asbl\",\"description\":\"Pour l&#039;\u00e9panouissement des enfants sourds et malentendants\",\"publisher\":{\"@id\":\"https:\/\/apedaf.be\/wordpress\/#organization\"},\"potentialAction\":[{\"@type\":\"SearchAction\",\"target\":{\"@type\":\"EntryPoint\",\"urlTemplate\":\"https:\/\/apedaf.be\/wordpress\/?s={search_term_string}\"},\"query-input\":{\"@type\":\"PropertyValueSpecification\",\"valueRequired\":true,\"valueName\":\"search_term_string\"}}],\"inLanguage\":\"fr-FR\"},{\"@type\":\"Organization\",\"@id\":\"https:\/\/apedaf.be\/wordpress\/#organization\",\"name\":\"L'APEDAF asbl\",\"url\":\"https:\/\/apedaf.be\/wordpress\/\",\"logo\":{\"@type\":\"ImageObject\",\"inLanguage\":\"fr-FR\",\"@id\":\"https:\/\/apedaf.be\/wordpress\/#\/schema\/logo\/image\/\",\"url\":\"https:\/\/apedaf.be\/wordpress\/wp-content\/uploads\/2020\/04\/cropped-Apedaf-QUADRI-general-V-e1586436209432-2.png\",\"contentUrl\":\"https:\/\/apedaf.be\/wordpress\/wp-content\/uploads\/2020\/04\/cropped-Apedaf-QUADRI-general-V-e1586436209432-2.png\",\"width\":620,\"height\":273,\"caption\":\"L'APEDAF asbl\"},\"image\":{\"@id\":\"https:\/\/apedaf.be\/wordpress\/#\/schema\/logo\/image\/\"},\"sameAs\":[\"https:\/\/www.facebook.com\/apedaf\/\",\"https:\/\/www.instagram.com\/asblapedaf\/\"]}]}<\/script>\n<!-- \/ Yoast SEO plugin. -->","yoast_head_json":{"title":"Pack Parent - APEDAF asbl","robots":{"index":"index","follow":"follow","max-snippet":"max-snippet:-1","max-image-preview":"max-image-preview:large","max-video-preview":"max-video-preview:-1"},"canonical":"https:\/\/apedaf.be\/wordpress\/pack-parent\/","og_locale":"fr_FR","og_type":"article","og_title":"Pack Parent - APEDAF asbl","og_description":"Pack Parent L\u2019APEDAF lance son Pack parent \u00e0 destination des parents d\u2019enfants d\u00e9ficients auditifs ! Objectif du pack parent Informer, guider, rassurer et accompagner de nouveaux parents au moment o\u00f9 ils sont fragiles, c\u2019est-\u00e0-dire, dans les jours\/semaines qui suivent l\u2019annonce de la surdit\u00e9 de leur enfant\u00a0 Transmettre aux parents des informations exhaustives, neutres et pluralistes [&hellip;]","og_url":"https:\/\/apedaf.be\/wordpress\/pack-parent\/","og_site_name":"APEDAF asbl","article_publisher":"https:\/\/www.facebook.com\/apedaf\/","article_modified_time":"2025-06-11T10:18:30+00:00","og_image":[{"width":1024,"height":678,"url":"https:\/\/apedaf.be\/wordpress\/wp-content\/uploads\/2025\/06\/pack-parent-contenu-1024x678.png","type":"image\/png"}],"twitter_card":"summary_large_image","twitter_misc":{"Dur\u00e9e de lecture estim\u00e9e":"2 minutes"},"schema":{"@context":"https:\/\/schema.org","@graph":[{"@type":"WebPage","@id":"https:\/\/apedaf.be\/wordpress\/pack-parent\/","url":"https:\/\/apedaf.be\/wordpress\/pack-parent\/","name":"Pack Parent - APEDAF asbl","isPartOf":{"@id":"https:\/\/apedaf.be\/wordpress\/#website"},"primaryImageOfPage":{"@id":"https:\/\/apedaf.be\/wordpress\/pack-parent\/#primaryimage"},"image":{"@id":"https:\/\/apedaf.be\/wordpress\/pack-parent\/#primaryimage"},"thumbnailUrl":"https:\/\/apedaf.be\/wordpress\/wp-content\/uploads\/2025\/06\/pack-parent-contenu-1024x678.png","datePublished":"2025-06-10T08:19:31+00:00","dateModified":"2025-06-11T10:18:30+00:00","breadcrumb":{"@id":"https:\/\/apedaf.be\/wordpress\/pack-parent\/#breadcrumb"},"inLanguage":"fr-FR","potentialAction":[{"@type":"ReadAction","target":["https:\/\/apedaf.be\/wordpress\/pack-parent\/"]}]},{"@type":"ImageObject","inLanguage":"fr-FR","@id":"https:\/\/apedaf.be\/wordpress\/pack-parent\/#primaryimage","url":"https:\/\/apedaf.be\/wordpress\/wp-content\/uploads\/2025\/06\/pack-parent-contenu.png","contentUrl":"https:\/\/apedaf.be\/wordpress\/wp-content\/uploads\/2025\/06\/pack-parent-contenu.png","width":1881,"height":1245},{"@type":"BreadcrumbList","@id":"https:\/\/apedaf.be\/wordpress\/pack-parent\/#breadcrumb","itemListElement":[{"@type":"ListItem","position":1,"name":"Accueil","item":"https:\/\/apedaf.be\/wordpress\/"},{"@type":"ListItem","position":2,"name":"Pack Parent"}]},{"@type":"WebSite","@id":"https:\/\/apedaf.be\/wordpress\/#website","url":"https:\/\/apedaf.be\/wordpress\/","name":"L'APEDAF asbl","description":"Pour l&#039;\u00e9panouissement des enfants sourds et malentendants","publisher":{"@id":"https:\/\/apedaf.be\/wordpress\/#organization"},"potentialAction":[{"@type":"SearchAction","target":{"@type":"EntryPoint","urlTemplate":"https:\/\/apedaf.be\/wordpress\/?s={search_term_string}"},"query-input":{"@type":"PropertyValueSpecification","valueRequired":true,"valueName":"search_term_string"}}],"inLanguage":"fr-FR"},{"@type":"Organization","@id":"https:\/\/apedaf.be\/wordpress\/#organization","name":"L'APEDAF asbl","url":"https:\/\/apedaf.be\/wordpress\/","logo":{"@type":"ImageObject","inLanguage":"fr-FR","@id":"https:\/\/apedaf.be\/wordpress\/#\/schema\/logo\/image\/","url":"https:\/\/apedaf.be\/wordpress\/wp-content\/uploads\/2020\/04\/cropped-Apedaf-QUADRI-general-V-e1586436209432-2.png","contentUrl":"https:\/\/apedaf.be\/wordpress\/wp-content\/uploads\/2020\/04\/cropped-Apedaf-QUADRI-general-V-e1586436209432-2.png","width":620,"height":273,"caption":"L'APEDAF asbl"},"image":{"@id":"https:\/\/apedaf.be\/wordpress\/#\/schema\/logo\/image\/"},"sameAs":["https:\/\/www.facebook.com\/apedaf\/","https:\/\/www.instagram.com\/asblapedaf\/"]}]}},"jetpack_sharing_enabled":true,"_links":{"self":[{"href":"https:\/\/apedaf.be\/wordpress\/wp-json\/wp\/v2\/pages\/11442","targetHints":{"allow":["GET"]}}],"collection":[{"href":"https:\/\/apedaf.be\/wordpress\/wp-json\/wp\/v2\/pages"}],"about":[{"href":"https:\/\/apedaf.be\/wordpress\/wp-json\/wp\/v2\/types\/page"}],"author":[{"embeddable":true,"href":"https:\/\/apedaf.be\/wordpress\/wp-json\/wp\/v2\/users\/1"}],"replies":[{"embeddable":true,"href":"https:\/\/apedaf.be\/wordpress\/wp-json\/wp\/v2\/comments?post=11442"}],"version-history":[{"count":70,"href":"https:\/\/apedaf.be\/wordpress\/wp-json\/wp\/v2\/pages\/11442\/revisions"}],"predecessor-version":[{"id":11562,"href":"https:\/\/apedaf.be\/wordpress\/wp-json\/wp\/v2\/pages\/11442\/revisions\/11562"}],"wp:attachment":[{"href":"https:\/\/apedaf.be\/wordpress\/wp-json\/wp\/v2\/media?parent=11442"}],"curies":[{"name":"wp","href":"https:\/\/api.w.org\/{rel}","templated":true}]}}