{"id":16,"date":"2015-08-05T11:26:43","date_gmt":"2015-08-05T11:26:43","guid":{"rendered":"https:\/\/apedaf.be\/wordpress\/?page_id=16"},"modified":"2026-03-24T13:28:50","modified_gmt":"2026-03-24T13:28:50","slug":"rapports-dactivites","status":"publish","type":"page","link":"https:\/\/apedaf.be\/wordpress\/rapports-dactivites\/","title":{"rendered":"Rapports d&rsquo;activit\u00e9s"},"content":{"rendered":"\t\t<div data-elementor-type=\"wp-page\" data-elementor-id=\"16\" class=\"elementor elementor-16\" data-elementor-post-type=\"page\">\n\t\t\t\t\t\t<section class=\"elementor-section elementor-top-section elementor-element elementor-element-1540033 elementor-section-boxed elementor-section-height-default elementor-section-height-default\" data-id=\"1540033\" data-element_type=\"section\" data-e-type=\"section\">\n\t\t\t\t\t\t<div class=\"elementor-container elementor-column-gap-default\">\n\t\t\t\t\t<div class=\"elementor-column elementor-col-100 elementor-top-column elementor-element elementor-element-5e6c780\" data-id=\"5e6c780\" data-element_type=\"column\" data-e-type=\"column\">\n\t\t\t<div class=\"elementor-widget-wrap elementor-element-populated\">\n\t\t\t\t\t\t<div class=\"elementor-element elementor-element-877c480 elementor-widget elementor-widget-spacer\" data-id=\"877c480\" data-element_type=\"widget\" data-e-type=\"widget\" data-widget_type=\"spacer.default\">\n\t\t\t\t<div class=\"elementor-widget-container\">\n\t\t\t\t\t\t\t<div class=\"elementor-spacer\">\n\t\t\t<div class=\"elementor-spacer-inner\"><\/div>\n\t\t<\/div>\n\t\t\t\t\t\t<\/div>\n\t\t\t\t<\/div>\n\t\t\t\t<div class=\"elementor-element elementor-element-d44b5d3 elementor-widget elementor-widget-heading\" data-id=\"d44b5d3\" data-element_type=\"widget\" data-e-type=\"widget\" data-widget_type=\"heading.default\">\n\t\t\t\t<div class=\"elementor-widget-container\">\n\t\t\t\t\t<h2 class=\"elementor-heading-title elementor-size-default\">Nos rapports d'activit\u00e9s<\/h2>\t\t\t\t<\/div>\n\t\t\t\t<\/div>\n\t\t\t\t\t<\/div>\n\t\t<\/div>\n\t\t\t\t\t<\/div>\n\t\t<\/section>\n\t\t\t\t<section class=\"elementor-section elementor-top-section elementor-element elementor-element-6209e511 elementor-section-boxed elementor-section-height-default elementor-section-height-default\" data-id=\"6209e511\" data-element_type=\"section\" data-e-type=\"section\">\n\t\t\t\t\t\t<div class=\"elementor-container elementor-column-gap-default\">\n\t\t\t\t\t<div class=\"elementor-column elementor-col-100 elementor-top-column elementor-element elementor-element-5a52d396\" data-id=\"5a52d396\" data-element_type=\"column\" data-e-type=\"column\">\n\t\t\t<div class=\"elementor-widget-wrap elementor-element-populated\">\n\t\t\t\t\t\t<div class=\"elementor-element elementor-element-4b5002d3 elementor-widget elementor-widget-text-editor\" data-id=\"4b5002d3\" data-element_type=\"widget\" data-e-type=\"widget\" data-widget_type=\"text-editor.default\">\n\t\t\t\t<div class=\"elementor-widget-container\">\n\t\t\t\t\t\t\t\t\t<h1><span style=\"color: #6c757d; font-family: Oxygen, sans-serif; font-size: 16px;\">Vous d\u00e9sirez vous renseigner sur les activit\u00e9s pass\u00e9es, pr\u00e9sentes et futures de l&rsquo;APEDAF ? Alors, n&rsquo;h\u00e9sitez pas \u00e0 t\u00e9l\u00e9charger nos rapports d&rsquo;activit\u00e9s !<\/span><\/h1>\n<ul>\n<li><a href=\"https:\/\/apedaf.be\/wordpress\/download\/8457\/?tmstv=1686129484\">Rapport d&rsquo;activit\u00e9s 2010<\/a><\/li>\n<li><a href=\"https:\/\/apedaf.be\/wordpress\/download\/8460\/?tmstv=1686129484\">Rapport d&rsquo;activit\u00e9s 2011<\/a><\/li>\n<li><a href=\"https:\/\/apedaf.be\/wordpress\/download\/8463\/?tmstv=1686129484\">Rapport d&rsquo;activit\u00e9s 2012<\/a><\/li>\n<li><a href=\"https:\/\/apedaf.be\/wordpress\/download\/8466\/?tmstv=1686129484\">Rapport d&rsquo;activit\u00e9s 2013<\/a><\/li>\n<li><a href=\"https:\/\/apedaf.be\/wordpress\/download\/8469\/?tmstv=1686129484\">Rapport d&rsquo;activit\u00e9s 2014<\/a><\/li>\n<li><a href=\"https:\/\/apedaf.be\/wordpress\/download\/8472\/?tmstv=1686129484\">Rapport d&rsquo;activit\u00e9s 2015<\/a><\/li>\n<li><a href=\"https:\/\/apedaf.be\/wordpress\/download\/8475\/?tmstv=1686129484\">Rapport d&rsquo;activit\u00e9s 2016<\/a><\/li>\n<li><a href=\"https:\/\/apedaf.be\/wordpress\/download\/8478\/?tmstv=1686129484\">Rapport d&rsquo;activit\u00e9s 2017<\/a><\/li>\n<li><a href=\"https:\/\/apedaf.be\/wordpress\/download\/8481\/?tmstv=1686129484\">Rapport d&rsquo;activit\u00e9s 2018<\/a><\/li>\n<li><a href=\"https:\/\/apedaf.be\/wordpress\/download\/8484\/?tmstv=1686129484\">Rapport d&rsquo;activit\u00e9s 2019<\/a><\/li>\n<li><a href=\"https:\/\/apedaf.be\/wordpress\/download\/8487\/?tmstv=1686129736\">Rapport d&rsquo;activit\u00e9s 2020<\/a><\/li>\n<li><a href=\"https:\/\/apedaf.be\/wordpress\/download\/8490\/?tmstv=1686129766\">Rapport d&rsquo;activit\u00e9s 2021<\/a><\/li>\n<li><a href=\"https:\/\/apedaf.be\/wordpress\/download\/8561\/?tmstv=1689758586\">Rapport d&rsquo;activit\u00e9s 2022<\/a><\/li>\n<li><a href=\"https:\/\/apedaf.be\/wordpress\/download\/9288\/?tmstv=1711700438\">Rapport d&rsquo;activit\u00e9s 2023<\/a><\/li>\n<li><a href=\"https:\/\/apedaf.be\/wordpress\/download\/11175\/?tmstv=1747226886\">Rapport d&rsquo;activit\u00e9s 2024<\/a><\/li>\n<li><a href=\"https:\/\/apedaf.be\/wordpress\/download\/12090\/?tmstv=1774358870\">Rapport d&rsquo;activit\u00e9s 2025<\/a><\/li>\n<\/ul>\n<p><\/p>\n<p><\/p>\t\t\t\t\t\t\t\t<\/div>\n\t\t\t\t<\/div>\n\t\t\t\t\t<\/div>\n\t\t<\/div>\n\t\t\t\t\t<\/div>\n\t\t<\/section>\n\t\t\t\t<\/div>\n\t\t","protected":false},"excerpt":{"rendered":"<p>Nos rapports d&rsquo;activit\u00e9s Vous d\u00e9sirez vous renseigner sur les activit\u00e9s pass\u00e9es, pr\u00e9sentes et futures de l&rsquo;APEDAF ? Alors, n&rsquo;h\u00e9sitez pas \u00e0 t\u00e9l\u00e9charger nos rapports d&rsquo;activit\u00e9s ! Rapport d&rsquo;activit\u00e9s 2010 Rapport d&rsquo;activit\u00e9s 2011 Rapport d&rsquo;activit\u00e9s 2012 Rapport d&rsquo;activit\u00e9s 2013 Rapport d&rsquo;activit\u00e9s 2014 Rapport d&rsquo;activit\u00e9s 2015 Rapport d&rsquo;activit\u00e9s 2016 Rapport d&rsquo;activit\u00e9s 2017 Rapport d&rsquo;activit\u00e9s 2018 Rapport d&rsquo;activit\u00e9s [&hellip;]<\/p>\n","protected":false},"author":1,"featured_media":0,"parent":0,"menu_order":0,"comment_status":"closed","ping_status":"closed","template":"","meta":{"footnotes":""},"class_list":["post-16","page","type-page","status-publish","hentry","entry"],"yoast_head":"<!-- This site is optimized with the Yoast SEO plugin v27.2 - https:\/\/yoast.com\/product\/yoast-seo-wordpress\/ -->\n<title>Rapports d&#039;activit\u00e9s - APEDAF asbl<\/title>\n<meta name=\"robots\" content=\"index, follow, max-snippet:-1, max-image-preview:large, max-video-preview:-1\" \/>\n<link rel=\"canonical\" href=\"https:\/\/apedaf.be\/wordpress\/rapports-dactivites\/\" \/>\n<meta property=\"og:locale\" content=\"fr_FR\" \/>\n<meta property=\"og:type\" content=\"article\" \/>\n<meta property=\"og:title\" content=\"Rapports d&#039;activit\u00e9s - APEDAF asbl\" \/>\n<meta property=\"og:description\" content=\"Nos rapports d&rsquo;activit\u00e9s Vous d\u00e9sirez vous renseigner sur les activit\u00e9s pass\u00e9es, pr\u00e9sentes et futures de l&rsquo;APEDAF ? Alors, n&rsquo;h\u00e9sitez pas \u00e0 t\u00e9l\u00e9charger nos rapports d&rsquo;activit\u00e9s ! Rapport d&rsquo;activit\u00e9s 2010 Rapport d&rsquo;activit\u00e9s 2011 Rapport d&rsquo;activit\u00e9s 2012 Rapport d&rsquo;activit\u00e9s 2013 Rapport d&rsquo;activit\u00e9s 2014 Rapport d&rsquo;activit\u00e9s 2015 Rapport d&rsquo;activit\u00e9s 2016 Rapport d&rsquo;activit\u00e9s 2017 Rapport d&rsquo;activit\u00e9s 2018 Rapport d&rsquo;activit\u00e9s [&hellip;]\" \/>\n<meta property=\"og:url\" content=\"https:\/\/apedaf.be\/wordpress\/rapports-dactivites\/\" \/>\n<meta property=\"og:site_name\" content=\"APEDAF asbl\" \/>\n<meta property=\"article:publisher\" content=\"https:\/\/www.facebook.com\/apedaf\/\" \/>\n<meta property=\"article:modified_time\" content=\"2026-03-24T13:28:50+00:00\" \/>\n<meta name=\"twitter:card\" content=\"summary_large_image\" \/>\n<meta name=\"twitter:label1\" content=\"Dur\u00e9e de lecture estim\u00e9e\" \/>\n\t<meta name=\"twitter:data1\" content=\"1 minute\" \/>\n<script type=\"application\/ld+json\" class=\"yoast-schema-graph\">{\"@context\":\"https:\/\/schema.org\",\"@graph\":[{\"@type\":\"WebPage\",\"@id\":\"https:\/\/apedaf.be\/wordpress\/rapports-dactivites\/\",\"url\":\"https:\/\/apedaf.be\/wordpress\/rapports-dactivites\/\",\"name\":\"Rapports d'activit\u00e9s - APEDAF asbl\",\"isPartOf\":{\"@id\":\"https:\/\/apedaf.be\/wordpress\/#website\"},\"datePublished\":\"2015-08-05T11:26:43+00:00\",\"dateModified\":\"2026-03-24T13:28:50+00:00\",\"breadcrumb\":{\"@id\":\"https:\/\/apedaf.be\/wordpress\/rapports-dactivites\/#breadcrumb\"},\"inLanguage\":\"fr-FR\",\"potentialAction\":[{\"@type\":\"ReadAction\",\"target\":[\"https:\/\/apedaf.be\/wordpress\/rapports-dactivites\/\"]}]},{\"@type\":\"BreadcrumbList\",\"@id\":\"https:\/\/apedaf.be\/wordpress\/rapports-dactivites\/#breadcrumb\",\"itemListElement\":[{\"@type\":\"ListItem\",\"position\":1,\"name\":\"Accueil\",\"item\":\"https:\/\/apedaf.be\/wordpress\/\"},{\"@type\":\"ListItem\",\"position\":2,\"name\":\"Rapports d&rsquo;activit\u00e9s\"}]},{\"@type\":\"WebSite\",\"@id\":\"https:\/\/apedaf.be\/wordpress\/#website\",\"url\":\"https:\/\/apedaf.be\/wordpress\/\",\"name\":\"L'APEDAF asbl\",\"description\":\"Pour l&#039;\u00e9panouissement des enfants sourds et malentendants\",\"publisher\":{\"@id\":\"https:\/\/apedaf.be\/wordpress\/#organization\"},\"potentialAction\":[{\"@type\":\"SearchAction\",\"target\":{\"@type\":\"EntryPoint\",\"urlTemplate\":\"https:\/\/apedaf.be\/wordpress\/?s={search_term_string}\"},\"query-input\":{\"@type\":\"PropertyValueSpecification\",\"valueRequired\":true,\"valueName\":\"search_term_string\"}}],\"inLanguage\":\"fr-FR\"},{\"@type\":\"Organization\",\"@id\":\"https:\/\/apedaf.be\/wordpress\/#organization\",\"name\":\"L'APEDAF asbl\",\"url\":\"https:\/\/apedaf.be\/wordpress\/\",\"logo\":{\"@type\":\"ImageObject\",\"inLanguage\":\"fr-FR\",\"@id\":\"https:\/\/apedaf.be\/wordpress\/#\/schema\/logo\/image\/\",\"url\":\"https:\/\/apedaf.be\/wordpress\/wp-content\/uploads\/2020\/04\/cropped-Apedaf-QUADRI-general-V-e1586436209432-2.png\",\"contentUrl\":\"https:\/\/apedaf.be\/wordpress\/wp-content\/uploads\/2020\/04\/cropped-Apedaf-QUADRI-general-V-e1586436209432-2.png\",\"width\":620,\"height\":273,\"caption\":\"L'APEDAF asbl\"},\"image\":{\"@id\":\"https:\/\/apedaf.be\/wordpress\/#\/schema\/logo\/image\/\"},\"sameAs\":[\"https:\/\/www.facebook.com\/apedaf\/\",\"https:\/\/www.instagram.com\/asblapedaf\/\"]}]}<\/script>\n<!-- \/ Yoast SEO plugin. -->","yoast_head_json":{"title":"Rapports d'activit\u00e9s - APEDAF asbl","robots":{"index":"index","follow":"follow","max-snippet":"max-snippet:-1","max-image-preview":"max-image-preview:large","max-video-preview":"max-video-preview:-1"},"canonical":"https:\/\/apedaf.be\/wordpress\/rapports-dactivites\/","og_locale":"fr_FR","og_type":"article","og_title":"Rapports d'activit\u00e9s - APEDAF asbl","og_description":"Nos rapports d&rsquo;activit\u00e9s Vous d\u00e9sirez vous renseigner sur les activit\u00e9s pass\u00e9es, pr\u00e9sentes et futures de l&rsquo;APEDAF ? Alors, n&rsquo;h\u00e9sitez pas \u00e0 t\u00e9l\u00e9charger nos rapports d&rsquo;activit\u00e9s ! Rapport d&rsquo;activit\u00e9s 2010 Rapport d&rsquo;activit\u00e9s 2011 Rapport d&rsquo;activit\u00e9s 2012 Rapport d&rsquo;activit\u00e9s 2013 Rapport d&rsquo;activit\u00e9s 2014 Rapport d&rsquo;activit\u00e9s 2015 Rapport d&rsquo;activit\u00e9s 2016 Rapport d&rsquo;activit\u00e9s 2017 Rapport d&rsquo;activit\u00e9s 2018 Rapport d&rsquo;activit\u00e9s [&hellip;]","og_url":"https:\/\/apedaf.be\/wordpress\/rapports-dactivites\/","og_site_name":"APEDAF asbl","article_publisher":"https:\/\/www.facebook.com\/apedaf\/","article_modified_time":"2026-03-24T13:28:50+00:00","twitter_card":"summary_large_image","twitter_misc":{"Dur\u00e9e de lecture estim\u00e9e":"1 minute"},"schema":{"@context":"https:\/\/schema.org","@graph":[{"@type":"WebPage","@id":"https:\/\/apedaf.be\/wordpress\/rapports-dactivites\/","url":"https:\/\/apedaf.be\/wordpress\/rapports-dactivites\/","name":"Rapports d'activit\u00e9s - APEDAF asbl","isPartOf":{"@id":"https:\/\/apedaf.be\/wordpress\/#website"},"datePublished":"2015-08-05T11:26:43+00:00","dateModified":"2026-03-24T13:28:50+00:00","breadcrumb":{"@id":"https:\/\/apedaf.be\/wordpress\/rapports-dactivites\/#breadcrumb"},"inLanguage":"fr-FR","potentialAction":[{"@type":"ReadAction","target":["https:\/\/apedaf.be\/wordpress\/rapports-dactivites\/"]}]},{"@type":"BreadcrumbList","@id":"https:\/\/apedaf.be\/wordpress\/rapports-dactivites\/#breadcrumb","itemListElement":[{"@type":"ListItem","position":1,"name":"Accueil","item":"https:\/\/apedaf.be\/wordpress\/"},{"@type":"ListItem","position":2,"name":"Rapports d&rsquo;activit\u00e9s"}]},{"@type":"WebSite","@id":"https:\/\/apedaf.be\/wordpress\/#website","url":"https:\/\/apedaf.be\/wordpress\/","name":"L'APEDAF asbl","description":"Pour l&#039;\u00e9panouissement des enfants sourds et malentendants","publisher":{"@id":"https:\/\/apedaf.be\/wordpress\/#organization"},"potentialAction":[{"@type":"SearchAction","target":{"@type":"EntryPoint","urlTemplate":"https:\/\/apedaf.be\/wordpress\/?s={search_term_string}"},"query-input":{"@type":"PropertyValueSpecification","valueRequired":true,"valueName":"search_term_string"}}],"inLanguage":"fr-FR"},{"@type":"Organization","@id":"https:\/\/apedaf.be\/wordpress\/#organization","name":"L'APEDAF asbl","url":"https:\/\/apedaf.be\/wordpress\/","logo":{"@type":"ImageObject","inLanguage":"fr-FR","@id":"https:\/\/apedaf.be\/wordpress\/#\/schema\/logo\/image\/","url":"https:\/\/apedaf.be\/wordpress\/wp-content\/uploads\/2020\/04\/cropped-Apedaf-QUADRI-general-V-e1586436209432-2.png","contentUrl":"https:\/\/apedaf.be\/wordpress\/wp-content\/uploads\/2020\/04\/cropped-Apedaf-QUADRI-general-V-e1586436209432-2.png","width":620,"height":273,"caption":"L'APEDAF asbl"},"image":{"@id":"https:\/\/apedaf.be\/wordpress\/#\/schema\/logo\/image\/"},"sameAs":["https:\/\/www.facebook.com\/apedaf\/","https:\/\/www.instagram.com\/asblapedaf\/"]}]}},"jetpack_sharing_enabled":true,"_links":{"self":[{"href":"https:\/\/apedaf.be\/wordpress\/wp-json\/wp\/v2\/pages\/16","targetHints":{"allow":["GET"]}}],"collection":[{"href":"https:\/\/apedaf.be\/wordpress\/wp-json\/wp\/v2\/pages"}],"about":[{"href":"https:\/\/apedaf.be\/wordpress\/wp-json\/wp\/v2\/types\/page"}],"author":[{"embeddable":true,"href":"https:\/\/apedaf.be\/wordpress\/wp-json\/wp\/v2\/users\/1"}],"replies":[{"embeddable":true,"href":"https:\/\/apedaf.be\/wordpress\/wp-json\/wp\/v2\/comments?post=16"}],"version-history":[{"count":65,"href":"https:\/\/apedaf.be\/wordpress\/wp-json\/wp\/v2\/pages\/16\/revisions"}],"predecessor-version":[{"id":12095,"href":"https:\/\/apedaf.be\/wordpress\/wp-json\/wp\/v2\/pages\/16\/revisions\/12095"}],"wp:attachment":[{"href":"https:\/\/apedaf.be\/wordpress\/wp-json\/wp\/v2\/media?parent=16"}],"curies":[{"name":"wp","href":"https:\/\/api.w.org\/{rel}","templated":true}]}}