{"id":2041,"date":"2016-10-04T13:14:38","date_gmt":"2016-10-04T13:14:38","guid":{"rendered":"https:\/\/apedaf.be\/wordpress\/?page_id=2041"},"modified":"2025-05-16T12:01:01","modified_gmt":"2025-05-16T12:01:01","slug":"temoignages-de-parents-denfants-sourds","status":"publish","type":"page","link":"https:\/\/apedaf.be\/wordpress\/temoignages-de-parents-denfants-sourds\/","title":{"rendered":"T\u00e9moignages"},"content":{"rendered":"\t\t<div data-elementor-type=\"wp-page\" data-elementor-id=\"2041\" class=\"elementor elementor-2041\" data-elementor-post-type=\"page\">\n\t\t\t\t\t\t<section class=\"elementor-section elementor-top-section elementor-element elementor-element-6e07667 elementor-section-boxed elementor-section-height-default elementor-section-height-default\" data-id=\"6e07667\" data-element_type=\"section\" data-e-type=\"section\">\n\t\t\t\t\t\t<div class=\"elementor-container elementor-column-gap-default\">\n\t\t\t\t\t<div class=\"elementor-column elementor-col-100 elementor-top-column elementor-element elementor-element-9cd7834\" data-id=\"9cd7834\" data-element_type=\"column\" data-e-type=\"column\">\n\t\t\t<div class=\"elementor-widget-wrap elementor-element-populated\">\n\t\t\t\t\t\t<div class=\"elementor-element elementor-element-3293e74 elementor-widget elementor-widget-spacer\" data-id=\"3293e74\" data-element_type=\"widget\" data-e-type=\"widget\" data-widget_type=\"spacer.default\">\n\t\t\t\t<div class=\"elementor-widget-container\">\n\t\t\t\t\t\t\t<div class=\"elementor-spacer\">\n\t\t\t<div class=\"elementor-spacer-inner\"><\/div>\n\t\t<\/div>\n\t\t\t\t\t\t<\/div>\n\t\t\t\t<\/div>\n\t\t\t\t<div class=\"elementor-element elementor-element-3e2565d elementor-widget elementor-widget-heading\" data-id=\"3e2565d\" data-element_type=\"widget\" data-e-type=\"widget\" data-widget_type=\"heading.default\">\n\t\t\t\t<div class=\"elementor-widget-container\">\n\t\t\t\t\t<h2 class=\"elementor-heading-title elementor-size-default\">T\u00e9moignages<\/h2>\t\t\t\t<\/div>\n\t\t\t\t<\/div>\n\t\t\t\t<div class=\"elementor-element elementor-element-74c4114 elementor-widget elementor-widget-spacer\" data-id=\"74c4114\" data-element_type=\"widget\" data-e-type=\"widget\" data-widget_type=\"spacer.default\">\n\t\t\t\t<div class=\"elementor-widget-container\">\n\t\t\t\t\t\t\t<div class=\"elementor-spacer\">\n\t\t\t<div class=\"elementor-spacer-inner\"><\/div>\n\t\t<\/div>\n\t\t\t\t\t\t<\/div>\n\t\t\t\t<\/div>\n\t\t\t\t\t<\/div>\n\t\t<\/div>\n\t\t\t\t\t<\/div>\n\t\t<\/section>\n\t\t<div class=\"elementor-element elementor-element-812bb69 e-flex e-con-boxed e-con e-parent\" data-id=\"812bb69\" data-element_type=\"container\" data-e-type=\"container\">\n\t\t\t\t\t<div class=\"e-con-inner\">\n\t\t\t\t<div class=\"elementor-element elementor-element-4ef04e0 elementor-testimonial--skin-default elementor-testimonial--layout-image_inline elementor-testimonial--align-center elementor-arrows-yes elementor-pagination-type-bullets elementor-widget elementor-widget-testimonial-carousel\" data-id=\"4ef04e0\" data-element_type=\"widget\" data-e-type=\"widget\" data-settings=\"{&quot;show_arrows&quot;:&quot;yes&quot;,&quot;pagination&quot;:&quot;bullets&quot;,&quot;speed&quot;:500,&quot;autoplay&quot;:&quot;yes&quot;,&quot;autoplay_speed&quot;:5000,&quot;loop&quot;:&quot;yes&quot;,&quot;pause_on_hover&quot;:&quot;yes&quot;,&quot;pause_on_interaction&quot;:&quot;yes&quot;,&quot;space_between&quot;:{&quot;unit&quot;:&quot;px&quot;,&quot;size&quot;:10,&quot;sizes&quot;:[]},&quot;space_between_tablet&quot;:{&quot;unit&quot;:&quot;px&quot;,&quot;size&quot;:10,&quot;sizes&quot;:[]},&quot;space_between_mobile&quot;:{&quot;unit&quot;:&quot;px&quot;,&quot;size&quot;:10,&quot;sizes&quot;:[]}}\" data-widget_type=\"testimonial-carousel.default\">\n\t\t\t\t<div class=\"elementor-widget-container\">\n\t\t\t\t\t\t\t\t\t<div class=\"elementor-swiper\">\n\t\t\t\t\t<div class=\"elementor-main-swiper swiper\" role=\"region\" aria-roledescription=\"carousel\" aria-label=\"Diapositives\">\n\t\t\t\t<div class=\"swiper-wrapper\">\n\t\t\t\t\t\t\t\t\t\t\t<div class=\"swiper-slide\" role=\"group\" aria-roledescription=\"slide\">\n\t\t\t\t\t\t\t\t\t<div class=\"elementor-testimonial\">\n\t\t\t\t\t\t\t<div class=\"elementor-testimonial__content\">\n\t\t\t\t\t<div class=\"elementor-testimonial__text\">\n\t\t\t\t\t\tJ\u2019ai suivi ma scolarit\u00e9 avec une aide p\u00e9dagogique d\u00e8s le d\u00e9but, par l\u2019APEDAF. Ca m\u2019a beaucoup aid\u00e9, notamment pour l\u2019int\u00e9gration avec la classe et les professeurs jusqu\u2019\u00e0 ma rh\u00e9to.  Tout ce que j\u2019ai v\u00e9cu avec mon aide p\u00e9dagogique et l\u2019APEDAF, \u00e7a m\u2019a un peu arm\u00e9 pour affronter le reste.\n\t\t\t\t\t<\/div>\n\t\t\t\t\t\t\t\t\t<\/div>\n\t\t\t\t\t\t<div class=\"elementor-testimonial__footer\">\n\t\t\t\t\t\t\t\t\t<div class=\"elementor-testimonial__image\">\n\t\t\t\t\t\t<img decoding=\"async\" src=\"https:\/\/apedaf.be\/wordpress\/wp-content\/uploads\/2025\/05\/Capture-decran-2025-05-16-a-13.08.23.png\" alt=\"temoignage-1\">\n\t\t\t\t\t\t\t\t\t\t\t<\/div>\n\t\t\t\t\t\t\t\t<cite class=\"elementor-testimonial__cite\"><span class=\"elementor-testimonial__name\">Victor<\/span><span class=\"elementor-testimonial__title\">Ancien \u00e9l\u00e8ve de l'APEDAF<\/span><\/cite>\t\t\t<\/div>\n\t\t<\/div>\n\t\t\t\t\t\t\t\t<\/div>\n\t\t\t\t\t\t\t\t\t\t\t<div class=\"swiper-slide\" role=\"group\" aria-roledescription=\"slide\">\n\t\t\t\t\t\t\t\t\t<div class=\"elementor-testimonial\">\n\t\t\t\t\t\t\t<div class=\"elementor-testimonial__content\">\n\t\t\t\t\t<div class=\"elementor-testimonial__text\">\n\t\t\t\t\t\t L'APEDAF a eu l'id\u00e9e g\u00e9niale de mettre en place un\ncahier de communication. Ca m'a aid\u00e9e \u00e0 avoir une connaissance de ce qui se passait\nen classe, de voir ou H\u00e9loise avait des soucis, de pouvoir la suivre en fonction de ce qui\n\u00e9tait marqu\u00e9.\t\t\t\t\t<\/div>\n\t\t\t\t\t\t\t\t\t<\/div>\n\t\t\t\t\t\t<div class=\"elementor-testimonial__footer\">\n\t\t\t\t\t\t\t\t\t<div class=\"elementor-testimonial__image\">\n\t\t\t\t\t\t<img decoding=\"async\" src=\"https:\/\/apedaf.be\/wordpress\/wp-content\/uploads\/2025\/05\/Capture-decran-2025-05-16-a-13.02.51.png\" alt=\"temoignage-2\">\n\t\t\t\t\t\t\t\t\t\t\t<\/div>\n\t\t\t\t\t\t\t\t<cite class=\"elementor-testimonial__cite\"><span class=\"elementor-testimonial__name\">St\u00e9phanie<\/span><span class=\"elementor-testimonial__title\">Parent d'enfant sourd <\/span><\/cite>\t\t\t<\/div>\n\t\t<\/div>\n\t\t\t\t\t\t\t\t<\/div>\n\t\t\t\t\t\t\t\t\t\t\t<div class=\"swiper-slide\" role=\"group\" aria-roledescription=\"slide\">\n\t\t\t\t\t\t\t\t\t<div class=\"elementor-testimonial\">\n\t\t\t\t\t\t\t<div class=\"elementor-testimonial__content\">\n\t\t\t\t\t<div class=\"elementor-testimonial__text\">\n\t\t\t\t\t\tCes aides p\u00e9dagogiques sont l\u00e0 en toute confiance. Il n\u2019y a jamais de jugement, ni par rapport aux autres, ni par rapport \u00e0 l\u2019enseignant. Elle est \u00e0 notre disposition, aussi bien la n\u00f4tre qu\u2019\u00e0 celle de l\u2019enfant sourd ou malentendant, c\u2019est super pr\u00e9cieux.\t\t\t\t\t<\/div>\n\t\t\t\t\t\t\t\t\t<\/div>\n\t\t\t\t\t\t<div class=\"elementor-testimonial__footer\">\n\t\t\t\t\t\t\t\t\t<div class=\"elementor-testimonial__image\">\n\t\t\t\t\t\t<img decoding=\"async\" src=\"https:\/\/apedaf.be\/wordpress\/wp-content\/uploads\/2025\/05\/Capture-decran-2025-05-16-a-13.06.03.png\" alt=\"temoignage-3\">\n\t\t\t\t\t\t\t\t\t\t\t<\/div>\n\t\t\t\t\t\t\t\t<cite class=\"elementor-testimonial__cite\"><span class=\"elementor-testimonial__name\">Sandra<\/span><span class=\"elementor-testimonial__title\">Enseignante<\/span><\/cite>\t\t\t<\/div>\n\t\t<\/div>\n\t\t\t\t\t\t\t\t<\/div>\n\t\t\t\t\t\t\t\t\t<\/div>\n\t\t\t\t\t\t\t\t\t\t\t\t\t\t\t<div class=\"elementor-swiper-button elementor-swiper-button-prev\" role=\"button\" tabindex=\"0\" aria-label=\"Pr\u00e9c\u00e9dent\">\n\t\t\t\t\t\t\t<i aria-hidden=\"true\" class=\"eicon-chevron-left\"><\/i>\t\t\t\t\t\t<\/div>\n\t\t\t\t\t\t<div class=\"elementor-swiper-button elementor-swiper-button-next\" role=\"button\" tabindex=\"0\" aria-label=\"Suivant\">\n\t\t\t\t\t\t\t<i aria-hidden=\"true\" class=\"eicon-chevron-right\"><\/i>\t\t\t\t\t\t<\/div>\n\t\t\t\t\t\t\t\t\t\t\t\t\t\t\t\t<div class=\"swiper-pagination\"><\/div>\n\t\t\t\t\t\t\t\t\t\t\t\t<\/div>\n\t\t\t\t<\/div>\n\t\t\t\t\t\t\t\t<\/div>\n\t\t\t\t<\/div>\n\t\t\t\t<div class=\"elementor-element elementor-element-dae4d79 elementor-widget elementor-widget-spacer\" data-id=\"dae4d79\" data-element_type=\"widget\" data-e-type=\"widget\" data-widget_type=\"spacer.default\">\n\t\t\t\t<div class=\"elementor-widget-container\">\n\t\t\t\t\t\t\t<div class=\"elementor-spacer\">\n\t\t\t<div class=\"elementor-spacer-inner\"><\/div>\n\t\t<\/div>\n\t\t\t\t\t\t<\/div>\n\t\t\t\t<\/div>\n\t\t\t\t\t<\/div>\n\t\t\t\t<\/div>\n\t\t<div class=\"elementor-element elementor-element-f1b48d4 e-flex e-con-boxed e-con e-parent\" data-id=\"f1b48d4\" data-element_type=\"container\" data-e-type=\"container\" data-settings=\"{&quot;background_background&quot;:&quot;classic&quot;}\">\n\t\t\t\t\t<div class=\"e-con-inner\">\n\t\t\t\t<div class=\"elementor-element elementor-element-58e24f1 elementor-widget elementor-widget-spacer\" data-id=\"58e24f1\" data-element_type=\"widget\" data-e-type=\"widget\" data-widget_type=\"spacer.default\">\n\t\t\t\t<div class=\"elementor-widget-container\">\n\t\t\t\t\t\t\t<div class=\"elementor-spacer\">\n\t\t\t<div class=\"elementor-spacer-inner\"><\/div>\n\t\t<\/div>\n\t\t\t\t\t\t<\/div>\n\t\t\t\t<\/div>\n\t\t\t\t<div class=\"elementor-element elementor-element-1088655 elementor-widget elementor-widget-heading\" data-id=\"1088655\" data-element_type=\"widget\" data-e-type=\"widget\" data-widget_type=\"heading.default\">\n\t\t\t\t<div class=\"elementor-widget-container\">\n\t\t\t\t\t<h2 class=\"elementor-heading-title elementor-size-default\">Nos vid\u00e9os t\u00e9moignages<\/h2>\t\t\t\t<\/div>\n\t\t\t\t<\/div>\n\t\t\t\t\t<\/div>\n\t\t\t\t<\/div>\n\t\t<div class=\"elementor-element elementor-element-5d6af76 e-flex e-con-boxed e-con e-parent\" data-id=\"5d6af76\" data-element_type=\"container\" data-e-type=\"container\" data-settings=\"{&quot;background_background&quot;:&quot;classic&quot;}\">\n\t\t\t\t\t<div class=\"e-con-inner\">\n\t\t<div class=\"elementor-element elementor-element-1d4fb21 e-con-full e-flex e-con e-child\" data-id=\"1d4fb21\" data-element_type=\"container\" data-e-type=\"container\">\n\t\t\t\t<div class=\"elementor-element elementor-element-7c82497 elementor-widget elementor-widget-video\" data-id=\"7c82497\" data-element_type=\"widget\" data-e-type=\"widget\" data-settings=\"{&quot;youtube_url&quot;:&quot;https:\\\/\\\/youtu.be\\\/V6-O_LbRKiI&quot;,&quot;video_type&quot;:&quot;youtube&quot;,&quot;controls&quot;:&quot;yes&quot;}\" data-widget_type=\"video.default\">\n\t\t\t\t<div class=\"elementor-widget-container\">\n\t\t\t\t\t\t\t<div class=\"elementor-wrapper elementor-open-inline\">\n\t\t\t<div class=\"elementor-video\"><\/div>\t\t<\/div>\n\t\t\t\t\t\t<\/div>\n\t\t\t\t<\/div>\n\t\t\t\t<\/div>\n\t\t<div class=\"elementor-element elementor-element-136b8aa e-con-full e-flex e-con e-child\" data-id=\"136b8aa\" data-element_type=\"container\" data-e-type=\"container\">\n\t\t\t\t<div class=\"elementor-element elementor-element-d83fe7b elementor-widget elementor-widget-video\" data-id=\"d83fe7b\" data-element_type=\"widget\" data-e-type=\"widget\" data-settings=\"{&quot;youtube_url&quot;:&quot;https:\\\/\\\/youtu.be\\\/vIGxBb8HHac&quot;,&quot;video_type&quot;:&quot;youtube&quot;,&quot;controls&quot;:&quot;yes&quot;}\" data-widget_type=\"video.default\">\n\t\t\t\t<div class=\"elementor-widget-container\">\n\t\t\t\t\t\t\t<div class=\"elementor-wrapper elementor-open-inline\">\n\t\t\t<div class=\"elementor-video\"><\/div>\t\t<\/div>\n\t\t\t\t\t\t<\/div>\n\t\t\t\t<\/div>\n\t\t\t\t<\/div>\n\t\t<div class=\"elementor-element elementor-element-348cd87 e-con-full e-flex e-con e-child\" data-id=\"348cd87\" data-element_type=\"container\" data-e-type=\"container\">\n\t\t\t\t<div class=\"elementor-element elementor-element-97f0596 elementor-widget elementor-widget-video\" data-id=\"97f0596\" data-element_type=\"widget\" data-e-type=\"widget\" data-settings=\"{&quot;youtube_url&quot;:&quot;https:\\\/\\\/youtu.be\\\/3VMab1SYXrg&quot;,&quot;video_type&quot;:&quot;youtube&quot;,&quot;controls&quot;:&quot;yes&quot;}\" data-widget_type=\"video.default\">\n\t\t\t\t<div class=\"elementor-widget-container\">\n\t\t\t\t\t\t\t<div class=\"elementor-wrapper elementor-open-inline\">\n\t\t\t<div class=\"elementor-video\"><\/div>\t\t<\/div>\n\t\t\t\t\t\t<\/div>\n\t\t\t\t<\/div>\n\t\t\t\t<\/div>\n\t\t<div class=\"elementor-element elementor-element-930a196 e-con-full e-flex e-con e-child\" data-id=\"930a196\" data-element_type=\"container\" data-e-type=\"container\">\n\t\t\t\t<div class=\"elementor-element elementor-element-49fe628 elementor-widget elementor-widget-video\" data-id=\"49fe628\" data-element_type=\"widget\" data-e-type=\"widget\" data-settings=\"{&quot;youtube_url&quot;:&quot;https:\\\/\\\/www.youtube.com\\\/watch?v=NQt3xaoUTis&quot;,&quot;video_type&quot;:&quot;youtube&quot;,&quot;controls&quot;:&quot;yes&quot;}\" data-widget_type=\"video.default\">\n\t\t\t\t<div class=\"elementor-widget-container\">\n\t\t\t\t\t\t\t<div class=\"elementor-wrapper elementor-open-inline\">\n\t\t\t<div class=\"elementor-video\"><\/div>\t\t<\/div>\n\t\t\t\t\t\t<\/div>\n\t\t\t\t<\/div>\n\t\t\t\t<\/div>\n\t\t\t\t\t<\/div>\n\t\t\t\t<\/div>\n\t\t\t\t<\/div>\n\t\t","protected":false},"excerpt":{"rendered":"<p>T\u00e9moignages J\u2019ai suivi ma scolarit\u00e9 avec une aide p\u00e9dagogique d\u00e8s le d\u00e9but, par l\u2019APEDAF. Ca m\u2019a beaucoup aid\u00e9, notamment pour l\u2019int\u00e9gration avec la classe et les professeurs jusqu\u2019\u00e0 ma rh\u00e9to. Tout ce que j\u2019ai v\u00e9cu avec mon aide p\u00e9dagogique et l\u2019APEDAF, \u00e7a m\u2019a un peu arm\u00e9 pour affronter le reste. VictorAncien \u00e9l\u00e8ve de l&rsquo;APEDAF L&rsquo;APEDAF [&hellip;]<\/p>\n","protected":false},"author":1,"featured_media":0,"parent":0,"menu_order":0,"comment_status":"closed","ping_status":"open","template":"","meta":{"footnotes":""},"class_list":["post-2041","page","type-page","status-publish","hentry","entry"],"yoast_head":"<!-- This site is optimized with the Yoast SEO plugin v27.2 - https:\/\/yoast.com\/product\/yoast-seo-wordpress\/ -->\n<title>T\u00e9moignages - APEDAF asbl<\/title>\n<meta name=\"robots\" content=\"index, follow, max-snippet:-1, max-image-preview:large, max-video-preview:-1\" \/>\n<link rel=\"canonical\" href=\"https:\/\/apedaf.be\/wordpress\/temoignages-de-parents-denfants-sourds\/\" \/>\n<meta property=\"og:locale\" content=\"fr_FR\" \/>\n<meta property=\"og:type\" content=\"article\" \/>\n<meta property=\"og:title\" content=\"T\u00e9moignages - APEDAF asbl\" \/>\n<meta property=\"og:description\" content=\"T\u00e9moignages J\u2019ai suivi ma scolarit\u00e9 avec une aide p\u00e9dagogique d\u00e8s le d\u00e9but, par l\u2019APEDAF. Ca m\u2019a beaucoup aid\u00e9, notamment pour l\u2019int\u00e9gration avec la classe et les professeurs jusqu\u2019\u00e0 ma rh\u00e9to. Tout ce que j\u2019ai v\u00e9cu avec mon aide p\u00e9dagogique et l\u2019APEDAF, \u00e7a m\u2019a un peu arm\u00e9 pour affronter le reste. VictorAncien \u00e9l\u00e8ve de l&rsquo;APEDAF L&rsquo;APEDAF [&hellip;]\" \/>\n<meta property=\"og:url\" content=\"https:\/\/apedaf.be\/wordpress\/temoignages-de-parents-denfants-sourds\/\" \/>\n<meta property=\"og:site_name\" content=\"APEDAF asbl\" \/>\n<meta property=\"article:publisher\" content=\"https:\/\/www.facebook.com\/apedaf\/\" \/>\n<meta property=\"article:modified_time\" content=\"2025-05-16T12:01:01+00:00\" \/>\n<meta property=\"og:image\" content=\"https:\/\/apedaf.be\/wordpress\/wp-content\/uploads\/2025\/05\/Capture-decran-2025-05-16-a-13.08.23.png\" \/>\n<meta name=\"twitter:card\" content=\"summary_large_image\" \/>\n<meta name=\"twitter:label1\" content=\"Dur\u00e9e de lecture estim\u00e9e\" \/>\n\t<meta name=\"twitter:data1\" content=\"3 minutes\" \/>\n<script type=\"application\/ld+json\" class=\"yoast-schema-graph\">{\"@context\":\"https:\/\/schema.org\",\"@graph\":[{\"@type\":\"WebPage\",\"@id\":\"https:\/\/apedaf.be\/wordpress\/temoignages-de-parents-denfants-sourds\/\",\"url\":\"https:\/\/apedaf.be\/wordpress\/temoignages-de-parents-denfants-sourds\/\",\"name\":\"T\u00e9moignages - APEDAF asbl\",\"isPartOf\":{\"@id\":\"https:\/\/apedaf.be\/wordpress\/#website\"},\"primaryImageOfPage\":{\"@id\":\"https:\/\/apedaf.be\/wordpress\/temoignages-de-parents-denfants-sourds\/#primaryimage\"},\"image\":{\"@id\":\"https:\/\/apedaf.be\/wordpress\/temoignages-de-parents-denfants-sourds\/#primaryimage\"},\"thumbnailUrl\":\"https:\/\/apedaf.be\/wordpress\/wp-content\/uploads\/2025\/05\/Capture-decran-2025-05-16-a-13.08.23.png\",\"datePublished\":\"2016-10-04T13:14:38+00:00\",\"dateModified\":\"2025-05-16T12:01:01+00:00\",\"breadcrumb\":{\"@id\":\"https:\/\/apedaf.be\/wordpress\/temoignages-de-parents-denfants-sourds\/#breadcrumb\"},\"inLanguage\":\"fr-FR\",\"potentialAction\":[{\"@type\":\"ReadAction\",\"target\":[\"https:\/\/apedaf.be\/wordpress\/temoignages-de-parents-denfants-sourds\/\"]}]},{\"@type\":\"ImageObject\",\"inLanguage\":\"fr-FR\",\"@id\":\"https:\/\/apedaf.be\/wordpress\/temoignages-de-parents-denfants-sourds\/#primaryimage\",\"url\":\"https:\/\/apedaf.be\/wordpress\/wp-content\/uploads\/2025\/05\/Capture-decran-2025-05-16-a-13.08.23.png\",\"contentUrl\":\"https:\/\/apedaf.be\/wordpress\/wp-content\/uploads\/2025\/05\/Capture-decran-2025-05-16-a-13.08.23.png\",\"width\":1207,\"height\":1208,\"caption\":\"temoignage-1\"},{\"@type\":\"BreadcrumbList\",\"@id\":\"https:\/\/apedaf.be\/wordpress\/temoignages-de-parents-denfants-sourds\/#breadcrumb\",\"itemListElement\":[{\"@type\":\"ListItem\",\"position\":1,\"name\":\"Accueil\",\"item\":\"https:\/\/apedaf.be\/wordpress\/\"},{\"@type\":\"ListItem\",\"position\":2,\"name\":\"T\u00e9moignages\"}]},{\"@type\":\"WebSite\",\"@id\":\"https:\/\/apedaf.be\/wordpress\/#website\",\"url\":\"https:\/\/apedaf.be\/wordpress\/\",\"name\":\"L'APEDAF asbl\",\"description\":\"Pour l&#039;\u00e9panouissement des enfants sourds et malentendants\",\"publisher\":{\"@id\":\"https:\/\/apedaf.be\/wordpress\/#organization\"},\"potentialAction\":[{\"@type\":\"SearchAction\",\"target\":{\"@type\":\"EntryPoint\",\"urlTemplate\":\"https:\/\/apedaf.be\/wordpress\/?s={search_term_string}\"},\"query-input\":{\"@type\":\"PropertyValueSpecification\",\"valueRequired\":true,\"valueName\":\"search_term_string\"}}],\"inLanguage\":\"fr-FR\"},{\"@type\":\"Organization\",\"@id\":\"https:\/\/apedaf.be\/wordpress\/#organization\",\"name\":\"L'APEDAF asbl\",\"url\":\"https:\/\/apedaf.be\/wordpress\/\",\"logo\":{\"@type\":\"ImageObject\",\"inLanguage\":\"fr-FR\",\"@id\":\"https:\/\/apedaf.be\/wordpress\/#\/schema\/logo\/image\/\",\"url\":\"https:\/\/apedaf.be\/wordpress\/wp-content\/uploads\/2020\/04\/cropped-Apedaf-QUADRI-general-V-e1586436209432-2.png\",\"contentUrl\":\"https:\/\/apedaf.be\/wordpress\/wp-content\/uploads\/2020\/04\/cropped-Apedaf-QUADRI-general-V-e1586436209432-2.png\",\"width\":620,\"height\":273,\"caption\":\"L'APEDAF asbl\"},\"image\":{\"@id\":\"https:\/\/apedaf.be\/wordpress\/#\/schema\/logo\/image\/\"},\"sameAs\":[\"https:\/\/www.facebook.com\/apedaf\/\",\"https:\/\/www.instagram.com\/asblapedaf\/\"]}]}<\/script>\n<!-- \/ Yoast SEO plugin. -->","yoast_head_json":{"title":"T\u00e9moignages - APEDAF asbl","robots":{"index":"index","follow":"follow","max-snippet":"max-snippet:-1","max-image-preview":"max-image-preview:large","max-video-preview":"max-video-preview:-1"},"canonical":"https:\/\/apedaf.be\/wordpress\/temoignages-de-parents-denfants-sourds\/","og_locale":"fr_FR","og_type":"article","og_title":"T\u00e9moignages - APEDAF asbl","og_description":"T\u00e9moignages J\u2019ai suivi ma scolarit\u00e9 avec une aide p\u00e9dagogique d\u00e8s le d\u00e9but, par l\u2019APEDAF. Ca m\u2019a beaucoup aid\u00e9, notamment pour l\u2019int\u00e9gration avec la classe et les professeurs jusqu\u2019\u00e0 ma rh\u00e9to. Tout ce que j\u2019ai v\u00e9cu avec mon aide p\u00e9dagogique et l\u2019APEDAF, \u00e7a m\u2019a un peu arm\u00e9 pour affronter le reste. VictorAncien \u00e9l\u00e8ve de l&rsquo;APEDAF L&rsquo;APEDAF [&hellip;]","og_url":"https:\/\/apedaf.be\/wordpress\/temoignages-de-parents-denfants-sourds\/","og_site_name":"APEDAF asbl","article_publisher":"https:\/\/www.facebook.com\/apedaf\/","article_modified_time":"2025-05-16T12:01:01+00:00","og_image":[{"url":"https:\/\/apedaf.be\/wordpress\/wp-content\/uploads\/2025\/05\/Capture-decran-2025-05-16-a-13.08.23.png","type":"","width":"","height":""}],"twitter_card":"summary_large_image","twitter_misc":{"Dur\u00e9e de lecture estim\u00e9e":"3 minutes"},"schema":{"@context":"https:\/\/schema.org","@graph":[{"@type":"WebPage","@id":"https:\/\/apedaf.be\/wordpress\/temoignages-de-parents-denfants-sourds\/","url":"https:\/\/apedaf.be\/wordpress\/temoignages-de-parents-denfants-sourds\/","name":"T\u00e9moignages - APEDAF asbl","isPartOf":{"@id":"https:\/\/apedaf.be\/wordpress\/#website"},"primaryImageOfPage":{"@id":"https:\/\/apedaf.be\/wordpress\/temoignages-de-parents-denfants-sourds\/#primaryimage"},"image":{"@id":"https:\/\/apedaf.be\/wordpress\/temoignages-de-parents-denfants-sourds\/#primaryimage"},"thumbnailUrl":"https:\/\/apedaf.be\/wordpress\/wp-content\/uploads\/2025\/05\/Capture-decran-2025-05-16-a-13.08.23.png","datePublished":"2016-10-04T13:14:38+00:00","dateModified":"2025-05-16T12:01:01+00:00","breadcrumb":{"@id":"https:\/\/apedaf.be\/wordpress\/temoignages-de-parents-denfants-sourds\/#breadcrumb"},"inLanguage":"fr-FR","potentialAction":[{"@type":"ReadAction","target":["https:\/\/apedaf.be\/wordpress\/temoignages-de-parents-denfants-sourds\/"]}]},{"@type":"ImageObject","inLanguage":"fr-FR","@id":"https:\/\/apedaf.be\/wordpress\/temoignages-de-parents-denfants-sourds\/#primaryimage","url":"https:\/\/apedaf.be\/wordpress\/wp-content\/uploads\/2025\/05\/Capture-decran-2025-05-16-a-13.08.23.png","contentUrl":"https:\/\/apedaf.be\/wordpress\/wp-content\/uploads\/2025\/05\/Capture-decran-2025-05-16-a-13.08.23.png","width":1207,"height":1208,"caption":"temoignage-1"},{"@type":"BreadcrumbList","@id":"https:\/\/apedaf.be\/wordpress\/temoignages-de-parents-denfants-sourds\/#breadcrumb","itemListElement":[{"@type":"ListItem","position":1,"name":"Accueil","item":"https:\/\/apedaf.be\/wordpress\/"},{"@type":"ListItem","position":2,"name":"T\u00e9moignages"}]},{"@type":"WebSite","@id":"https:\/\/apedaf.be\/wordpress\/#website","url":"https:\/\/apedaf.be\/wordpress\/","name":"L'APEDAF asbl","description":"Pour l&#039;\u00e9panouissement des enfants sourds et malentendants","publisher":{"@id":"https:\/\/apedaf.be\/wordpress\/#organization"},"potentialAction":[{"@type":"SearchAction","target":{"@type":"EntryPoint","urlTemplate":"https:\/\/apedaf.be\/wordpress\/?s={search_term_string}"},"query-input":{"@type":"PropertyValueSpecification","valueRequired":true,"valueName":"search_term_string"}}],"inLanguage":"fr-FR"},{"@type":"Organization","@id":"https:\/\/apedaf.be\/wordpress\/#organization","name":"L'APEDAF asbl","url":"https:\/\/apedaf.be\/wordpress\/","logo":{"@type":"ImageObject","inLanguage":"fr-FR","@id":"https:\/\/apedaf.be\/wordpress\/#\/schema\/logo\/image\/","url":"https:\/\/apedaf.be\/wordpress\/wp-content\/uploads\/2020\/04\/cropped-Apedaf-QUADRI-general-V-e1586436209432-2.png","contentUrl":"https:\/\/apedaf.be\/wordpress\/wp-content\/uploads\/2020\/04\/cropped-Apedaf-QUADRI-general-V-e1586436209432-2.png","width":620,"height":273,"caption":"L'APEDAF asbl"},"image":{"@id":"https:\/\/apedaf.be\/wordpress\/#\/schema\/logo\/image\/"},"sameAs":["https:\/\/www.facebook.com\/apedaf\/","https:\/\/www.instagram.com\/asblapedaf\/"]}]}},"jetpack_sharing_enabled":true,"_links":{"self":[{"href":"https:\/\/apedaf.be\/wordpress\/wp-json\/wp\/v2\/pages\/2041","targetHints":{"allow":["GET"]}}],"collection":[{"href":"https:\/\/apedaf.be\/wordpress\/wp-json\/wp\/v2\/pages"}],"about":[{"href":"https:\/\/apedaf.be\/wordpress\/wp-json\/wp\/v2\/types\/page"}],"author":[{"embeddable":true,"href":"https:\/\/apedaf.be\/wordpress\/wp-json\/wp\/v2\/users\/1"}],"replies":[{"embeddable":true,"href":"https:\/\/apedaf.be\/wordpress\/wp-json\/wp\/v2\/comments?post=2041"}],"version-history":[{"count":38,"href":"https:\/\/apedaf.be\/wordpress\/wp-json\/wp\/v2\/pages\/2041\/revisions"}],"predecessor-version":[{"id":11230,"href":"https:\/\/apedaf.be\/wordpress\/wp-json\/wp\/v2\/pages\/2041\/revisions\/11230"}],"wp:attachment":[{"href":"https:\/\/apedaf.be\/wordpress\/wp-json\/wp\/v2\/media?parent=2041"}],"curies":[{"name":"wp","href":"https:\/\/api.w.org\/{rel}","templated":true}]}}