{"id":25,"date":"2015-08-05T11:32:19","date_gmt":"2015-08-05T11:32:19","guid":{"rendered":"https:\/\/apedaf.be\/wordpress\/?page_id=25"},"modified":"2025-05-28T13:50:55","modified_gmt":"2025-05-28T13:50:55","slug":"parents-relais","status":"publish","type":"page","link":"https:\/\/apedaf.be\/wordpress\/parents-relais\/","title":{"rendered":"Parents-relais"},"content":{"rendered":"\t\t<div data-elementor-type=\"wp-page\" data-elementor-id=\"25\" class=\"elementor elementor-25\" data-elementor-post-type=\"page\">\n\t\t\t\t<div class=\"elementor-element elementor-element-cd74328 e-flex e-con-boxed e-con e-parent\" data-id=\"cd74328\" data-element_type=\"container\" data-e-type=\"container\">\n\t\t\t\t\t<div class=\"e-con-inner\">\n\t\t\t\t<div class=\"elementor-element elementor-element-7bcc5a6 elementor-widget elementor-widget-spacer\" data-id=\"7bcc5a6\" data-element_type=\"widget\" data-e-type=\"widget\" data-widget_type=\"spacer.default\">\n\t\t\t\t<div class=\"elementor-widget-container\">\n\t\t\t\t\t\t\t<div class=\"elementor-spacer\">\n\t\t\t<div class=\"elementor-spacer-inner\"><\/div>\n\t\t<\/div>\n\t\t\t\t\t\t<\/div>\n\t\t\t\t<\/div>\n\t\t\t\t\t<\/div>\n\t\t\t\t<\/div>\n\t\t<div class=\"elementor-element elementor-element-3be6aed e-flex e-con-boxed e-con e-parent\" data-id=\"3be6aed\" data-element_type=\"container\" data-e-type=\"container\">\n\t\t\t\t\t<div class=\"e-con-inner\">\n\t\t<div class=\"elementor-element elementor-element-4252738 e-con-full e-flex e-con e-child\" data-id=\"4252738\" data-element_type=\"container\" data-e-type=\"container\">\n\t\t\t\t<div class=\"elementor-element elementor-element-0b2b821 elementor-widget elementor-widget-heading\" data-id=\"0b2b821\" data-element_type=\"widget\" data-e-type=\"widget\" data-widget_type=\"heading.default\">\n\t\t\t\t<div class=\"elementor-widget-container\">\n\t\t\t\t\t<h2 class=\"elementor-heading-title elementor-size-default\">Les parents-relais<\/h2>\t\t\t\t<\/div>\n\t\t\t\t<\/div>\n\t\t\t\t<div class=\"elementor-element elementor-element-7b7755a elementor-widget elementor-widget-text-editor\" data-id=\"7b7755a\" data-element_type=\"widget\" data-e-type=\"widget\" data-widget_type=\"text-editor.default\">\n\t\t\t\t<div class=\"elementor-widget-container\">\n\t\t\t\t\t\t\t\t\t<p>Les parents-relais sont des parents d\u2019enfant sourd ayant le recul n\u00e9cessaire pour rencontrer les familles qui viennent d\u2019apprendre la surdit\u00e9 de leur enfant, \u00eatre \u00e0 leurs c\u00f4t\u00e9s lors des moments d\u2019incertitude et de recherche, les informer en ouvrant de nouvelles portes, sans vouloir mettre en avant leurs propres choix. Cette \u00e9quipe, cr\u00e9\u00e9e en 1999, est \u00e0 la disposition des familles.<\/p><p>Les parents-relais sont et restent des parents. Ils ne sont donc pas des experts et n\u2019interviendront pas comme des professionnels. Ils agiront en \u00e9troite collaboration avec le service social et le conseil d\u2019administration de l\u2019APEDAF. Pour certaines questions plus particuli\u00e8res, ils pourront jouer un r\u00f4le de lien avec l\u2019\u00e9quipe qui suit l\u2019enfant et\/ou des personnes ressources. Ces parents sont form\u00e9s de mani\u00e8re continue.<\/p><p>Ils sont r\u00e9partis dans diff\u00e9rentes r\u00e9gions de la F\u00e9d\u00e9ration Wallonie-Bruxelles (Bruxelles, Namur, Luxembourg, Tournai\u2026) afin de r\u00e9duire l\u2019\u00e9loignement g\u00e9ographique qui pourrait \u00eatre un frein aux rencontres inter-parentales.<\/p><p>Vous vous posez des questions au sujet de l\u2019aide pr\u00e9coce ? Vous h\u00e9sitez concernant le choix de l\u2019\u00e9cole pour votre enfant ? Vous voulez en savoir plus sur l\u2019implant ? Vous \u00eates \u00e0 la recherche d\u2019une activit\u00e9 culturelle ou sportive ?<\/p><p>Un simple coup de fil, une entrevue chez vous, chez eux ou dans les locaux de l\u2019APEDAF\u2026 N\u2019h\u00e9sitez pas \u00e0 les contacter !<\/p>\t\t\t\t\t\t\t\t<\/div>\n\t\t\t\t<\/div>\n\t\t\t\t<\/div>\n\t\t<div class=\"elementor-element elementor-element-190292c e-con-full e-flex e-con e-child\" data-id=\"190292c\" data-element_type=\"container\" data-e-type=\"container\">\n\t\t\t\t<div class=\"elementor-element elementor-element-4316b54 elementor-widget elementor-widget-image\" data-id=\"4316b54\" data-element_type=\"widget\" data-e-type=\"widget\" data-widget_type=\"image.default\">\n\t\t\t\t<div class=\"elementor-widget-container\">\n\t\t\t\t\t\t\t\t\t\t\t\t\t\t\t<img fetchpriority=\"high\" decoding=\"async\" width=\"1024\" height=\"576\" src=\"https:\/\/apedaf.be\/wordpress\/wp-content\/uploads\/2024\/10\/SITE-visuels-services--1024x576.jpg\" class=\"attachment-large size-large wp-image-9883\" alt=\"service parent-relais\" srcset=\"https:\/\/apedaf.be\/wordpress\/wp-content\/uploads\/2024\/10\/SITE-visuels-services--1024x576.jpg 1024w, https:\/\/apedaf.be\/wordpress\/wp-content\/uploads\/2024\/10\/SITE-visuels-services--300x169.jpg 300w, https:\/\/apedaf.be\/wordpress\/wp-content\/uploads\/2024\/10\/SITE-visuels-services--768x432.jpg 768w, https:\/\/apedaf.be\/wordpress\/wp-content\/uploads\/2024\/10\/SITE-visuels-services--1536x864.jpg 1536w, https:\/\/apedaf.be\/wordpress\/wp-content\/uploads\/2024\/10\/SITE-visuels-services--800x450.jpg 800w, https:\/\/apedaf.be\/wordpress\/wp-content\/uploads\/2024\/10\/SITE-visuels-services-.jpg 1920w\" sizes=\"(max-width: 1024px) 100vw, 1024px\" \/>\t\t\t\t\t\t\t\t\t\t\t\t\t\t\t<\/div>\n\t\t\t\t<\/div>\n\t\t\t\t<\/div>\n\t\t\t\t\t<\/div>\n\t\t\t\t<\/div>\n\t\t\t\t<section class=\"elementor-section elementor-top-section elementor-element elementor-element-9fe3b7f elementor-section-boxed elementor-section-height-default elementor-section-height-default\" data-id=\"9fe3b7f\" data-element_type=\"section\" data-e-type=\"section\">\n\t\t\t\t\t\t<div class=\"elementor-container elementor-column-gap-default\">\n\t\t\t\t\t<div class=\"elementor-column elementor-col-100 elementor-top-column elementor-element elementor-element-41df41b\" data-id=\"41df41b\" data-element_type=\"column\" data-e-type=\"column\">\n\t\t\t<div class=\"elementor-widget-wrap elementor-element-populated\">\n\t\t\t\t\t\t<div class=\"elementor-element elementor-element-7e26e87 elementor-widget elementor-widget-heading\" data-id=\"7e26e87\" data-element_type=\"widget\" data-e-type=\"widget\" data-widget_type=\"heading.default\">\n\t\t\t\t<div class=\"elementor-widget-container\">\n\t\t\t\t\t<h2 class=\"elementor-heading-title elementor-size-default\">Vous souhaitez rentrer en contact avec les parents-relais ? <\/h2>\t\t\t\t<\/div>\n\t\t\t\t<\/div>\n\t\t\t\t<div class=\"elementor-element elementor-element-35b55a1 elementor-align-center elementor-widget elementor-widget-button\" data-id=\"35b55a1\" data-element_type=\"widget\" data-e-type=\"widget\" data-widget_type=\"button.default\">\n\t\t\t\t<div class=\"elementor-widget-container\">\n\t\t\t\t\t\t\t\t\t<div class=\"elementor-button-wrapper\">\n\t\t\t\t\t<a class=\"elementor-button elementor-button-link elementor-size-sm elementor-animation-grow\" href=\"https:\/\/forms.office.com\/Pages\/ResponsePage.aspx?id=zLSBKFCloUqWzY-zYBQd9-jKAveDVPJAkwKnVerNkc9UN0JIMVlENVIyRzMwWVlWSDVCWU05VlE3RyQlQCN0PWcu\">\n\t\t\t\t\t\t<span class=\"elementor-button-content-wrapper\">\n\t\t\t\t\t\t\t\t\t<span class=\"elementor-button-text\">Contactez-nous<\/span>\n\t\t\t\t\t<\/span>\n\t\t\t\t\t<\/a>\n\t\t\t\t<\/div>\n\t\t\t\t\t\t\t\t<\/div>\n\t\t\t\t<\/div>\n\t\t\t\t<div class=\"elementor-element elementor-element-d718455 elementor-widget elementor-widget-spacer\" data-id=\"d718455\" data-element_type=\"widget\" data-e-type=\"widget\" data-widget_type=\"spacer.default\">\n\t\t\t\t<div class=\"elementor-widget-container\">\n\t\t\t\t\t\t\t<div class=\"elementor-spacer\">\n\t\t\t<div class=\"elementor-spacer-inner\"><\/div>\n\t\t<\/div>\n\t\t\t\t\t\t<\/div>\n\t\t\t\t<\/div>\n\t\t\t\t\t<\/div>\n\t\t<\/div>\n\t\t\t\t\t<\/div>\n\t\t<\/section>\n\t\t\t\t<\/div>\n\t\t","protected":false},"excerpt":{"rendered":"<p>Les parents-relais Les parents-relais sont des parents d\u2019enfant sourd ayant le recul n\u00e9cessaire pour rencontrer les familles qui viennent d\u2019apprendre la surdit\u00e9 de leur enfant, \u00eatre \u00e0 leurs c\u00f4t\u00e9s lors des moments d\u2019incertitude et de recherche, les informer en ouvrant de nouvelles portes, sans vouloir mettre en avant leurs propres choix. Cette \u00e9quipe, cr\u00e9\u00e9e en [&hellip;]<\/p>\n","protected":false},"author":1,"featured_media":0,"parent":0,"menu_order":0,"comment_status":"closed","ping_status":"closed","template":"","meta":{"footnotes":""},"class_list":["post-25","page","type-page","status-publish","hentry","entry"],"yoast_head":"<!-- This site is optimized with the Yoast SEO plugin v27.2 - https:\/\/yoast.com\/product\/yoast-seo-wordpress\/ -->\n<title>Parents-relais - APEDAF asbl<\/title>\n<meta name=\"robots\" content=\"index, follow, max-snippet:-1, max-image-preview:large, max-video-preview:-1\" \/>\n<link rel=\"canonical\" href=\"https:\/\/apedaf.be\/wordpress\/parents-relais\/\" \/>\n<meta property=\"og:locale\" content=\"fr_FR\" \/>\n<meta property=\"og:type\" content=\"article\" \/>\n<meta property=\"og:title\" content=\"Parents-relais - APEDAF asbl\" \/>\n<meta property=\"og:description\" content=\"Les parents-relais Les parents-relais sont des parents d\u2019enfant sourd ayant le recul n\u00e9cessaire pour rencontrer les familles qui viennent d\u2019apprendre la surdit\u00e9 de leur enfant, \u00eatre \u00e0 leurs c\u00f4t\u00e9s lors des moments d\u2019incertitude et de recherche, les informer en ouvrant de nouvelles portes, sans vouloir mettre en avant leurs propres choix. Cette \u00e9quipe, cr\u00e9\u00e9e en [&hellip;]\" \/>\n<meta property=\"og:url\" content=\"https:\/\/apedaf.be\/wordpress\/parents-relais\/\" \/>\n<meta property=\"og:site_name\" content=\"APEDAF asbl\" \/>\n<meta property=\"article:publisher\" content=\"https:\/\/www.facebook.com\/apedaf\/\" \/>\n<meta property=\"article:modified_time\" content=\"2025-05-28T13:50:55+00:00\" \/>\n<meta property=\"og:image\" content=\"https:\/\/apedaf.be\/wordpress\/wp-content\/uploads\/2024\/10\/SITE-visuels-services--1024x576.jpg\" \/>\n<meta name=\"twitter:card\" content=\"summary_large_image\" \/>\n<meta name=\"twitter:label1\" content=\"Dur\u00e9e de lecture estim\u00e9e\" \/>\n\t<meta name=\"twitter:data1\" content=\"2 minutes\" \/>\n<script type=\"application\/ld+json\" class=\"yoast-schema-graph\">{\"@context\":\"https:\/\/schema.org\",\"@graph\":[{\"@type\":\"WebPage\",\"@id\":\"https:\/\/apedaf.be\/wordpress\/parents-relais\/\",\"url\":\"https:\/\/apedaf.be\/wordpress\/parents-relais\/\",\"name\":\"Parents-relais - APEDAF asbl\",\"isPartOf\":{\"@id\":\"https:\/\/apedaf.be\/wordpress\/#website\"},\"primaryImageOfPage\":{\"@id\":\"https:\/\/apedaf.be\/wordpress\/parents-relais\/#primaryimage\"},\"image\":{\"@id\":\"https:\/\/apedaf.be\/wordpress\/parents-relais\/#primaryimage\"},\"thumbnailUrl\":\"https:\/\/apedaf.be\/wordpress\/wp-content\/uploads\/2024\/10\/SITE-visuels-services--1024x576.jpg\",\"datePublished\":\"2015-08-05T11:32:19+00:00\",\"dateModified\":\"2025-05-28T13:50:55+00:00\",\"breadcrumb\":{\"@id\":\"https:\/\/apedaf.be\/wordpress\/parents-relais\/#breadcrumb\"},\"inLanguage\":\"fr-FR\",\"potentialAction\":[{\"@type\":\"ReadAction\",\"target\":[\"https:\/\/apedaf.be\/wordpress\/parents-relais\/\"]}]},{\"@type\":\"ImageObject\",\"inLanguage\":\"fr-FR\",\"@id\":\"https:\/\/apedaf.be\/wordpress\/parents-relais\/#primaryimage\",\"url\":\"https:\/\/apedaf.be\/wordpress\/wp-content\/uploads\/2024\/10\/SITE-visuels-services-.jpg\",\"contentUrl\":\"https:\/\/apedaf.be\/wordpress\/wp-content\/uploads\/2024\/10\/SITE-visuels-services-.jpg\",\"width\":1920,\"height\":1080,\"caption\":\"service parent-relais\"},{\"@type\":\"BreadcrumbList\",\"@id\":\"https:\/\/apedaf.be\/wordpress\/parents-relais\/#breadcrumb\",\"itemListElement\":[{\"@type\":\"ListItem\",\"position\":1,\"name\":\"Accueil\",\"item\":\"https:\/\/apedaf.be\/wordpress\/\"},{\"@type\":\"ListItem\",\"position\":2,\"name\":\"Parents-relais\"}]},{\"@type\":\"WebSite\",\"@id\":\"https:\/\/apedaf.be\/wordpress\/#website\",\"url\":\"https:\/\/apedaf.be\/wordpress\/\",\"name\":\"L'APEDAF asbl\",\"description\":\"Pour l&#039;\u00e9panouissement des enfants sourds et malentendants\",\"publisher\":{\"@id\":\"https:\/\/apedaf.be\/wordpress\/#organization\"},\"potentialAction\":[{\"@type\":\"SearchAction\",\"target\":{\"@type\":\"EntryPoint\",\"urlTemplate\":\"https:\/\/apedaf.be\/wordpress\/?s={search_term_string}\"},\"query-input\":{\"@type\":\"PropertyValueSpecification\",\"valueRequired\":true,\"valueName\":\"search_term_string\"}}],\"inLanguage\":\"fr-FR\"},{\"@type\":\"Organization\",\"@id\":\"https:\/\/apedaf.be\/wordpress\/#organization\",\"name\":\"L'APEDAF asbl\",\"url\":\"https:\/\/apedaf.be\/wordpress\/\",\"logo\":{\"@type\":\"ImageObject\",\"inLanguage\":\"fr-FR\",\"@id\":\"https:\/\/apedaf.be\/wordpress\/#\/schema\/logo\/image\/\",\"url\":\"https:\/\/apedaf.be\/wordpress\/wp-content\/uploads\/2020\/04\/cropped-Apedaf-QUADRI-general-V-e1586436209432-2.png\",\"contentUrl\":\"https:\/\/apedaf.be\/wordpress\/wp-content\/uploads\/2020\/04\/cropped-Apedaf-QUADRI-general-V-e1586436209432-2.png\",\"width\":620,\"height\":273,\"caption\":\"L'APEDAF asbl\"},\"image\":{\"@id\":\"https:\/\/apedaf.be\/wordpress\/#\/schema\/logo\/image\/\"},\"sameAs\":[\"https:\/\/www.facebook.com\/apedaf\/\",\"https:\/\/www.instagram.com\/asblapedaf\/\"]}]}<\/script>\n<!-- \/ Yoast SEO plugin. -->","yoast_head_json":{"title":"Parents-relais - APEDAF asbl","robots":{"index":"index","follow":"follow","max-snippet":"max-snippet:-1","max-image-preview":"max-image-preview:large","max-video-preview":"max-video-preview:-1"},"canonical":"https:\/\/apedaf.be\/wordpress\/parents-relais\/","og_locale":"fr_FR","og_type":"article","og_title":"Parents-relais - APEDAF asbl","og_description":"Les parents-relais Les parents-relais sont des parents d\u2019enfant sourd ayant le recul n\u00e9cessaire pour rencontrer les familles qui viennent d\u2019apprendre la surdit\u00e9 de leur enfant, \u00eatre \u00e0 leurs c\u00f4t\u00e9s lors des moments d\u2019incertitude et de recherche, les informer en ouvrant de nouvelles portes, sans vouloir mettre en avant leurs propres choix. Cette \u00e9quipe, cr\u00e9\u00e9e en [&hellip;]","og_url":"https:\/\/apedaf.be\/wordpress\/parents-relais\/","og_site_name":"APEDAF asbl","article_publisher":"https:\/\/www.facebook.com\/apedaf\/","article_modified_time":"2025-05-28T13:50:55+00:00","og_image":[{"url":"https:\/\/apedaf.be\/wordpress\/wp-content\/uploads\/2024\/10\/SITE-visuels-services--1024x576.jpg","type":"","width":"","height":""}],"twitter_card":"summary_large_image","twitter_misc":{"Dur\u00e9e de lecture estim\u00e9e":"2 minutes"},"schema":{"@context":"https:\/\/schema.org","@graph":[{"@type":"WebPage","@id":"https:\/\/apedaf.be\/wordpress\/parents-relais\/","url":"https:\/\/apedaf.be\/wordpress\/parents-relais\/","name":"Parents-relais - APEDAF asbl","isPartOf":{"@id":"https:\/\/apedaf.be\/wordpress\/#website"},"primaryImageOfPage":{"@id":"https:\/\/apedaf.be\/wordpress\/parents-relais\/#primaryimage"},"image":{"@id":"https:\/\/apedaf.be\/wordpress\/parents-relais\/#primaryimage"},"thumbnailUrl":"https:\/\/apedaf.be\/wordpress\/wp-content\/uploads\/2024\/10\/SITE-visuels-services--1024x576.jpg","datePublished":"2015-08-05T11:32:19+00:00","dateModified":"2025-05-28T13:50:55+00:00","breadcrumb":{"@id":"https:\/\/apedaf.be\/wordpress\/parents-relais\/#breadcrumb"},"inLanguage":"fr-FR","potentialAction":[{"@type":"ReadAction","target":["https:\/\/apedaf.be\/wordpress\/parents-relais\/"]}]},{"@type":"ImageObject","inLanguage":"fr-FR","@id":"https:\/\/apedaf.be\/wordpress\/parents-relais\/#primaryimage","url":"https:\/\/apedaf.be\/wordpress\/wp-content\/uploads\/2024\/10\/SITE-visuels-services-.jpg","contentUrl":"https:\/\/apedaf.be\/wordpress\/wp-content\/uploads\/2024\/10\/SITE-visuels-services-.jpg","width":1920,"height":1080,"caption":"service parent-relais"},{"@type":"BreadcrumbList","@id":"https:\/\/apedaf.be\/wordpress\/parents-relais\/#breadcrumb","itemListElement":[{"@type":"ListItem","position":1,"name":"Accueil","item":"https:\/\/apedaf.be\/wordpress\/"},{"@type":"ListItem","position":2,"name":"Parents-relais"}]},{"@type":"WebSite","@id":"https:\/\/apedaf.be\/wordpress\/#website","url":"https:\/\/apedaf.be\/wordpress\/","name":"L'APEDAF asbl","description":"Pour l&#039;\u00e9panouissement des enfants sourds et malentendants","publisher":{"@id":"https:\/\/apedaf.be\/wordpress\/#organization"},"potentialAction":[{"@type":"SearchAction","target":{"@type":"EntryPoint","urlTemplate":"https:\/\/apedaf.be\/wordpress\/?s={search_term_string}"},"query-input":{"@type":"PropertyValueSpecification","valueRequired":true,"valueName":"search_term_string"}}],"inLanguage":"fr-FR"},{"@type":"Organization","@id":"https:\/\/apedaf.be\/wordpress\/#organization","name":"L'APEDAF asbl","url":"https:\/\/apedaf.be\/wordpress\/","logo":{"@type":"ImageObject","inLanguage":"fr-FR","@id":"https:\/\/apedaf.be\/wordpress\/#\/schema\/logo\/image\/","url":"https:\/\/apedaf.be\/wordpress\/wp-content\/uploads\/2020\/04\/cropped-Apedaf-QUADRI-general-V-e1586436209432-2.png","contentUrl":"https:\/\/apedaf.be\/wordpress\/wp-content\/uploads\/2020\/04\/cropped-Apedaf-QUADRI-general-V-e1586436209432-2.png","width":620,"height":273,"caption":"L'APEDAF asbl"},"image":{"@id":"https:\/\/apedaf.be\/wordpress\/#\/schema\/logo\/image\/"},"sameAs":["https:\/\/www.facebook.com\/apedaf\/","https:\/\/www.instagram.com\/asblapedaf\/"]}]}},"jetpack_sharing_enabled":true,"_links":{"self":[{"href":"https:\/\/apedaf.be\/wordpress\/wp-json\/wp\/v2\/pages\/25","targetHints":{"allow":["GET"]}}],"collection":[{"href":"https:\/\/apedaf.be\/wordpress\/wp-json\/wp\/v2\/pages"}],"about":[{"href":"https:\/\/apedaf.be\/wordpress\/wp-json\/wp\/v2\/types\/page"}],"author":[{"embeddable":true,"href":"https:\/\/apedaf.be\/wordpress\/wp-json\/wp\/v2\/users\/1"}],"replies":[{"embeddable":true,"href":"https:\/\/apedaf.be\/wordpress\/wp-json\/wp\/v2\/comments?post=25"}],"version-history":[{"count":37,"href":"https:\/\/apedaf.be\/wordpress\/wp-json\/wp\/v2\/pages\/25\/revisions"}],"predecessor-version":[{"id":11036,"href":"https:\/\/apedaf.be\/wordpress\/wp-json\/wp\/v2\/pages\/25\/revisions\/11036"}],"wp:attachment":[{"href":"https:\/\/apedaf.be\/wordpress\/wp-json\/wp\/v2\/media?parent=25"}],"curies":[{"name":"wp","href":"https:\/\/api.w.org\/{rel}","templated":true}]}}