{"id":2524,"date":"2017-06-07T09:17:28","date_gmt":"2017-06-07T09:17:28","guid":{"rendered":"https:\/\/apedaf.be\/wordpress\/?page_id=2524"},"modified":"2025-05-28T13:47:51","modified_gmt":"2025-05-28T13:47:51","slug":"devenez-benevole","status":"publish","type":"page","link":"https:\/\/apedaf.be\/wordpress\/devenez-benevole\/","title":{"rendered":"Devenez b\u00e9n\u00e9vole"},"content":{"rendered":"\t\t<div data-elementor-type=\"wp-page\" data-elementor-id=\"2524\" class=\"elementor elementor-2524\" data-elementor-post-type=\"page\">\n\t\t\t\t<div class=\"elementor-element elementor-element-1c236ce e-flex e-con-boxed e-con e-parent\" data-id=\"1c236ce\" data-element_type=\"container\" data-e-type=\"container\">\n\t\t\t\t\t<div class=\"e-con-inner\">\n\t\t\t\t<div class=\"elementor-element elementor-element-6e9b577 elementor-widget elementor-widget-spacer\" data-id=\"6e9b577\" data-element_type=\"widget\" data-e-type=\"widget\" data-widget_type=\"spacer.default\">\n\t\t\t\t<div class=\"elementor-widget-container\">\n\t\t\t\t\t\t\t<div class=\"elementor-spacer\">\n\t\t\t<div class=\"elementor-spacer-inner\"><\/div>\n\t\t<\/div>\n\t\t\t\t\t\t<\/div>\n\t\t\t\t<\/div>\n\t\t\t\t<div class=\"elementor-element elementor-element-b752265 elementor-widget elementor-widget-heading\" data-id=\"b752265\" data-element_type=\"widget\" data-e-type=\"widget\" data-widget_type=\"heading.default\">\n\t\t\t\t<div class=\"elementor-widget-container\">\n\t\t\t\t\t<h2 class=\"elementor-heading-title elementor-size-default\">Devenir b\u00e9n\u00e9vole<\/h2>\t\t\t\t<\/div>\n\t\t\t\t<\/div>\n\t\t\t\t\t<\/div>\n\t\t\t\t<\/div>\n\t\t<div class=\"elementor-element elementor-element-cc5c8a8 e-flex e-con-boxed e-con e-parent\" data-id=\"cc5c8a8\" data-element_type=\"container\" data-e-type=\"container\">\n\t\t\t\t\t<div class=\"e-con-inner\">\n\t\t<div class=\"elementor-element elementor-element-8e2d9f1 e-con-full e-flex e-con e-child\" data-id=\"8e2d9f1\" data-element_type=\"container\" data-e-type=\"container\">\n\t\t\t\t<div class=\"elementor-element elementor-element-6bc4ca2 elementor-widget elementor-widget-text-editor\" data-id=\"6bc4ca2\" data-element_type=\"widget\" data-e-type=\"widget\" data-widget_type=\"text-editor.default\">\n\t\t\t\t<div class=\"elementor-widget-container\">\n\t\t\t\t\t\t\t\t\t<p>Vous souhaitez nous aider autrement qu&rsquo;avec un don ? Offrez-nous un peu de votre temps et devenez volontaire \u00e0 l&rsquo;APEDAF. Vous \u00eates dynamique, entreprenant et vous souhaitez nous aider dans nos projets? Il y aura toujours une place pour vous dans notre \u00e9quipe !<\/p><p><strong>Comment nous rejoindre ?<\/strong><br \/>N&rsquo;h\u00e9sitez pas \u00e0 compl\u00e9ter le formulaire afin de nous faire parvenir vos coordonn\u00e9es et vos talents. Nous ne manquerons pas de vous contacter par la suite.<\/p>\t\t\t\t\t\t\t\t<\/div>\n\t\t\t\t<\/div>\n\t\t\t\t<div class=\"elementor-element elementor-element-47fbfed elementor-widget elementor-widget-button\" data-id=\"47fbfed\" data-element_type=\"widget\" data-e-type=\"widget\" data-widget_type=\"button.default\">\n\t\t\t\t<div class=\"elementor-widget-container\">\n\t\t\t\t\t\t\t\t\t<div class=\"elementor-button-wrapper\">\n\t\t\t\t\t<a class=\"elementor-button elementor-button-link elementor-size-sm\" href=\"https:\/\/forms.office.com\/Pages\/ResponsePage.aspx?id=zLSBKFCloUqWzY-zYBQd93vbqIRD0NtBg5qUUVKmSIJUQlRBRDc4SThKVU5TRk85ODhZSklOMFlGVCQlQCN0PWcu\">\n\t\t\t\t\t\t<span class=\"elementor-button-content-wrapper\">\n\t\t\t\t\t\t\t\t\t<span class=\"elementor-button-text\">Formulaire d'inscription<\/span>\n\t\t\t\t\t<\/span>\n\t\t\t\t\t<\/a>\n\t\t\t\t<\/div>\n\t\t\t\t\t\t\t\t<\/div>\n\t\t\t\t<\/div>\n\t\t\t\t<\/div>\n\t\t<div class=\"elementor-element elementor-element-986bf7b e-con-full e-flex e-con e-child\" data-id=\"986bf7b\" data-element_type=\"container\" data-e-type=\"container\">\n\t\t\t\t<div class=\"elementor-element elementor-element-3a10d2c elementor-widget elementor-widget-image\" data-id=\"3a10d2c\" data-element_type=\"widget\" data-e-type=\"widget\" data-widget_type=\"image.default\">\n\t\t\t\t<div class=\"elementor-widget-container\">\n\t\t\t\t\t\t\t\t\t\t\t\t\t\t\t<img fetchpriority=\"high\" decoding=\"async\" width=\"1024\" height=\"576\" src=\"https:\/\/apedaf.be\/wordpress\/wp-content\/uploads\/2025\/04\/SITE-visuels-services--1024x576.webp\" class=\"attachment-large size-large wp-image-10559\" alt=\"SITE visuels b\u00e9n\u00e9voles\" srcset=\"https:\/\/apedaf.be\/wordpress\/wp-content\/uploads\/2025\/04\/SITE-visuels-services--1024x576.webp 1024w, https:\/\/apedaf.be\/wordpress\/wp-content\/uploads\/2025\/04\/SITE-visuels-services--300x169.webp 300w, https:\/\/apedaf.be\/wordpress\/wp-content\/uploads\/2025\/04\/SITE-visuels-services--768x432.webp 768w, https:\/\/apedaf.be\/wordpress\/wp-content\/uploads\/2025\/04\/SITE-visuels-services--1536x864.webp 1536w, https:\/\/apedaf.be\/wordpress\/wp-content\/uploads\/2025\/04\/SITE-visuels-services--800x450.webp 800w, https:\/\/apedaf.be\/wordpress\/wp-content\/uploads\/2025\/04\/SITE-visuels-services-.webp 1920w\" sizes=\"(max-width: 1024px) 100vw, 1024px\" \/>\t\t\t\t\t\t\t\t\t\t\t\t\t\t\t<\/div>\n\t\t\t\t<\/div>\n\t\t\t\t<\/div>\n\t\t\t\t\t<\/div>\n\t\t\t\t<\/div>\n\t\t\t\t<\/div>\n\t\t","protected":false},"excerpt":{"rendered":"<p>Devenir b\u00e9n\u00e9vole Vous souhaitez nous aider autrement qu&rsquo;avec un don ? Offrez-nous un peu de votre temps et devenez volontaire \u00e0 l&rsquo;APEDAF. Vous \u00eates dynamique, entreprenant et vous souhaitez nous aider dans nos projets? Il y aura toujours une place pour vous dans notre \u00e9quipe ! Comment nous rejoindre ?N&rsquo;h\u00e9sitez pas \u00e0 compl\u00e9ter le formulaire [&hellip;]<\/p>\n","protected":false},"author":1,"featured_media":0,"parent":0,"menu_order":0,"comment_status":"closed","ping_status":"closed","template":"","meta":{"footnotes":""},"class_list":["post-2524","page","type-page","status-publish","hentry","entry"],"yoast_head":"<!-- This site is optimized with the Yoast SEO plugin v27.2 - https:\/\/yoast.com\/product\/yoast-seo-wordpress\/ -->\n<title>Devenez b\u00e9n\u00e9vole - APEDAF asbl<\/title>\n<meta name=\"robots\" content=\"index, follow, max-snippet:-1, max-image-preview:large, max-video-preview:-1\" \/>\n<link rel=\"canonical\" href=\"https:\/\/apedaf.be\/wordpress\/devenez-benevole\/\" \/>\n<meta property=\"og:locale\" content=\"fr_FR\" \/>\n<meta property=\"og:type\" content=\"article\" \/>\n<meta property=\"og:title\" content=\"Devenez b\u00e9n\u00e9vole - APEDAF asbl\" \/>\n<meta property=\"og:description\" content=\"Devenir b\u00e9n\u00e9vole Vous souhaitez nous aider autrement qu&rsquo;avec un don ? Offrez-nous un peu de votre temps et devenez volontaire \u00e0 l&rsquo;APEDAF. Vous \u00eates dynamique, entreprenant et vous souhaitez nous aider dans nos projets? Il y aura toujours une place pour vous dans notre \u00e9quipe ! Comment nous rejoindre ?N&rsquo;h\u00e9sitez pas \u00e0 compl\u00e9ter le formulaire [&hellip;]\" \/>\n<meta property=\"og:url\" content=\"https:\/\/apedaf.be\/wordpress\/devenez-benevole\/\" \/>\n<meta property=\"og:site_name\" content=\"APEDAF asbl\" \/>\n<meta property=\"article:publisher\" content=\"https:\/\/www.facebook.com\/apedaf\/\" \/>\n<meta property=\"article:modified_time\" content=\"2025-05-28T13:47:51+00:00\" \/>\n<meta property=\"og:image\" content=\"https:\/\/apedaf.be\/wordpress\/wp-content\/uploads\/2025\/04\/SITE-visuels-services--1024x576.webp\" \/>\n<meta name=\"twitter:card\" content=\"summary_large_image\" \/>\n<meta name=\"twitter:label1\" content=\"Dur\u00e9e de lecture estim\u00e9e\" \/>\n\t<meta name=\"twitter:data1\" content=\"1 minute\" \/>\n<script type=\"application\/ld+json\" class=\"yoast-schema-graph\">{\"@context\":\"https:\/\/schema.org\",\"@graph\":[{\"@type\":\"WebPage\",\"@id\":\"https:\/\/apedaf.be\/wordpress\/devenez-benevole\/\",\"url\":\"https:\/\/apedaf.be\/wordpress\/devenez-benevole\/\",\"name\":\"Devenez b\u00e9n\u00e9vole - APEDAF asbl\",\"isPartOf\":{\"@id\":\"https:\/\/apedaf.be\/wordpress\/#website\"},\"primaryImageOfPage\":{\"@id\":\"https:\/\/apedaf.be\/wordpress\/devenez-benevole\/#primaryimage\"},\"image\":{\"@id\":\"https:\/\/apedaf.be\/wordpress\/devenez-benevole\/#primaryimage\"},\"thumbnailUrl\":\"https:\/\/apedaf.be\/wordpress\/wp-content\/uploads\/2025\/04\/SITE-visuels-services--1024x576.webp\",\"datePublished\":\"2017-06-07T09:17:28+00:00\",\"dateModified\":\"2025-05-28T13:47:51+00:00\",\"breadcrumb\":{\"@id\":\"https:\/\/apedaf.be\/wordpress\/devenez-benevole\/#breadcrumb\"},\"inLanguage\":\"fr-FR\",\"potentialAction\":[{\"@type\":\"ReadAction\",\"target\":[\"https:\/\/apedaf.be\/wordpress\/devenez-benevole\/\"]}]},{\"@type\":\"ImageObject\",\"inLanguage\":\"fr-FR\",\"@id\":\"https:\/\/apedaf.be\/wordpress\/devenez-benevole\/#primaryimage\",\"url\":\"https:\/\/apedaf.be\/wordpress\/wp-content\/uploads\/2025\/04\/SITE-visuels-services-.webp\",\"contentUrl\":\"https:\/\/apedaf.be\/wordpress\/wp-content\/uploads\/2025\/04\/SITE-visuels-services-.webp\",\"width\":1920,\"height\":1080,\"caption\":\"SITE visuels b\u00e9n\u00e9voles\"},{\"@type\":\"BreadcrumbList\",\"@id\":\"https:\/\/apedaf.be\/wordpress\/devenez-benevole\/#breadcrumb\",\"itemListElement\":[{\"@type\":\"ListItem\",\"position\":1,\"name\":\"Accueil\",\"item\":\"https:\/\/apedaf.be\/wordpress\/\"},{\"@type\":\"ListItem\",\"position\":2,\"name\":\"Devenez b\u00e9n\u00e9vole\"}]},{\"@type\":\"WebSite\",\"@id\":\"https:\/\/apedaf.be\/wordpress\/#website\",\"url\":\"https:\/\/apedaf.be\/wordpress\/\",\"name\":\"L'APEDAF asbl\",\"description\":\"Pour l&#039;\u00e9panouissement des enfants sourds et malentendants\",\"publisher\":{\"@id\":\"https:\/\/apedaf.be\/wordpress\/#organization\"},\"potentialAction\":[{\"@type\":\"SearchAction\",\"target\":{\"@type\":\"EntryPoint\",\"urlTemplate\":\"https:\/\/apedaf.be\/wordpress\/?s={search_term_string}\"},\"query-input\":{\"@type\":\"PropertyValueSpecification\",\"valueRequired\":true,\"valueName\":\"search_term_string\"}}],\"inLanguage\":\"fr-FR\"},{\"@type\":\"Organization\",\"@id\":\"https:\/\/apedaf.be\/wordpress\/#organization\",\"name\":\"L'APEDAF asbl\",\"url\":\"https:\/\/apedaf.be\/wordpress\/\",\"logo\":{\"@type\":\"ImageObject\",\"inLanguage\":\"fr-FR\",\"@id\":\"https:\/\/apedaf.be\/wordpress\/#\/schema\/logo\/image\/\",\"url\":\"https:\/\/apedaf.be\/wordpress\/wp-content\/uploads\/2020\/04\/cropped-Apedaf-QUADRI-general-V-e1586436209432-2.png\",\"contentUrl\":\"https:\/\/apedaf.be\/wordpress\/wp-content\/uploads\/2020\/04\/cropped-Apedaf-QUADRI-general-V-e1586436209432-2.png\",\"width\":620,\"height\":273,\"caption\":\"L'APEDAF asbl\"},\"image\":{\"@id\":\"https:\/\/apedaf.be\/wordpress\/#\/schema\/logo\/image\/\"},\"sameAs\":[\"https:\/\/www.facebook.com\/apedaf\/\",\"https:\/\/www.instagram.com\/asblapedaf\/\"]}]}<\/script>\n<!-- \/ Yoast SEO plugin. -->","yoast_head_json":{"title":"Devenez b\u00e9n\u00e9vole - APEDAF asbl","robots":{"index":"index","follow":"follow","max-snippet":"max-snippet:-1","max-image-preview":"max-image-preview:large","max-video-preview":"max-video-preview:-1"},"canonical":"https:\/\/apedaf.be\/wordpress\/devenez-benevole\/","og_locale":"fr_FR","og_type":"article","og_title":"Devenez b\u00e9n\u00e9vole - APEDAF asbl","og_description":"Devenir b\u00e9n\u00e9vole Vous souhaitez nous aider autrement qu&rsquo;avec un don ? Offrez-nous un peu de votre temps et devenez volontaire \u00e0 l&rsquo;APEDAF. Vous \u00eates dynamique, entreprenant et vous souhaitez nous aider dans nos projets? Il y aura toujours une place pour vous dans notre \u00e9quipe ! Comment nous rejoindre ?N&rsquo;h\u00e9sitez pas \u00e0 compl\u00e9ter le formulaire [&hellip;]","og_url":"https:\/\/apedaf.be\/wordpress\/devenez-benevole\/","og_site_name":"APEDAF asbl","article_publisher":"https:\/\/www.facebook.com\/apedaf\/","article_modified_time":"2025-05-28T13:47:51+00:00","og_image":[{"url":"https:\/\/apedaf.be\/wordpress\/wp-content\/uploads\/2025\/04\/SITE-visuels-services--1024x576.webp","type":"","width":"","height":""}],"twitter_card":"summary_large_image","twitter_misc":{"Dur\u00e9e de lecture estim\u00e9e":"1 minute"},"schema":{"@context":"https:\/\/schema.org","@graph":[{"@type":"WebPage","@id":"https:\/\/apedaf.be\/wordpress\/devenez-benevole\/","url":"https:\/\/apedaf.be\/wordpress\/devenez-benevole\/","name":"Devenez b\u00e9n\u00e9vole - APEDAF asbl","isPartOf":{"@id":"https:\/\/apedaf.be\/wordpress\/#website"},"primaryImageOfPage":{"@id":"https:\/\/apedaf.be\/wordpress\/devenez-benevole\/#primaryimage"},"image":{"@id":"https:\/\/apedaf.be\/wordpress\/devenez-benevole\/#primaryimage"},"thumbnailUrl":"https:\/\/apedaf.be\/wordpress\/wp-content\/uploads\/2025\/04\/SITE-visuels-services--1024x576.webp","datePublished":"2017-06-07T09:17:28+00:00","dateModified":"2025-05-28T13:47:51+00:00","breadcrumb":{"@id":"https:\/\/apedaf.be\/wordpress\/devenez-benevole\/#breadcrumb"},"inLanguage":"fr-FR","potentialAction":[{"@type":"ReadAction","target":["https:\/\/apedaf.be\/wordpress\/devenez-benevole\/"]}]},{"@type":"ImageObject","inLanguage":"fr-FR","@id":"https:\/\/apedaf.be\/wordpress\/devenez-benevole\/#primaryimage","url":"https:\/\/apedaf.be\/wordpress\/wp-content\/uploads\/2025\/04\/SITE-visuels-services-.webp","contentUrl":"https:\/\/apedaf.be\/wordpress\/wp-content\/uploads\/2025\/04\/SITE-visuels-services-.webp","width":1920,"height":1080,"caption":"SITE visuels b\u00e9n\u00e9voles"},{"@type":"BreadcrumbList","@id":"https:\/\/apedaf.be\/wordpress\/devenez-benevole\/#breadcrumb","itemListElement":[{"@type":"ListItem","position":1,"name":"Accueil","item":"https:\/\/apedaf.be\/wordpress\/"},{"@type":"ListItem","position":2,"name":"Devenez b\u00e9n\u00e9vole"}]},{"@type":"WebSite","@id":"https:\/\/apedaf.be\/wordpress\/#website","url":"https:\/\/apedaf.be\/wordpress\/","name":"L'APEDAF asbl","description":"Pour l&#039;\u00e9panouissement des enfants sourds et malentendants","publisher":{"@id":"https:\/\/apedaf.be\/wordpress\/#organization"},"potentialAction":[{"@type":"SearchAction","target":{"@type":"EntryPoint","urlTemplate":"https:\/\/apedaf.be\/wordpress\/?s={search_term_string}"},"query-input":{"@type":"PropertyValueSpecification","valueRequired":true,"valueName":"search_term_string"}}],"inLanguage":"fr-FR"},{"@type":"Organization","@id":"https:\/\/apedaf.be\/wordpress\/#organization","name":"L'APEDAF asbl","url":"https:\/\/apedaf.be\/wordpress\/","logo":{"@type":"ImageObject","inLanguage":"fr-FR","@id":"https:\/\/apedaf.be\/wordpress\/#\/schema\/logo\/image\/","url":"https:\/\/apedaf.be\/wordpress\/wp-content\/uploads\/2020\/04\/cropped-Apedaf-QUADRI-general-V-e1586436209432-2.png","contentUrl":"https:\/\/apedaf.be\/wordpress\/wp-content\/uploads\/2020\/04\/cropped-Apedaf-QUADRI-general-V-e1586436209432-2.png","width":620,"height":273,"caption":"L'APEDAF asbl"},"image":{"@id":"https:\/\/apedaf.be\/wordpress\/#\/schema\/logo\/image\/"},"sameAs":["https:\/\/www.facebook.com\/apedaf\/","https:\/\/www.instagram.com\/asblapedaf\/"]}]}},"jetpack_sharing_enabled":true,"_links":{"self":[{"href":"https:\/\/apedaf.be\/wordpress\/wp-json\/wp\/v2\/pages\/2524","targetHints":{"allow":["GET"]}}],"collection":[{"href":"https:\/\/apedaf.be\/wordpress\/wp-json\/wp\/v2\/pages"}],"about":[{"href":"https:\/\/apedaf.be\/wordpress\/wp-json\/wp\/v2\/types\/page"}],"author":[{"embeddable":true,"href":"https:\/\/apedaf.be\/wordpress\/wp-json\/wp\/v2\/users\/1"}],"replies":[{"embeddable":true,"href":"https:\/\/apedaf.be\/wordpress\/wp-json\/wp\/v2\/comments?post=2524"}],"version-history":[{"count":41,"href":"https:\/\/apedaf.be\/wordpress\/wp-json\/wp\/v2\/pages\/2524\/revisions"}],"predecessor-version":[{"id":11246,"href":"https:\/\/apedaf.be\/wordpress\/wp-json\/wp\/v2\/pages\/2524\/revisions\/11246"}],"wp:attachment":[{"href":"https:\/\/apedaf.be\/wordpress\/wp-json\/wp\/v2\/media?parent=2524"}],"curies":[{"name":"wp","href":"https:\/\/api.w.org\/{rel}","templated":true}]}}