{"id":5105,"date":"2021-06-04T10:22:20","date_gmt":"2021-06-04T10:22:20","guid":{"rendered":"https:\/\/apedaf.be\/wordpress\/?page_id=5105"},"modified":"2025-05-28T13:51:22","modified_gmt":"2025-05-28T13:51:22","slug":"les-groupes-de-parole","status":"publish","type":"page","link":"https:\/\/apedaf.be\/wordpress\/les-groupes-de-parole\/","title":{"rendered":"Les groupes de parole"},"content":{"rendered":"\t\t<div data-elementor-type=\"wp-page\" data-elementor-id=\"5105\" class=\"elementor elementor-5105\" data-elementor-post-type=\"page\">\n\t\t\t\t<div class=\"elementor-element elementor-element-57fec9c e-flex e-con-boxed e-con e-parent\" data-id=\"57fec9c\" data-element_type=\"container\" data-e-type=\"container\" data-settings=\"{&quot;background_background&quot;:&quot;classic&quot;}\">\n\t\t\t\t\t<div class=\"e-con-inner\">\n\t\t\t\t<div class=\"elementor-element elementor-element-724c7bf elementor-widget elementor-widget-spacer\" data-id=\"724c7bf\" data-element_type=\"widget\" data-e-type=\"widget\" data-widget_type=\"spacer.default\">\n\t\t\t\t<div class=\"elementor-widget-container\">\n\t\t\t\t\t\t\t<div class=\"elementor-spacer\">\n\t\t\t<div class=\"elementor-spacer-inner\"><\/div>\n\t\t<\/div>\n\t\t\t\t\t\t<\/div>\n\t\t\t\t<\/div>\n\t\t\t\t<div class=\"elementor-element elementor-element-19a422b elementor-widget elementor-widget-heading\" data-id=\"19a422b\" data-element_type=\"widget\" data-e-type=\"widget\" data-widget_type=\"heading.default\">\n\t\t\t\t<div class=\"elementor-widget-container\">\n\t\t\t\t\t<h2 class=\"elementor-heading-title elementor-size-default\">Les groupes de parole<\/h2>\t\t\t\t<\/div>\n\t\t\t\t<\/div>\n\t\t\t\t<div class=\"elementor-element elementor-element-3be3c08 elementor-widget elementor-widget-spacer\" data-id=\"3be3c08\" data-element_type=\"widget\" data-e-type=\"widget\" data-widget_type=\"spacer.default\">\n\t\t\t\t<div class=\"elementor-widget-container\">\n\t\t\t\t\t\t\t<div class=\"elementor-spacer\">\n\t\t\t<div class=\"elementor-spacer-inner\"><\/div>\n\t\t<\/div>\n\t\t\t\t\t\t<\/div>\n\t\t\t\t<\/div>\n\t\t\t\t\t<\/div>\n\t\t\t\t<\/div>\n\t\t<div class=\"elementor-element elementor-element-513d43d e-flex e-con-boxed e-con e-parent\" data-id=\"513d43d\" data-element_type=\"container\" data-e-type=\"container\">\n\t\t\t\t\t<div class=\"e-con-inner\">\n\t\t<div class=\"elementor-element elementor-element-dd0efe5 e-con-full e-flex e-con e-child\" data-id=\"dd0efe5\" data-element_type=\"container\" data-e-type=\"container\">\n\t\t\t\t<div class=\"elementor-element elementor-element-8cb4c6f elementor-widget elementor-widget-text-editor\" data-id=\"8cb4c6f\" data-element_type=\"widget\" data-e-type=\"widget\" data-widget_type=\"text-editor.default\">\n\t\t\t\t<div class=\"elementor-widget-container\">\n\t\t\t\t\t\t\t\t\t<p class=\"\" data-start=\"141\" data-end=\"375\">Vous \u00eates parent d\u2019un enfant sourd ou malentendant ?<br data-start=\"197\" data-end=\"200\" \/>Vous aimeriez \u00e9changer avec d\u2019autres parents ?<br data-start=\"250\" data-end=\"253\" \/>Vous vous posez des questions, ou souhaitez en partager ?<br data-start=\"314\" data-end=\"317\" \/>Vous avez des id\u00e9es ou des exp\u00e9riences \u00e0 transmettre ?<\/p><p class=\"\" data-start=\"377\" data-end=\"679\">Les groupes de parole \u00ab\u00a0Caf\u00e9 Papote\u00a0\u00bb sont faits pour vous !<br data-start=\"439\" data-end=\"442\" \/>Dans un cadre bienveillant, nous \u00e9changeons entre parents, simplement, librement, autour de vos pr\u00e9occupations. Chacun prend la parole s\u2019il le souhaite. Chaque exp\u00e9rience est pr\u00e9cieuse, chaque t\u00e9moignage peut \u00e9clairer les autres.<\/p><p class=\"\" data-start=\"681\" data-end=\"811\">Notre objectif ? Que vous puissiez parler en toute confiance, avec d&rsquo;autres parents qui vivent une r\u00e9alit\u00e9 proche de la v\u00f4tre.<\/p><p class=\"\" data-start=\"813\" data-end=\"1021\">Quand ? Tous les jeudis, de 20h \u00e0 21h30, sur ZOOM.<br data-start=\"877\" data-end=\"880\" \/><strong data-start=\"883\" data-end=\"910\">Inscription obligatoire<\/strong> avant le <strong data-start=\"920\" data-end=\"933\">lundi 16h<\/strong> pr\u00e9c\u00e9dent la s\u00e9ance.<br data-start=\"953\" data-end=\"956\" \/><strong data-start=\"959\" data-end=\"988\" data-is-only-node=\"\">Minimum de 6 participants<\/strong> requis pour maintenir la session.<\/p><p class=\"\" data-start=\"813\" data-end=\"1021\"><span style=\"text-decoration: underline;\"><span style=\"color: #000000; text-decoration: underline;\">Nos prochaines dates :\u00a0<\/span><\/span><\/p><ul><li><strong>Jeudi 15\/05\/2024 \u00e0 20h<\/strong><\/li><li style=\"font-size: 14px;\"><strong>Jeudi 19\/06\/2024 \u00e0 20h<\/strong><\/li><\/ul><p class=\"\" data-start=\"1023\" data-end=\"1146\">Pour toute question, contactez-nous \u00e0 <strong data-start=\"1118\" data-end=\"1146\"><a class=\"cursor-pointer\" rel=\"noopener\" data-start=\"1120\" data-end=\"1144\">service.social@apedaf.be<\/a><\/strong><\/p>\t\t\t\t\t\t\t\t<\/div>\n\t\t\t\t<\/div>\n\t\t\t\t<\/div>\n\t\t<div class=\"elementor-element elementor-element-e5d510d e-con-full e-flex e-con e-child\" data-id=\"e5d510d\" data-element_type=\"container\" data-e-type=\"container\">\n\t\t<div class=\"elementor-element elementor-element-9a51514 e-con-full e-flex e-con e-child\" data-id=\"9a51514\" data-element_type=\"container\" data-e-type=\"container\">\n\t\t\t\t<div class=\"elementor-element elementor-element-93ef5ca elementor-widget elementor-widget-image\" data-id=\"93ef5ca\" data-element_type=\"widget\" data-e-type=\"widget\" data-widget_type=\"image.default\">\n\t\t\t\t<div class=\"elementor-widget-container\">\n\t\t\t\t\t\t\t\t\t\t\t\t\t\t\t<img fetchpriority=\"high\" decoding=\"async\" width=\"1024\" height=\"1024\" src=\"https:\/\/apedaf.be\/wordpress\/wp-content\/uploads\/2025\/05\/SERVICEGroupe-de-parole-1024x1024.png\" class=\"attachment-large size-large wp-image-11029\" alt=\"groupe-de-parole\" srcset=\"https:\/\/apedaf.be\/wordpress\/wp-content\/uploads\/2025\/05\/SERVICEGroupe-de-parole-1024x1024.png 1024w, https:\/\/apedaf.be\/wordpress\/wp-content\/uploads\/2025\/05\/SERVICEGroupe-de-parole-300x300.png 300w, https:\/\/apedaf.be\/wordpress\/wp-content\/uploads\/2025\/05\/SERVICEGroupe-de-parole-150x150.png 150w, https:\/\/apedaf.be\/wordpress\/wp-content\/uploads\/2025\/05\/SERVICEGroupe-de-parole-768x768.png 768w, https:\/\/apedaf.be\/wordpress\/wp-content\/uploads\/2025\/05\/SERVICEGroupe-de-parole-1536x1536.png 1536w, https:\/\/apedaf.be\/wordpress\/wp-content\/uploads\/2025\/05\/SERVICEGroupe-de-parole-600x600.png 600w, https:\/\/apedaf.be\/wordpress\/wp-content\/uploads\/2025\/05\/SERVICEGroupe-de-parole.png 1620w\" sizes=\"(max-width: 1024px) 100vw, 1024px\" \/>\t\t\t\t\t\t\t\t\t\t\t\t\t\t\t<\/div>\n\t\t\t\t<\/div>\n\t\t\t\t<\/div>\n\t\t\t\t<\/div>\n\t\t\t\t\t<\/div>\n\t\t\t\t<\/div>\n\t\t\t\t<\/div>\n\t\t","protected":false},"excerpt":{"rendered":"<p>Les groupes de parole Vous \u00eates parent d\u2019un enfant sourd ou malentendant ?Vous aimeriez \u00e9changer avec d\u2019autres parents ?Vous vous posez des questions, ou souhaitez en partager ?Vous avez des id\u00e9es ou des exp\u00e9riences \u00e0 transmettre ? Les groupes de parole \u00ab\u00a0Caf\u00e9 Papote\u00a0\u00bb sont faits pour vous !Dans un cadre bienveillant, nous \u00e9changeons entre parents, [&hellip;]<\/p>\n","protected":false},"author":1,"featured_media":0,"parent":0,"menu_order":0,"comment_status":"closed","ping_status":"closed","template":"","meta":{"footnotes":""},"class_list":["post-5105","page","type-page","status-publish","hentry","entry"],"yoast_head":"<!-- This site is optimized with the Yoast SEO plugin v27.2 - https:\/\/yoast.com\/product\/yoast-seo-wordpress\/ -->\n<title>Les groupes de parole - APEDAF asbl<\/title>\n<meta name=\"robots\" content=\"index, follow, max-snippet:-1, max-image-preview:large, max-video-preview:-1\" \/>\n<link rel=\"canonical\" href=\"https:\/\/apedaf.be\/wordpress\/les-groupes-de-parole\/\" \/>\n<meta property=\"og:locale\" content=\"fr_FR\" \/>\n<meta property=\"og:type\" content=\"article\" \/>\n<meta property=\"og:title\" content=\"Les groupes de parole - APEDAF asbl\" \/>\n<meta property=\"og:description\" content=\"Les groupes de parole Vous \u00eates parent d\u2019un enfant sourd ou malentendant ?Vous aimeriez \u00e9changer avec d\u2019autres parents ?Vous vous posez des questions, ou souhaitez en partager ?Vous avez des id\u00e9es ou des exp\u00e9riences \u00e0 transmettre ? Les groupes de parole \u00ab\u00a0Caf\u00e9 Papote\u00a0\u00bb sont faits pour vous !Dans un cadre bienveillant, nous \u00e9changeons entre parents, [&hellip;]\" \/>\n<meta property=\"og:url\" content=\"https:\/\/apedaf.be\/wordpress\/les-groupes-de-parole\/\" \/>\n<meta property=\"og:site_name\" content=\"APEDAF asbl\" \/>\n<meta property=\"article:publisher\" content=\"https:\/\/www.facebook.com\/apedaf\/\" \/>\n<meta property=\"article:modified_time\" content=\"2025-05-28T13:51:22+00:00\" \/>\n<meta property=\"og:image\" content=\"https:\/\/apedaf.be\/wordpress\/wp-content\/uploads\/2025\/05\/SERVICEGroupe-de-parole-1024x1024.png\" \/>\n<meta name=\"twitter:card\" content=\"summary_large_image\" \/>\n<meta name=\"twitter:label1\" content=\"Dur\u00e9e de lecture estim\u00e9e\" \/>\n\t<meta name=\"twitter:data1\" content=\"1 minute\" \/>\n<script type=\"application\/ld+json\" class=\"yoast-schema-graph\">{\"@context\":\"https:\/\/schema.org\",\"@graph\":[{\"@type\":\"WebPage\",\"@id\":\"https:\/\/apedaf.be\/wordpress\/les-groupes-de-parole\/\",\"url\":\"https:\/\/apedaf.be\/wordpress\/les-groupes-de-parole\/\",\"name\":\"Les groupes de parole - APEDAF asbl\",\"isPartOf\":{\"@id\":\"https:\/\/apedaf.be\/wordpress\/#website\"},\"primaryImageOfPage\":{\"@id\":\"https:\/\/apedaf.be\/wordpress\/les-groupes-de-parole\/#primaryimage\"},\"image\":{\"@id\":\"https:\/\/apedaf.be\/wordpress\/les-groupes-de-parole\/#primaryimage\"},\"thumbnailUrl\":\"https:\/\/apedaf.be\/wordpress\/wp-content\/uploads\/2025\/05\/SERVICEGroupe-de-parole-1024x1024.png\",\"datePublished\":\"2021-06-04T10:22:20+00:00\",\"dateModified\":\"2025-05-28T13:51:22+00:00\",\"breadcrumb\":{\"@id\":\"https:\/\/apedaf.be\/wordpress\/les-groupes-de-parole\/#breadcrumb\"},\"inLanguage\":\"fr-FR\",\"potentialAction\":[{\"@type\":\"ReadAction\",\"target\":[\"https:\/\/apedaf.be\/wordpress\/les-groupes-de-parole\/\"]}]},{\"@type\":\"ImageObject\",\"inLanguage\":\"fr-FR\",\"@id\":\"https:\/\/apedaf.be\/wordpress\/les-groupes-de-parole\/#primaryimage\",\"url\":\"https:\/\/apedaf.be\/wordpress\/wp-content\/uploads\/2025\/05\/SERVICEGroupe-de-parole.png\",\"contentUrl\":\"https:\/\/apedaf.be\/wordpress\/wp-content\/uploads\/2025\/05\/SERVICEGroupe-de-parole.png\",\"width\":1620,\"height\":1620,\"caption\":\"groupe-de-parole\"},{\"@type\":\"BreadcrumbList\",\"@id\":\"https:\/\/apedaf.be\/wordpress\/les-groupes-de-parole\/#breadcrumb\",\"itemListElement\":[{\"@type\":\"ListItem\",\"position\":1,\"name\":\"Accueil\",\"item\":\"https:\/\/apedaf.be\/wordpress\/\"},{\"@type\":\"ListItem\",\"position\":2,\"name\":\"Les groupes de parole\"}]},{\"@type\":\"WebSite\",\"@id\":\"https:\/\/apedaf.be\/wordpress\/#website\",\"url\":\"https:\/\/apedaf.be\/wordpress\/\",\"name\":\"L'APEDAF asbl\",\"description\":\"Pour l&#039;\u00e9panouissement des enfants sourds et malentendants\",\"publisher\":{\"@id\":\"https:\/\/apedaf.be\/wordpress\/#organization\"},\"potentialAction\":[{\"@type\":\"SearchAction\",\"target\":{\"@type\":\"EntryPoint\",\"urlTemplate\":\"https:\/\/apedaf.be\/wordpress\/?s={search_term_string}\"},\"query-input\":{\"@type\":\"PropertyValueSpecification\",\"valueRequired\":true,\"valueName\":\"search_term_string\"}}],\"inLanguage\":\"fr-FR\"},{\"@type\":\"Organization\",\"@id\":\"https:\/\/apedaf.be\/wordpress\/#organization\",\"name\":\"L'APEDAF asbl\",\"url\":\"https:\/\/apedaf.be\/wordpress\/\",\"logo\":{\"@type\":\"ImageObject\",\"inLanguage\":\"fr-FR\",\"@id\":\"https:\/\/apedaf.be\/wordpress\/#\/schema\/logo\/image\/\",\"url\":\"https:\/\/apedaf.be\/wordpress\/wp-content\/uploads\/2020\/04\/cropped-Apedaf-QUADRI-general-V-e1586436209432-2.png\",\"contentUrl\":\"https:\/\/apedaf.be\/wordpress\/wp-content\/uploads\/2020\/04\/cropped-Apedaf-QUADRI-general-V-e1586436209432-2.png\",\"width\":620,\"height\":273,\"caption\":\"L'APEDAF asbl\"},\"image\":{\"@id\":\"https:\/\/apedaf.be\/wordpress\/#\/schema\/logo\/image\/\"},\"sameAs\":[\"https:\/\/www.facebook.com\/apedaf\/\",\"https:\/\/www.instagram.com\/asblapedaf\/\"]}]}<\/script>\n<!-- \/ Yoast SEO plugin. -->","yoast_head_json":{"title":"Les groupes de parole - APEDAF asbl","robots":{"index":"index","follow":"follow","max-snippet":"max-snippet:-1","max-image-preview":"max-image-preview:large","max-video-preview":"max-video-preview:-1"},"canonical":"https:\/\/apedaf.be\/wordpress\/les-groupes-de-parole\/","og_locale":"fr_FR","og_type":"article","og_title":"Les groupes de parole - APEDAF asbl","og_description":"Les groupes de parole Vous \u00eates parent d\u2019un enfant sourd ou malentendant ?Vous aimeriez \u00e9changer avec d\u2019autres parents ?Vous vous posez des questions, ou souhaitez en partager ?Vous avez des id\u00e9es ou des exp\u00e9riences \u00e0 transmettre ? Les groupes de parole \u00ab\u00a0Caf\u00e9 Papote\u00a0\u00bb sont faits pour vous !Dans un cadre bienveillant, nous \u00e9changeons entre parents, [&hellip;]","og_url":"https:\/\/apedaf.be\/wordpress\/les-groupes-de-parole\/","og_site_name":"APEDAF asbl","article_publisher":"https:\/\/www.facebook.com\/apedaf\/","article_modified_time":"2025-05-28T13:51:22+00:00","og_image":[{"url":"https:\/\/apedaf.be\/wordpress\/wp-content\/uploads\/2025\/05\/SERVICEGroupe-de-parole-1024x1024.png","type":"","width":"","height":""}],"twitter_card":"summary_large_image","twitter_misc":{"Dur\u00e9e de lecture estim\u00e9e":"1 minute"},"schema":{"@context":"https:\/\/schema.org","@graph":[{"@type":"WebPage","@id":"https:\/\/apedaf.be\/wordpress\/les-groupes-de-parole\/","url":"https:\/\/apedaf.be\/wordpress\/les-groupes-de-parole\/","name":"Les groupes de parole - APEDAF asbl","isPartOf":{"@id":"https:\/\/apedaf.be\/wordpress\/#website"},"primaryImageOfPage":{"@id":"https:\/\/apedaf.be\/wordpress\/les-groupes-de-parole\/#primaryimage"},"image":{"@id":"https:\/\/apedaf.be\/wordpress\/les-groupes-de-parole\/#primaryimage"},"thumbnailUrl":"https:\/\/apedaf.be\/wordpress\/wp-content\/uploads\/2025\/05\/SERVICEGroupe-de-parole-1024x1024.png","datePublished":"2021-06-04T10:22:20+00:00","dateModified":"2025-05-28T13:51:22+00:00","breadcrumb":{"@id":"https:\/\/apedaf.be\/wordpress\/les-groupes-de-parole\/#breadcrumb"},"inLanguage":"fr-FR","potentialAction":[{"@type":"ReadAction","target":["https:\/\/apedaf.be\/wordpress\/les-groupes-de-parole\/"]}]},{"@type":"ImageObject","inLanguage":"fr-FR","@id":"https:\/\/apedaf.be\/wordpress\/les-groupes-de-parole\/#primaryimage","url":"https:\/\/apedaf.be\/wordpress\/wp-content\/uploads\/2025\/05\/SERVICEGroupe-de-parole.png","contentUrl":"https:\/\/apedaf.be\/wordpress\/wp-content\/uploads\/2025\/05\/SERVICEGroupe-de-parole.png","width":1620,"height":1620,"caption":"groupe-de-parole"},{"@type":"BreadcrumbList","@id":"https:\/\/apedaf.be\/wordpress\/les-groupes-de-parole\/#breadcrumb","itemListElement":[{"@type":"ListItem","position":1,"name":"Accueil","item":"https:\/\/apedaf.be\/wordpress\/"},{"@type":"ListItem","position":2,"name":"Les groupes de parole"}]},{"@type":"WebSite","@id":"https:\/\/apedaf.be\/wordpress\/#website","url":"https:\/\/apedaf.be\/wordpress\/","name":"L'APEDAF asbl","description":"Pour l&#039;\u00e9panouissement des enfants sourds et malentendants","publisher":{"@id":"https:\/\/apedaf.be\/wordpress\/#organization"},"potentialAction":[{"@type":"SearchAction","target":{"@type":"EntryPoint","urlTemplate":"https:\/\/apedaf.be\/wordpress\/?s={search_term_string}"},"query-input":{"@type":"PropertyValueSpecification","valueRequired":true,"valueName":"search_term_string"}}],"inLanguage":"fr-FR"},{"@type":"Organization","@id":"https:\/\/apedaf.be\/wordpress\/#organization","name":"L'APEDAF asbl","url":"https:\/\/apedaf.be\/wordpress\/","logo":{"@type":"ImageObject","inLanguage":"fr-FR","@id":"https:\/\/apedaf.be\/wordpress\/#\/schema\/logo\/image\/","url":"https:\/\/apedaf.be\/wordpress\/wp-content\/uploads\/2020\/04\/cropped-Apedaf-QUADRI-general-V-e1586436209432-2.png","contentUrl":"https:\/\/apedaf.be\/wordpress\/wp-content\/uploads\/2020\/04\/cropped-Apedaf-QUADRI-general-V-e1586436209432-2.png","width":620,"height":273,"caption":"L'APEDAF asbl"},"image":{"@id":"https:\/\/apedaf.be\/wordpress\/#\/schema\/logo\/image\/"},"sameAs":["https:\/\/www.facebook.com\/apedaf\/","https:\/\/www.instagram.com\/asblapedaf\/"]}]}},"jetpack_sharing_enabled":true,"_links":{"self":[{"href":"https:\/\/apedaf.be\/wordpress\/wp-json\/wp\/v2\/pages\/5105","targetHints":{"allow":["GET"]}}],"collection":[{"href":"https:\/\/apedaf.be\/wordpress\/wp-json\/wp\/v2\/pages"}],"about":[{"href":"https:\/\/apedaf.be\/wordpress\/wp-json\/wp\/v2\/types\/page"}],"author":[{"embeddable":true,"href":"https:\/\/apedaf.be\/wordpress\/wp-json\/wp\/v2\/users\/1"}],"replies":[{"embeddable":true,"href":"https:\/\/apedaf.be\/wordpress\/wp-json\/wp\/v2\/comments?post=5105"}],"version-history":[{"count":71,"href":"https:\/\/apedaf.be\/wordpress\/wp-json\/wp\/v2\/pages\/5105\/revisions"}],"predecessor-version":[{"id":11288,"href":"https:\/\/apedaf.be\/wordpress\/wp-json\/wp\/v2\/pages\/5105\/revisions\/11288"}],"wp:attachment":[{"href":"https:\/\/apedaf.be\/wordpress\/wp-json\/wp\/v2\/media?parent=5105"}],"curies":[{"name":"wp","href":"https:\/\/api.w.org\/{rel}","templated":true}]}}