{"id":7810,"date":"2022-10-04T13:46:55","date_gmt":"2022-10-04T13:46:55","guid":{"rendered":"https:\/\/apedaf.be\/wordpress\/?page_id=7810"},"modified":"2026-03-27T15:23:16","modified_gmt":"2026-03-27T15:23:16","slug":"cours-dinitiation-langue-des-signes","status":"publish","type":"page","link":"https:\/\/apedaf.be\/wordpress\/cours-dinitiation-langue-des-signes\/","title":{"rendered":"Cours d&rsquo;initiation langue des signes"},"content":{"rendered":"\t\t<div data-elementor-type=\"wp-page\" data-elementor-id=\"7810\" class=\"elementor elementor-7810\" data-elementor-post-type=\"page\">\n\t\t\t\t\t\t<section class=\"elementor-section elementor-top-section elementor-element elementor-element-aab629e elementor-section-boxed elementor-section-height-default elementor-section-height-default\" data-id=\"aab629e\" data-element_type=\"section\" data-e-type=\"section\">\n\t\t\t\t\t\t<div class=\"elementor-container elementor-column-gap-default\">\n\t\t\t\t\t<div class=\"elementor-column elementor-col-100 elementor-top-column elementor-element elementor-element-cbd00ee\" data-id=\"cbd00ee\" data-element_type=\"column\" data-e-type=\"column\">\n\t\t\t<div class=\"elementor-widget-wrap elementor-element-populated\">\n\t\t\t\t\t\t<div class=\"elementor-element elementor-element-e7006c0 elementor-widget elementor-widget-spacer\" data-id=\"e7006c0\" data-element_type=\"widget\" data-e-type=\"widget\" data-widget_type=\"spacer.default\">\n\t\t\t\t<div class=\"elementor-widget-container\">\n\t\t\t\t\t\t\t<div class=\"elementor-spacer\">\n\t\t\t<div class=\"elementor-spacer-inner\"><\/div>\n\t\t<\/div>\n\t\t\t\t\t\t<\/div>\n\t\t\t\t<\/div>\n\t\t\t\t<div class=\"elementor-element elementor-element-e34fb51 elementor-widget elementor-widget-heading\" data-id=\"e34fb51\" data-element_type=\"widget\" data-e-type=\"widget\" data-widget_type=\"heading.default\">\n\t\t\t\t<div class=\"elementor-widget-container\">\n\t\t\t\t\t<h1 class=\"elementor-heading-title elementor-size-default\">Les cours d'initiation \u00e0 la langue des signes  reviennent \u00e0 l'APEDAF! <\/h1>\t\t\t\t<\/div>\n\t\t\t\t<\/div>\n\t\t\t\t<div class=\"elementor-element elementor-element-87e69f4 elementor-widget elementor-widget-spacer\" data-id=\"87e69f4\" data-element_type=\"widget\" data-e-type=\"widget\" data-widget_type=\"spacer.default\">\n\t\t\t\t<div class=\"elementor-widget-container\">\n\t\t\t\t\t\t\t<div class=\"elementor-spacer\">\n\t\t\t<div class=\"elementor-spacer-inner\"><\/div>\n\t\t<\/div>\n\t\t\t\t\t\t<\/div>\n\t\t\t\t<\/div>\n\t\t\t\t\t<\/div>\n\t\t<\/div>\n\t\t\t\t\t<\/div>\n\t\t<\/section>\n\t\t\t\t<section class=\"elementor-section elementor-top-section elementor-element elementor-element-93efe69 elementor-section-boxed elementor-section-height-default elementor-section-height-default\" data-id=\"93efe69\" data-element_type=\"section\" data-e-type=\"section\">\n\t\t\t\t\t\t<div class=\"elementor-container elementor-column-gap-default\">\n\t\t\t\t\t<div class=\"elementor-column elementor-col-50 elementor-top-column elementor-element elementor-element-092e2ba\" data-id=\"092e2ba\" data-element_type=\"column\" data-e-type=\"column\">\n\t\t\t<div class=\"elementor-widget-wrap elementor-element-populated\">\n\t\t\t\t\t\t<div class=\"elementor-element elementor-element-459a487 elementor-widget elementor-widget-image\" data-id=\"459a487\" data-element_type=\"widget\" data-e-type=\"widget\" data-widget_type=\"image.default\">\n\t\t\t\t<div class=\"elementor-widget-container\">\n\t\t\t\t\t\t\t\t\t\t\t\t\t\t\t<img fetchpriority=\"high\" decoding=\"async\" width=\"1080\" height=\"1080\" src=\"https:\/\/apedaf.be\/wordpress\/wp-content\/uploads\/2025\/09\/SERVICECours-initiation-LS.jpg\" class=\"attachment-full size-full wp-image-11784\" alt=\"SERVICECours initiation LS\" srcset=\"https:\/\/apedaf.be\/wordpress\/wp-content\/uploads\/2025\/09\/SERVICECours-initiation-LS.jpg 1080w, https:\/\/apedaf.be\/wordpress\/wp-content\/uploads\/2025\/09\/SERVICECours-initiation-LS-300x300.jpg 300w, https:\/\/apedaf.be\/wordpress\/wp-content\/uploads\/2025\/09\/SERVICECours-initiation-LS-1024x1024.jpg 1024w, https:\/\/apedaf.be\/wordpress\/wp-content\/uploads\/2025\/09\/SERVICECours-initiation-LS-150x150.jpg 150w, https:\/\/apedaf.be\/wordpress\/wp-content\/uploads\/2025\/09\/SERVICECours-initiation-LS-768x768.jpg 768w, https:\/\/apedaf.be\/wordpress\/wp-content\/uploads\/2025\/09\/SERVICECours-initiation-LS-600x600.jpg 600w\" sizes=\"(max-width: 1080px) 100vw, 1080px\" \/>\t\t\t\t\t\t\t\t\t\t\t\t\t\t\t<\/div>\n\t\t\t\t<\/div>\n\t\t\t\t\t<\/div>\n\t\t<\/div>\n\t\t\t\t<div class=\"elementor-column elementor-col-50 elementor-top-column elementor-element elementor-element-c7ffd1f\" data-id=\"c7ffd1f\" data-element_type=\"column\" data-e-type=\"column\">\n\t\t\t<div class=\"elementor-widget-wrap elementor-element-populated\">\n\t\t\t\t\t\t<div class=\"elementor-element elementor-element-5733016 elementor-widget elementor-widget-spacer\" data-id=\"5733016\" data-element_type=\"widget\" data-e-type=\"widget\" data-widget_type=\"spacer.default\">\n\t\t\t\t<div class=\"elementor-widget-container\">\n\t\t\t\t\t\t\t<div class=\"elementor-spacer\">\n\t\t\t<div class=\"elementor-spacer-inner\"><\/div>\n\t\t<\/div>\n\t\t\t\t\t\t<\/div>\n\t\t\t\t<\/div>\n\t\t\t\t<div class=\"elementor-element elementor-element-7428820 elementor-align-center elementor-widget elementor-widget-button\" data-id=\"7428820\" data-element_type=\"widget\" data-e-type=\"widget\" data-widget_type=\"button.default\">\n\t\t\t\t<div class=\"elementor-widget-container\">\n\t\t\t\t\t\t\t\t\t<div class=\"elementor-button-wrapper\">\n\t\t\t\t\t<a class=\"elementor-button elementor-button-link elementor-size-sm\" href=\"https:\/\/forms.office.com\/e\/ZETsUv21hE\">\n\t\t\t\t\t\t<span class=\"elementor-button-content-wrapper\">\n\t\t\t\t\t\t\t\t\t<span class=\"elementor-button-text\">Formulaire d'inscription<\/span>\n\t\t\t\t\t<\/span>\n\t\t\t\t\t<\/a>\n\t\t\t\t<\/div>\n\t\t\t\t\t\t\t\t<\/div>\n\t\t\t\t<\/div>\n\t\t\t\t<div class=\"elementor-element elementor-element-f7d0bff elementor-widget elementor-widget-text-editor\" data-id=\"f7d0bff\" data-element_type=\"widget\" data-e-type=\"widget\" data-widget_type=\"text-editor.default\">\n\t\t\t\t<div class=\"elementor-widget-container\">\n\t\t\t\t\t\t\t\t\t<p>Les cours d&rsquo;initiation \u00e0 la LSFB de l&rsquo;APEDAF reprendront le jeudi 9 octobre de 18h30 \u00e0 20h30 \u00e0 la Cit\u00e9 des Associations, Rue Emile F\u00e9ron, 153 \u00e0 St Gilles.<\/p><p>Les cours auront lieu les jeudis et seront dispens\u00e9s par Delphine, professeure sourde, rejoint par Marie, aide p\u00e9dagogique \u00e0 l&rsquo;APEDAF, 1 fois par mois.<\/p><p>Aucun pr\u00e9requis en LSFB n&rsquo;est demand\u00e9 pour les cours (niveau 0).<\/p><p><strong>TARIFS<\/strong><\/p><ul><li>SESSION 1 : 10 cours entre octobre et d\u00e9cembre = 150\u20ac (120\u20ac + 30\u20ac de cotisation)<\/li><li>SESSION 1 et 2 : 20 cours entre octobre et avril\/mai = 250\u20ac (220\u20ac + 30\u20ac de cotisation)<\/li><\/ul><p><span data-olk-copy-source=\"MessageBody\">Nous vous demandons de bien vouloir remplir le questionnaire ci-dessus et nous vous contacterons par la suite pour effectuer le paiement.<\/span><\/p>\t\t\t\t\t\t\t\t<\/div>\n\t\t\t\t<\/div>\n\t\t\t\t\t<\/div>\n\t\t<\/div>\n\t\t\t\t\t<\/div>\n\t\t<\/section>\n\t\t\t\t<\/div>\n\t\t","protected":false},"excerpt":{"rendered":"<p>Les cours d&rsquo;initiation \u00e0 la langue des signes reviennent \u00e0 l&rsquo;APEDAF! Formulaire d&rsquo;inscription Les cours d&rsquo;initiation \u00e0 la LSFB de l&rsquo;APEDAF reprendront le jeudi 9 octobre de 18h30 \u00e0 20h30 \u00e0 la Cit\u00e9 des Associations, Rue Emile F\u00e9ron, 153 \u00e0 St Gilles. Les cours auront lieu les jeudis et seront dispens\u00e9s par Delphine, professeure sourde, [&hellip;]<\/p>\n","protected":false},"author":1,"featured_media":0,"parent":0,"menu_order":0,"comment_status":"closed","ping_status":"closed","template":"","meta":{"footnotes":""},"class_list":["post-7810","page","type-page","status-publish","hentry","entry"],"yoast_head":"<!-- This site is optimized with the Yoast SEO plugin v27.2 - https:\/\/yoast.com\/product\/yoast-seo-wordpress\/ -->\n<title>Cours d&#039;initiation langue des signes - APEDAF asbl<\/title>\n<meta name=\"robots\" content=\"index, follow, max-snippet:-1, max-image-preview:large, max-video-preview:-1\" \/>\n<link rel=\"canonical\" href=\"https:\/\/apedaf.be\/wordpress\/cours-dinitiation-langue-des-signes\/\" \/>\n<meta property=\"og:locale\" content=\"fr_FR\" \/>\n<meta property=\"og:type\" content=\"article\" \/>\n<meta property=\"og:title\" content=\"Cours d&#039;initiation langue des signes - APEDAF asbl\" \/>\n<meta property=\"og:description\" content=\"Les cours d&rsquo;initiation \u00e0 la langue des signes reviennent \u00e0 l&rsquo;APEDAF! Formulaire d&rsquo;inscription Les cours d&rsquo;initiation \u00e0 la LSFB de l&rsquo;APEDAF reprendront le jeudi 9 octobre de 18h30 \u00e0 20h30 \u00e0 la Cit\u00e9 des Associations, Rue Emile F\u00e9ron, 153 \u00e0 St Gilles. Les cours auront lieu les jeudis et seront dispens\u00e9s par Delphine, professeure sourde, [&hellip;]\" \/>\n<meta property=\"og:url\" content=\"https:\/\/apedaf.be\/wordpress\/cours-dinitiation-langue-des-signes\/\" \/>\n<meta property=\"og:site_name\" content=\"APEDAF asbl\" \/>\n<meta property=\"article:publisher\" content=\"https:\/\/www.facebook.com\/apedaf\/\" \/>\n<meta property=\"article:modified_time\" content=\"2026-03-27T15:23:16+00:00\" \/>\n<meta property=\"og:image\" content=\"https:\/\/apedaf.be\/wordpress\/wp-content\/uploads\/2025\/09\/SERVICECours-initiation-LS.jpg\" \/>\n\t<meta property=\"og:image:width\" content=\"1080\" \/>\n\t<meta property=\"og:image:height\" content=\"1080\" \/>\n\t<meta property=\"og:image:type\" content=\"image\/jpeg\" \/>\n<meta name=\"twitter:card\" content=\"summary_large_image\" \/>\n<meta name=\"twitter:label1\" content=\"Dur\u00e9e de lecture estim\u00e9e\" \/>\n\t<meta name=\"twitter:data1\" content=\"1 minute\" \/>\n<script type=\"application\/ld+json\" class=\"yoast-schema-graph\">{\"@context\":\"https:\/\/schema.org\",\"@graph\":[{\"@type\":\"WebPage\",\"@id\":\"https:\/\/apedaf.be\/wordpress\/cours-dinitiation-langue-des-signes\/\",\"url\":\"https:\/\/apedaf.be\/wordpress\/cours-dinitiation-langue-des-signes\/\",\"name\":\"Cours d'initiation langue des signes - APEDAF asbl\",\"isPartOf\":{\"@id\":\"https:\/\/apedaf.be\/wordpress\/#website\"},\"primaryImageOfPage\":{\"@id\":\"https:\/\/apedaf.be\/wordpress\/cours-dinitiation-langue-des-signes\/#primaryimage\"},\"image\":{\"@id\":\"https:\/\/apedaf.be\/wordpress\/cours-dinitiation-langue-des-signes\/#primaryimage\"},\"thumbnailUrl\":\"https:\/\/apedaf.be\/wordpress\/wp-content\/uploads\/2025\/09\/SERVICECours-initiation-LS.jpg\",\"datePublished\":\"2022-10-04T13:46:55+00:00\",\"dateModified\":\"2026-03-27T15:23:16+00:00\",\"breadcrumb\":{\"@id\":\"https:\/\/apedaf.be\/wordpress\/cours-dinitiation-langue-des-signes\/#breadcrumb\"},\"inLanguage\":\"fr-FR\",\"potentialAction\":[{\"@type\":\"ReadAction\",\"target\":[\"https:\/\/apedaf.be\/wordpress\/cours-dinitiation-langue-des-signes\/\"]}]},{\"@type\":\"ImageObject\",\"inLanguage\":\"fr-FR\",\"@id\":\"https:\/\/apedaf.be\/wordpress\/cours-dinitiation-langue-des-signes\/#primaryimage\",\"url\":\"https:\/\/apedaf.be\/wordpress\/wp-content\/uploads\/2025\/09\/SERVICECours-initiation-LS.jpg\",\"contentUrl\":\"https:\/\/apedaf.be\/wordpress\/wp-content\/uploads\/2025\/09\/SERVICECours-initiation-LS.jpg\",\"width\":1080,\"height\":1080,\"caption\":\"SERVICECours initiation LS\"},{\"@type\":\"BreadcrumbList\",\"@id\":\"https:\/\/apedaf.be\/wordpress\/cours-dinitiation-langue-des-signes\/#breadcrumb\",\"itemListElement\":[{\"@type\":\"ListItem\",\"position\":1,\"name\":\"Accueil\",\"item\":\"https:\/\/apedaf.be\/wordpress\/\"},{\"@type\":\"ListItem\",\"position\":2,\"name\":\"Cours d&rsquo;initiation langue des signes\"}]},{\"@type\":\"WebSite\",\"@id\":\"https:\/\/apedaf.be\/wordpress\/#website\",\"url\":\"https:\/\/apedaf.be\/wordpress\/\",\"name\":\"L'APEDAF asbl\",\"description\":\"Pour l&#039;\u00e9panouissement des enfants sourds et malentendants\",\"publisher\":{\"@id\":\"https:\/\/apedaf.be\/wordpress\/#organization\"},\"potentialAction\":[{\"@type\":\"SearchAction\",\"target\":{\"@type\":\"EntryPoint\",\"urlTemplate\":\"https:\/\/apedaf.be\/wordpress\/?s={search_term_string}\"},\"query-input\":{\"@type\":\"PropertyValueSpecification\",\"valueRequired\":true,\"valueName\":\"search_term_string\"}}],\"inLanguage\":\"fr-FR\"},{\"@type\":\"Organization\",\"@id\":\"https:\/\/apedaf.be\/wordpress\/#organization\",\"name\":\"L'APEDAF asbl\",\"url\":\"https:\/\/apedaf.be\/wordpress\/\",\"logo\":{\"@type\":\"ImageObject\",\"inLanguage\":\"fr-FR\",\"@id\":\"https:\/\/apedaf.be\/wordpress\/#\/schema\/logo\/image\/\",\"url\":\"https:\/\/apedaf.be\/wordpress\/wp-content\/uploads\/2020\/04\/cropped-Apedaf-QUADRI-general-V-e1586436209432-2.png\",\"contentUrl\":\"https:\/\/apedaf.be\/wordpress\/wp-content\/uploads\/2020\/04\/cropped-Apedaf-QUADRI-general-V-e1586436209432-2.png\",\"width\":620,\"height\":273,\"caption\":\"L'APEDAF asbl\"},\"image\":{\"@id\":\"https:\/\/apedaf.be\/wordpress\/#\/schema\/logo\/image\/\"},\"sameAs\":[\"https:\/\/www.facebook.com\/apedaf\/\",\"https:\/\/www.instagram.com\/asblapedaf\/\"]}]}<\/script>\n<!-- \/ Yoast SEO plugin. -->","yoast_head_json":{"title":"Cours d'initiation langue des signes - APEDAF asbl","robots":{"index":"index","follow":"follow","max-snippet":"max-snippet:-1","max-image-preview":"max-image-preview:large","max-video-preview":"max-video-preview:-1"},"canonical":"https:\/\/apedaf.be\/wordpress\/cours-dinitiation-langue-des-signes\/","og_locale":"fr_FR","og_type":"article","og_title":"Cours d'initiation langue des signes - APEDAF asbl","og_description":"Les cours d&rsquo;initiation \u00e0 la langue des signes reviennent \u00e0 l&rsquo;APEDAF! Formulaire d&rsquo;inscription Les cours d&rsquo;initiation \u00e0 la LSFB de l&rsquo;APEDAF reprendront le jeudi 9 octobre de 18h30 \u00e0 20h30 \u00e0 la Cit\u00e9 des Associations, Rue Emile F\u00e9ron, 153 \u00e0 St Gilles. Les cours auront lieu les jeudis et seront dispens\u00e9s par Delphine, professeure sourde, [&hellip;]","og_url":"https:\/\/apedaf.be\/wordpress\/cours-dinitiation-langue-des-signes\/","og_site_name":"APEDAF asbl","article_publisher":"https:\/\/www.facebook.com\/apedaf\/","article_modified_time":"2026-03-27T15:23:16+00:00","og_image":[{"width":1080,"height":1080,"url":"https:\/\/apedaf.be\/wordpress\/wp-content\/uploads\/2025\/09\/SERVICECours-initiation-LS.jpg","type":"image\/jpeg"}],"twitter_card":"summary_large_image","twitter_misc":{"Dur\u00e9e de lecture estim\u00e9e":"1 minute"},"schema":{"@context":"https:\/\/schema.org","@graph":[{"@type":"WebPage","@id":"https:\/\/apedaf.be\/wordpress\/cours-dinitiation-langue-des-signes\/","url":"https:\/\/apedaf.be\/wordpress\/cours-dinitiation-langue-des-signes\/","name":"Cours d'initiation langue des signes - APEDAF asbl","isPartOf":{"@id":"https:\/\/apedaf.be\/wordpress\/#website"},"primaryImageOfPage":{"@id":"https:\/\/apedaf.be\/wordpress\/cours-dinitiation-langue-des-signes\/#primaryimage"},"image":{"@id":"https:\/\/apedaf.be\/wordpress\/cours-dinitiation-langue-des-signes\/#primaryimage"},"thumbnailUrl":"https:\/\/apedaf.be\/wordpress\/wp-content\/uploads\/2025\/09\/SERVICECours-initiation-LS.jpg","datePublished":"2022-10-04T13:46:55+00:00","dateModified":"2026-03-27T15:23:16+00:00","breadcrumb":{"@id":"https:\/\/apedaf.be\/wordpress\/cours-dinitiation-langue-des-signes\/#breadcrumb"},"inLanguage":"fr-FR","potentialAction":[{"@type":"ReadAction","target":["https:\/\/apedaf.be\/wordpress\/cours-dinitiation-langue-des-signes\/"]}]},{"@type":"ImageObject","inLanguage":"fr-FR","@id":"https:\/\/apedaf.be\/wordpress\/cours-dinitiation-langue-des-signes\/#primaryimage","url":"https:\/\/apedaf.be\/wordpress\/wp-content\/uploads\/2025\/09\/SERVICECours-initiation-LS.jpg","contentUrl":"https:\/\/apedaf.be\/wordpress\/wp-content\/uploads\/2025\/09\/SERVICECours-initiation-LS.jpg","width":1080,"height":1080,"caption":"SERVICECours initiation LS"},{"@type":"BreadcrumbList","@id":"https:\/\/apedaf.be\/wordpress\/cours-dinitiation-langue-des-signes\/#breadcrumb","itemListElement":[{"@type":"ListItem","position":1,"name":"Accueil","item":"https:\/\/apedaf.be\/wordpress\/"},{"@type":"ListItem","position":2,"name":"Cours d&rsquo;initiation langue des signes"}]},{"@type":"WebSite","@id":"https:\/\/apedaf.be\/wordpress\/#website","url":"https:\/\/apedaf.be\/wordpress\/","name":"L'APEDAF asbl","description":"Pour l&#039;\u00e9panouissement des enfants sourds et malentendants","publisher":{"@id":"https:\/\/apedaf.be\/wordpress\/#organization"},"potentialAction":[{"@type":"SearchAction","target":{"@type":"EntryPoint","urlTemplate":"https:\/\/apedaf.be\/wordpress\/?s={search_term_string}"},"query-input":{"@type":"PropertyValueSpecification","valueRequired":true,"valueName":"search_term_string"}}],"inLanguage":"fr-FR"},{"@type":"Organization","@id":"https:\/\/apedaf.be\/wordpress\/#organization","name":"L'APEDAF asbl","url":"https:\/\/apedaf.be\/wordpress\/","logo":{"@type":"ImageObject","inLanguage":"fr-FR","@id":"https:\/\/apedaf.be\/wordpress\/#\/schema\/logo\/image\/","url":"https:\/\/apedaf.be\/wordpress\/wp-content\/uploads\/2020\/04\/cropped-Apedaf-QUADRI-general-V-e1586436209432-2.png","contentUrl":"https:\/\/apedaf.be\/wordpress\/wp-content\/uploads\/2020\/04\/cropped-Apedaf-QUADRI-general-V-e1586436209432-2.png","width":620,"height":273,"caption":"L'APEDAF asbl"},"image":{"@id":"https:\/\/apedaf.be\/wordpress\/#\/schema\/logo\/image\/"},"sameAs":["https:\/\/www.facebook.com\/apedaf\/","https:\/\/www.instagram.com\/asblapedaf\/"]}]}},"jetpack_sharing_enabled":true,"_links":{"self":[{"href":"https:\/\/apedaf.be\/wordpress\/wp-json\/wp\/v2\/pages\/7810","targetHints":{"allow":["GET"]}}],"collection":[{"href":"https:\/\/apedaf.be\/wordpress\/wp-json\/wp\/v2\/pages"}],"about":[{"href":"https:\/\/apedaf.be\/wordpress\/wp-json\/wp\/v2\/types\/page"}],"author":[{"embeddable":true,"href":"https:\/\/apedaf.be\/wordpress\/wp-json\/wp\/v2\/users\/1"}],"replies":[{"embeddable":true,"href":"https:\/\/apedaf.be\/wordpress\/wp-json\/wp\/v2\/comments?post=7810"}],"version-history":[{"count":42,"href":"https:\/\/apedaf.be\/wordpress\/wp-json\/wp\/v2\/pages\/7810\/revisions"}],"predecessor-version":[{"id":12139,"href":"https:\/\/apedaf.be\/wordpress\/wp-json\/wp\/v2\/pages\/7810\/revisions\/12139"}],"wp:attachment":[{"href":"https:\/\/apedaf.be\/wordpress\/wp-json\/wp\/v2\/media?parent=7810"}],"curies":[{"name":"wp","href":"https:\/\/api.w.org\/{rel}","templated":true}]}}