{"id":9424,"date":"2024-04-18T14:47:10","date_gmt":"2024-04-18T14:47:10","guid":{"rendered":"https:\/\/apedaf.be\/wordpress\/?page_id=9424"},"modified":"2025-05-13T09:59:26","modified_gmt":"2025-05-13T09:59:26","slug":"activites-familiales","status":"publish","type":"page","link":"https:\/\/apedaf.be\/wordpress\/activites-familiales\/","title":{"rendered":"Activit\u00e9s familiales"},"content":{"rendered":"\t\t<div data-elementor-type=\"wp-page\" data-elementor-id=\"9424\" class=\"elementor elementor-9424\" data-elementor-post-type=\"page\">\n\t\t\t\t<div class=\"elementor-element elementor-element-8611c1b e-flex e-con-boxed e-con e-parent\" data-id=\"8611c1b\" data-element_type=\"container\" data-e-type=\"container\">\n\t\t\t\t\t<div class=\"e-con-inner\">\n\t\t\t\t<div class=\"elementor-element elementor-element-75d889a elementor-widget elementor-widget-spacer\" data-id=\"75d889a\" data-element_type=\"widget\" data-e-type=\"widget\" data-widget_type=\"spacer.default\">\n\t\t\t\t<div class=\"elementor-widget-container\">\n\t\t\t\t\t\t\t<div class=\"elementor-spacer\">\n\t\t\t<div class=\"elementor-spacer-inner\"><\/div>\n\t\t<\/div>\n\t\t\t\t\t\t<\/div>\n\t\t\t\t<\/div>\n\t\t\t\t<div class=\"elementor-element elementor-element-f8b2e47 elementor-widget elementor-widget-heading\" data-id=\"f8b2e47\" data-element_type=\"widget\" data-e-type=\"widget\" data-widget_type=\"heading.default\">\n\t\t\t\t<div class=\"elementor-widget-container\">\n\t\t\t\t\t<h2 class=\"elementor-heading-title elementor-size-default\">Nos activit\u00e9s familiales <\/h2>\t\t\t\t<\/div>\n\t\t\t\t<\/div>\n\t\t\t\t<div class=\"elementor-element elementor-element-17f77c8 elementor-widget elementor-widget-spacer\" data-id=\"17f77c8\" data-element_type=\"widget\" data-e-type=\"widget\" data-widget_type=\"spacer.default\">\n\t\t\t\t<div class=\"elementor-widget-container\">\n\t\t\t\t\t\t\t<div class=\"elementor-spacer\">\n\t\t\t<div class=\"elementor-spacer-inner\"><\/div>\n\t\t<\/div>\n\t\t\t\t\t\t<\/div>\n\t\t\t\t<\/div>\n\t\t\t\t\t<\/div>\n\t\t\t\t<\/div>\n\t\t<div class=\"elementor-element elementor-element-f1cafc0 e-flex e-con-boxed e-con e-parent\" data-id=\"f1cafc0\" data-element_type=\"container\" data-e-type=\"container\">\n\t\t\t\t\t<div class=\"e-con-inner\">\n\t\t<div class=\"elementor-element elementor-element-a1c4364 e-con-full e-flex e-con e-child\" data-id=\"a1c4364\" data-element_type=\"container\" data-e-type=\"container\">\n\t\t\t\t<div class=\"elementor-element elementor-element-e0a8508 elementor-widget elementor-widget-text-editor\" data-id=\"e0a8508\" data-element_type=\"widget\" data-e-type=\"widget\" data-widget_type=\"text-editor.default\">\n\t\t\t\t<div class=\"elementor-widget-container\">\n\t\t\t\t\t\t\t\t\t<p data-pm-slice=\"1 1 []\">L\u2019APEDAF (Association des Parents d\u2019Enfants D\u00e9ficients Auditifs Francophones) organise r\u00e9guli\u00e8rement des activit\u00e9s familiales conviviales et inclusives destin\u00e9es aux enfants sourds et malentendants ainsi qu\u2019\u00e0 leurs parents. Ces moments de rencontre, de d\u00e9tente et de solidarit\u00e9 jouent un r\u00f4le essentiel dans le renforcement des liens familiaux, le d\u00e9veloppement personnel des enfants, et le soutien mutuel entre les familles.<\/p><p>Ces \u00e9v\u00e9nements offrent aux enfants la possibilit\u00e9 de rencontrer d&rsquo;autres jeunes qui partagent la m\u00eame diff\u00e9rence, de tisser des amiti\u00e9s, de se sentir compris et valoris\u00e9s. Ils permettent aussi aux parents de sortir de l\u2019isolement, d\u2019\u00e9changer des conseils, des exp\u00e9riences, et de cr\u00e9er un r\u00e9seau de soutien avec d&rsquo;autres familles vivant des r\u00e9alit\u00e9s similaires.<\/p><p>Les activit\u00e9s sont soigneusement choisies pour leur accessibilit\u00e9, leur valeur ludique et \u00e9ducative, et leur capacit\u00e9 \u00e0 favoriser l\u2019inclusion et l\u2019\u00e9panouissement de tous les participants.<\/p>\t\t\t\t\t\t\t\t<\/div>\n\t\t\t\t<\/div>\n\t\t\t\t<\/div>\n\t\t<div class=\"elementor-element elementor-element-083f30b e-con-full e-flex e-con e-child\" data-id=\"083f30b\" data-element_type=\"container\" data-e-type=\"container\">\n\t\t\t\t<div class=\"elementor-element elementor-element-340a47d elementor-widget elementor-widget-image\" data-id=\"340a47d\" data-element_type=\"widget\" data-e-type=\"widget\" data-widget_type=\"image.default\">\n\t\t\t\t<div class=\"elementor-widget-container\">\n\t\t\t\t\t\t\t\t\t\t\t\t\t\t\t<img fetchpriority=\"high\" decoding=\"async\" width=\"1024\" height=\"1024\" src=\"https:\/\/apedaf.be\/wordpress\/wp-content\/uploads\/2024\/04\/Patinoire-AP_carroussel-insta-1024x1024.jpg\" class=\"attachment-large size-large wp-image-9428\" alt=\"Patinoire APEDAF\" srcset=\"https:\/\/apedaf.be\/wordpress\/wp-content\/uploads\/2024\/04\/Patinoire-AP_carroussel-insta-1024x1024.jpg 1024w, https:\/\/apedaf.be\/wordpress\/wp-content\/uploads\/2024\/04\/Patinoire-AP_carroussel-insta-300x300.jpg 300w, https:\/\/apedaf.be\/wordpress\/wp-content\/uploads\/2024\/04\/Patinoire-AP_carroussel-insta-150x150.jpg 150w, https:\/\/apedaf.be\/wordpress\/wp-content\/uploads\/2024\/04\/Patinoire-AP_carroussel-insta-768x768.jpg 768w, https:\/\/apedaf.be\/wordpress\/wp-content\/uploads\/2024\/04\/Patinoire-AP_carroussel-insta.jpg 1080w\" sizes=\"(max-width: 1024px) 100vw, 1024px\" \/>\t\t\t\t\t\t\t\t\t\t\t\t\t\t\t<\/div>\n\t\t\t\t<\/div>\n\t\t\t\t<\/div>\n\t\t\t\t\t<\/div>\n\t\t\t\t<\/div>\n\t\t<div class=\"elementor-element elementor-element-efe322a e-flex e-con-boxed e-con e-parent\" data-id=\"efe322a\" data-element_type=\"container\" data-e-type=\"container\">\n\t\t\t\t\t<div class=\"e-con-inner\">\n\t\t\t\t<div class=\"elementor-element elementor-element-ec3dd45 elementor-widget elementor-widget-spacer\" data-id=\"ec3dd45\" data-element_type=\"widget\" data-e-type=\"widget\" data-widget_type=\"spacer.default\">\n\t\t\t\t<div class=\"elementor-widget-container\">\n\t\t\t\t\t\t\t<div class=\"elementor-spacer\">\n\t\t\t<div class=\"elementor-spacer-inner\"><\/div>\n\t\t<\/div>\n\t\t\t\t\t\t<\/div>\n\t\t\t\t<\/div>\n\t\t\t\t\t<\/div>\n\t\t\t\t<\/div>\n\t\t<div class=\"elementor-element elementor-element-59873af e-flex e-con-boxed e-con e-parent\" data-id=\"59873af\" data-element_type=\"container\" data-e-type=\"container\" data-settings=\"{&quot;background_background&quot;:&quot;classic&quot;}\">\n\t\t\t\t\t<div class=\"e-con-inner\">\n\t\t<div class=\"elementor-element elementor-element-7f46b11 e-con-full e-flex e-con e-child\" data-id=\"7f46b11\" data-element_type=\"container\" data-e-type=\"container\">\n\t\t\t\t<div class=\"elementor-element elementor-element-33f392a elementor-widget elementor-widget-image\" data-id=\"33f392a\" data-element_type=\"widget\" data-e-type=\"widget\" data-widget_type=\"image.default\">\n\t\t\t\t<div class=\"elementor-widget-container\">\n\t\t\t\t\t\t\t\t\t\t\t\t\t\t\t<img decoding=\"async\" width=\"1024\" height=\"683\" src=\"https:\/\/apedaf.be\/wordpress\/wp-content\/uploads\/2025\/05\/IMG_9049-1024x683.jpg\" class=\"attachment-large size-large wp-image-11070\" alt=\"Activit\u00e9-ferme-planche\" srcset=\"https:\/\/apedaf.be\/wordpress\/wp-content\/uploads\/2025\/05\/IMG_9049-1024x683.jpg 1024w, https:\/\/apedaf.be\/wordpress\/wp-content\/uploads\/2025\/05\/IMG_9049-300x200.jpg 300w, https:\/\/apedaf.be\/wordpress\/wp-content\/uploads\/2025\/05\/IMG_9049-768x512.jpg 768w, https:\/\/apedaf.be\/wordpress\/wp-content\/uploads\/2025\/05\/IMG_9049-1536x1024.jpg 1536w, https:\/\/apedaf.be\/wordpress\/wp-content\/uploads\/2025\/05\/IMG_9049-2048x1365.jpg 2048w\" sizes=\"(max-width: 1024px) 100vw, 1024px\" \/>\t\t\t\t\t\t\t\t\t\t\t\t\t\t\t<\/div>\n\t\t\t\t<\/div>\n\t\t\t\t<\/div>\n\t\t<div class=\"elementor-element elementor-element-67e80a8 e-con-full e-flex e-con e-child\" data-id=\"67e80a8\" data-element_type=\"container\" data-e-type=\"container\">\n\t\t\t\t<div class=\"elementor-element elementor-element-541343c elementor-widget elementor-widget-heading\" data-id=\"541343c\" data-element_type=\"widget\" data-e-type=\"widget\" data-widget_type=\"heading.default\">\n\t\t\t\t<div class=\"elementor-widget-container\">\n\t\t\t\t\t<h2 class=\"elementor-heading-title elementor-size-default\">Exemples d'activit\u00e9s<\/h2>\t\t\t\t<\/div>\n\t\t\t\t<\/div>\n\t\t\t\t<div class=\"elementor-element elementor-element-6c5bfb7 elementor-widget elementor-widget-text-editor\" data-id=\"6c5bfb7\" data-element_type=\"widget\" data-e-type=\"widget\" data-widget_type=\"text-editor.default\">\n\t\t\t\t<div class=\"elementor-widget-container\">\n\t\t\t\t\t\t\t\t\t<ul><li data-pm-slice=\"1 1 []\">Journ\u00e9e \u00e0 la patinoire, pour glisser ensemble sur la glace dans une ambiance festive.<\/li><li>F\u00eate de la Chandeleur avec d\u00e9gustation de cr\u00eapes et animations familiales.<\/li><li>Excursion aux Grottes de Han, pour explorer les merveilles souterraines de la nature.<\/li><li>Bapt\u00eame de l\u2019air en ULM, une aventure a\u00e9rienne inoubliable pour les plus t\u00e9m\u00e9raires.<\/li><li>Barbecue convivial au Bois des R\u00eaves, dans un cadre verdoyant et apaisant.<\/li><li>Journ\u00e9e d\u2019aventure \u00e0 Sortil\u00e8ge, un parcours en pleine nature m\u00ealant d\u00e9fis, entraide et amusement.<\/li><li>Sortie au Domaine de Chevetogne, un lieu id\u00e9al pour se d\u00e9tendre et d\u00e9couvrir de multiples activit\u00e9s en famille.<\/li><\/ul>\t\t\t\t\t\t\t\t<\/div>\n\t\t\t\t<\/div>\n\t\t\t\t<\/div>\n\t\t\t\t\t<\/div>\n\t\t\t\t<\/div>\n\t\t<div class=\"elementor-element elementor-element-59e231d e-flex e-con-boxed e-con e-parent\" data-id=\"59e231d\" data-element_type=\"container\" data-e-type=\"container\" data-settings=\"{&quot;background_background&quot;:&quot;classic&quot;}\">\n\t\t\t\t\t<div class=\"e-con-inner\">\n\t\t\t\t<div class=\"elementor-element elementor-element-e643c33 elementor-widget elementor-widget-spacer\" data-id=\"e643c33\" data-element_type=\"widget\" data-e-type=\"widget\" data-widget_type=\"spacer.default\">\n\t\t\t\t<div class=\"elementor-widget-container\">\n\t\t\t\t\t\t\t<div class=\"elementor-spacer\">\n\t\t\t<div class=\"elementor-spacer-inner\"><\/div>\n\t\t<\/div>\n\t\t\t\t\t\t<\/div>\n\t\t\t\t<\/div>\n\t\t\t\t<div class=\"elementor-element elementor-element-d0bb9b6 elementor-widget elementor-widget-heading\" data-id=\"d0bb9b6\" data-element_type=\"widget\" data-e-type=\"widget\" data-widget_type=\"heading.default\">\n\t\t\t\t<div class=\"elementor-widget-container\">\n\t\t\t\t\t<h2 class=\"elementor-heading-title elementor-size-default\">Quelques vid\u00e9os sur nos activit\u00e9s familiales<\/h2>\t\t\t\t<\/div>\n\t\t\t\t<\/div>\n\t\t\t\t\t<\/div>\n\t\t\t\t<\/div>\n\t\t<div class=\"elementor-element elementor-element-f7ba331 e-flex e-con-boxed e-con e-parent\" data-id=\"f7ba331\" data-element_type=\"container\" data-e-type=\"container\" data-settings=\"{&quot;background_background&quot;:&quot;classic&quot;}\">\n\t\t\t\t\t<div class=\"e-con-inner\">\n\t\t<div class=\"elementor-element elementor-element-fccb11e e-con-full e-flex e-con e-child\" data-id=\"fccb11e\" data-element_type=\"container\" data-e-type=\"container\">\n\t\t\t\t<div class=\"elementor-element elementor-element-bbf48cd elementor-widget elementor-widget-video\" data-id=\"bbf48cd\" data-element_type=\"widget\" data-e-type=\"widget\" data-settings=\"{&quot;youtube_url&quot;:&quot;https:\\\/\\\/youtu.be\\\/v7yjENWnaZg&quot;,&quot;video_type&quot;:&quot;youtube&quot;,&quot;controls&quot;:&quot;yes&quot;}\" data-widget_type=\"video.default\">\n\t\t\t\t<div class=\"elementor-widget-container\">\n\t\t\t\t\t\t\t<div class=\"elementor-wrapper elementor-open-inline\">\n\t\t\t<div class=\"elementor-video\"><\/div>\t\t<\/div>\n\t\t\t\t\t\t<\/div>\n\t\t\t\t<\/div>\n\t\t\t\t<\/div>\n\t\t<div class=\"elementor-element elementor-element-628aa0d e-con-full e-flex e-con e-child\" data-id=\"628aa0d\" data-element_type=\"container\" data-e-type=\"container\">\n\t\t\t\t<div class=\"elementor-element elementor-element-b3c1183 elementor-widget elementor-widget-video\" data-id=\"b3c1183\" data-element_type=\"widget\" data-e-type=\"widget\" data-settings=\"{&quot;youtube_url&quot;:&quot;https:\\\/\\\/youtu.be\\\/G8_vMBnMVoc&quot;,&quot;video_type&quot;:&quot;youtube&quot;,&quot;controls&quot;:&quot;yes&quot;}\" data-widget_type=\"video.default\">\n\t\t\t\t<div class=\"elementor-widget-container\">\n\t\t\t\t\t\t\t<div class=\"elementor-wrapper elementor-open-inline\">\n\t\t\t<div class=\"elementor-video\"><\/div>\t\t<\/div>\n\t\t\t\t\t\t<\/div>\n\t\t\t\t<\/div>\n\t\t\t\t<\/div>\n\t\t<div class=\"elementor-element elementor-element-585226c e-con-full e-flex e-con e-child\" data-id=\"585226c\" data-element_type=\"container\" data-e-type=\"container\">\n\t\t\t\t<div class=\"elementor-element elementor-element-4b660a9 elementor-widget elementor-widget-video\" data-id=\"4b660a9\" data-element_type=\"widget\" data-e-type=\"widget\" data-settings=\"{&quot;youtube_url&quot;:&quot;https:\\\/\\\/www.youtube.com\\\/watch?v=LQHYWBWItNQ&quot;,&quot;video_type&quot;:&quot;youtube&quot;,&quot;controls&quot;:&quot;yes&quot;}\" data-widget_type=\"video.default\">\n\t\t\t\t<div class=\"elementor-widget-container\">\n\t\t\t\t\t\t\t<div class=\"elementor-wrapper elementor-open-inline\">\n\t\t\t<div class=\"elementor-video\"><\/div>\t\t<\/div>\n\t\t\t\t\t\t<\/div>\n\t\t\t\t<\/div>\n\t\t\t\t<\/div>\n\t\t\t\t\t<\/div>\n\t\t\t\t<\/div>\n\t\t\t\t<\/div>\n\t\t","protected":false},"excerpt":{"rendered":"<p>Nos activit\u00e9s familiales L\u2019APEDAF (Association des Parents d\u2019Enfants D\u00e9ficients Auditifs Francophones) organise r\u00e9guli\u00e8rement des activit\u00e9s familiales conviviales et inclusives destin\u00e9es aux enfants sourds et malentendants ainsi qu\u2019\u00e0 leurs parents. Ces moments de rencontre, de d\u00e9tente et de solidarit\u00e9 jouent un r\u00f4le essentiel dans le renforcement des liens familiaux, le d\u00e9veloppement personnel des enfants, et le [&hellip;]<\/p>\n","protected":false},"author":1,"featured_media":0,"parent":0,"menu_order":0,"comment_status":"closed","ping_status":"closed","template":"","meta":{"footnotes":""},"class_list":["post-9424","page","type-page","status-publish","hentry","entry"],"yoast_head":"<!-- This site is optimized with the Yoast SEO plugin v27.2 - https:\/\/yoast.com\/product\/yoast-seo-wordpress\/ -->\n<title>Activit\u00e9s familiales - APEDAF asbl<\/title>\n<meta name=\"description\" content=\"Participez aux activit\u00e9s familiales de l&#039;APEDAF pour rencontrer d&#039;autres familles d&#039;enfants sourds et profitez-en pour \u00e9changer avec eux\" \/>\n<meta name=\"robots\" content=\"index, follow, max-snippet:-1, max-image-preview:large, max-video-preview:-1\" \/>\n<link rel=\"canonical\" href=\"https:\/\/apedaf.be\/wordpress\/activites-familiales\/\" \/>\n<meta property=\"og:locale\" content=\"fr_FR\" \/>\n<meta property=\"og:type\" content=\"article\" \/>\n<meta property=\"og:title\" content=\"Activit\u00e9s familiales - APEDAF asbl\" \/>\n<meta property=\"og:description\" content=\"Participez aux activit\u00e9s familiales de l&#039;APEDAF pour rencontrer d&#039;autres familles d&#039;enfants sourds et profitez-en pour \u00e9changer avec eux\" \/>\n<meta property=\"og:url\" content=\"https:\/\/apedaf.be\/wordpress\/activites-familiales\/\" \/>\n<meta property=\"og:site_name\" content=\"APEDAF asbl\" \/>\n<meta property=\"article:publisher\" content=\"https:\/\/www.facebook.com\/apedaf\/\" \/>\n<meta property=\"article:modified_time\" content=\"2025-05-13T09:59:26+00:00\" \/>\n<meta property=\"og:image\" content=\"https:\/\/apedaf.be\/wordpress\/wp-content\/uploads\/2024\/04\/Patinoire-AP_carroussel-insta.jpg\" \/>\n\t<meta property=\"og:image:width\" content=\"1080\" \/>\n\t<meta property=\"og:image:height\" content=\"1080\" \/>\n\t<meta property=\"og:image:type\" content=\"image\/jpeg\" \/>\n<meta name=\"twitter:card\" content=\"summary_large_image\" \/>\n<meta name=\"twitter:label1\" content=\"Dur\u00e9e de lecture estim\u00e9e\" \/>\n\t<meta name=\"twitter:data1\" content=\"2 minutes\" \/>\n<script type=\"application\/ld+json\" class=\"yoast-schema-graph\">{\"@context\":\"https:\/\/schema.org\",\"@graph\":[{\"@type\":\"WebPage\",\"@id\":\"https:\/\/apedaf.be\/wordpress\/activites-familiales\/\",\"url\":\"https:\/\/apedaf.be\/wordpress\/activites-familiales\/\",\"name\":\"Activit\u00e9s familiales - APEDAF asbl\",\"isPartOf\":{\"@id\":\"https:\/\/apedaf.be\/wordpress\/#website\"},\"primaryImageOfPage\":{\"@id\":\"https:\/\/apedaf.be\/wordpress\/activites-familiales\/#primaryimage\"},\"image\":{\"@id\":\"https:\/\/apedaf.be\/wordpress\/activites-familiales\/#primaryimage\"},\"thumbnailUrl\":\"https:\/\/apedaf.be\/wordpress\/wp-content\/uploads\/2024\/04\/Patinoire-AP_carroussel-insta-1024x1024.jpg\",\"datePublished\":\"2024-04-18T14:47:10+00:00\",\"dateModified\":\"2025-05-13T09:59:26+00:00\",\"description\":\"Participez aux activit\u00e9s familiales de l'APEDAF pour rencontrer d'autres familles d'enfants sourds et profitez-en pour \u00e9changer avec eux\",\"breadcrumb\":{\"@id\":\"https:\/\/apedaf.be\/wordpress\/activites-familiales\/#breadcrumb\"},\"inLanguage\":\"fr-FR\",\"potentialAction\":[{\"@type\":\"ReadAction\",\"target\":[\"https:\/\/apedaf.be\/wordpress\/activites-familiales\/\"]}]},{\"@type\":\"ImageObject\",\"inLanguage\":\"fr-FR\",\"@id\":\"https:\/\/apedaf.be\/wordpress\/activites-familiales\/#primaryimage\",\"url\":\"https:\/\/apedaf.be\/wordpress\/wp-content\/uploads\/2024\/04\/Patinoire-AP_carroussel-insta.jpg\",\"contentUrl\":\"https:\/\/apedaf.be\/wordpress\/wp-content\/uploads\/2024\/04\/Patinoire-AP_carroussel-insta.jpg\",\"width\":1080,\"height\":1080,\"caption\":\"Patinoire APEDAF\"},{\"@type\":\"BreadcrumbList\",\"@id\":\"https:\/\/apedaf.be\/wordpress\/activites-familiales\/#breadcrumb\",\"itemListElement\":[{\"@type\":\"ListItem\",\"position\":1,\"name\":\"Accueil\",\"item\":\"https:\/\/apedaf.be\/wordpress\/\"},{\"@type\":\"ListItem\",\"position\":2,\"name\":\"Activit\u00e9s familiales\"}]},{\"@type\":\"WebSite\",\"@id\":\"https:\/\/apedaf.be\/wordpress\/#website\",\"url\":\"https:\/\/apedaf.be\/wordpress\/\",\"name\":\"L'APEDAF asbl\",\"description\":\"Pour l&#039;\u00e9panouissement des enfants sourds et malentendants\",\"publisher\":{\"@id\":\"https:\/\/apedaf.be\/wordpress\/#organization\"},\"potentialAction\":[{\"@type\":\"SearchAction\",\"target\":{\"@type\":\"EntryPoint\",\"urlTemplate\":\"https:\/\/apedaf.be\/wordpress\/?s={search_term_string}\"},\"query-input\":{\"@type\":\"PropertyValueSpecification\",\"valueRequired\":true,\"valueName\":\"search_term_string\"}}],\"inLanguage\":\"fr-FR\"},{\"@type\":\"Organization\",\"@id\":\"https:\/\/apedaf.be\/wordpress\/#organization\",\"name\":\"L'APEDAF asbl\",\"url\":\"https:\/\/apedaf.be\/wordpress\/\",\"logo\":{\"@type\":\"ImageObject\",\"inLanguage\":\"fr-FR\",\"@id\":\"https:\/\/apedaf.be\/wordpress\/#\/schema\/logo\/image\/\",\"url\":\"https:\/\/apedaf.be\/wordpress\/wp-content\/uploads\/2020\/04\/cropped-Apedaf-QUADRI-general-V-e1586436209432-2.png\",\"contentUrl\":\"https:\/\/apedaf.be\/wordpress\/wp-content\/uploads\/2020\/04\/cropped-Apedaf-QUADRI-general-V-e1586436209432-2.png\",\"width\":620,\"height\":273,\"caption\":\"L'APEDAF asbl\"},\"image\":{\"@id\":\"https:\/\/apedaf.be\/wordpress\/#\/schema\/logo\/image\/\"},\"sameAs\":[\"https:\/\/www.facebook.com\/apedaf\/\",\"https:\/\/www.instagram.com\/asblapedaf\/\"]}]}<\/script>\n<!-- \/ Yoast SEO plugin. -->","yoast_head_json":{"title":"Activit\u00e9s familiales - APEDAF asbl","description":"Participez aux activit\u00e9s familiales de l'APEDAF pour rencontrer d'autres familles d'enfants sourds et profitez-en pour \u00e9changer avec eux","robots":{"index":"index","follow":"follow","max-snippet":"max-snippet:-1","max-image-preview":"max-image-preview:large","max-video-preview":"max-video-preview:-1"},"canonical":"https:\/\/apedaf.be\/wordpress\/activites-familiales\/","og_locale":"fr_FR","og_type":"article","og_title":"Activit\u00e9s familiales - APEDAF asbl","og_description":"Participez aux activit\u00e9s familiales de l'APEDAF pour rencontrer d'autres familles d'enfants sourds et profitez-en pour \u00e9changer avec eux","og_url":"https:\/\/apedaf.be\/wordpress\/activites-familiales\/","og_site_name":"APEDAF asbl","article_publisher":"https:\/\/www.facebook.com\/apedaf\/","article_modified_time":"2025-05-13T09:59:26+00:00","og_image":[{"width":1080,"height":1080,"url":"https:\/\/apedaf.be\/wordpress\/wp-content\/uploads\/2024\/04\/Patinoire-AP_carroussel-insta.jpg","type":"image\/jpeg"}],"twitter_card":"summary_large_image","twitter_misc":{"Dur\u00e9e de lecture estim\u00e9e":"2 minutes"},"schema":{"@context":"https:\/\/schema.org","@graph":[{"@type":"WebPage","@id":"https:\/\/apedaf.be\/wordpress\/activites-familiales\/","url":"https:\/\/apedaf.be\/wordpress\/activites-familiales\/","name":"Activit\u00e9s familiales - APEDAF asbl","isPartOf":{"@id":"https:\/\/apedaf.be\/wordpress\/#website"},"primaryImageOfPage":{"@id":"https:\/\/apedaf.be\/wordpress\/activites-familiales\/#primaryimage"},"image":{"@id":"https:\/\/apedaf.be\/wordpress\/activites-familiales\/#primaryimage"},"thumbnailUrl":"https:\/\/apedaf.be\/wordpress\/wp-content\/uploads\/2024\/04\/Patinoire-AP_carroussel-insta-1024x1024.jpg","datePublished":"2024-04-18T14:47:10+00:00","dateModified":"2025-05-13T09:59:26+00:00","description":"Participez aux activit\u00e9s familiales de l'APEDAF pour rencontrer d'autres familles d'enfants sourds et profitez-en pour \u00e9changer avec eux","breadcrumb":{"@id":"https:\/\/apedaf.be\/wordpress\/activites-familiales\/#breadcrumb"},"inLanguage":"fr-FR","potentialAction":[{"@type":"ReadAction","target":["https:\/\/apedaf.be\/wordpress\/activites-familiales\/"]}]},{"@type":"ImageObject","inLanguage":"fr-FR","@id":"https:\/\/apedaf.be\/wordpress\/activites-familiales\/#primaryimage","url":"https:\/\/apedaf.be\/wordpress\/wp-content\/uploads\/2024\/04\/Patinoire-AP_carroussel-insta.jpg","contentUrl":"https:\/\/apedaf.be\/wordpress\/wp-content\/uploads\/2024\/04\/Patinoire-AP_carroussel-insta.jpg","width":1080,"height":1080,"caption":"Patinoire APEDAF"},{"@type":"BreadcrumbList","@id":"https:\/\/apedaf.be\/wordpress\/activites-familiales\/#breadcrumb","itemListElement":[{"@type":"ListItem","position":1,"name":"Accueil","item":"https:\/\/apedaf.be\/wordpress\/"},{"@type":"ListItem","position":2,"name":"Activit\u00e9s familiales"}]},{"@type":"WebSite","@id":"https:\/\/apedaf.be\/wordpress\/#website","url":"https:\/\/apedaf.be\/wordpress\/","name":"L'APEDAF asbl","description":"Pour l&#039;\u00e9panouissement des enfants sourds et malentendants","publisher":{"@id":"https:\/\/apedaf.be\/wordpress\/#organization"},"potentialAction":[{"@type":"SearchAction","target":{"@type":"EntryPoint","urlTemplate":"https:\/\/apedaf.be\/wordpress\/?s={search_term_string}"},"query-input":{"@type":"PropertyValueSpecification","valueRequired":true,"valueName":"search_term_string"}}],"inLanguage":"fr-FR"},{"@type":"Organization","@id":"https:\/\/apedaf.be\/wordpress\/#organization","name":"L'APEDAF asbl","url":"https:\/\/apedaf.be\/wordpress\/","logo":{"@type":"ImageObject","inLanguage":"fr-FR","@id":"https:\/\/apedaf.be\/wordpress\/#\/schema\/logo\/image\/","url":"https:\/\/apedaf.be\/wordpress\/wp-content\/uploads\/2020\/04\/cropped-Apedaf-QUADRI-general-V-e1586436209432-2.png","contentUrl":"https:\/\/apedaf.be\/wordpress\/wp-content\/uploads\/2020\/04\/cropped-Apedaf-QUADRI-general-V-e1586436209432-2.png","width":620,"height":273,"caption":"L'APEDAF asbl"},"image":{"@id":"https:\/\/apedaf.be\/wordpress\/#\/schema\/logo\/image\/"},"sameAs":["https:\/\/www.facebook.com\/apedaf\/","https:\/\/www.instagram.com\/asblapedaf\/"]}]}},"jetpack_sharing_enabled":true,"_links":{"self":[{"href":"https:\/\/apedaf.be\/wordpress\/wp-json\/wp\/v2\/pages\/9424","targetHints":{"allow":["GET"]}}],"collection":[{"href":"https:\/\/apedaf.be\/wordpress\/wp-json\/wp\/v2\/pages"}],"about":[{"href":"https:\/\/apedaf.be\/wordpress\/wp-json\/wp\/v2\/types\/page"}],"author":[{"embeddable":true,"href":"https:\/\/apedaf.be\/wordpress\/wp-json\/wp\/v2\/users\/1"}],"replies":[{"embeddable":true,"href":"https:\/\/apedaf.be\/wordpress\/wp-json\/wp\/v2\/comments?post=9424"}],"version-history":[{"count":25,"href":"https:\/\/apedaf.be\/wordpress\/wp-json\/wp\/v2\/pages\/9424\/revisions"}],"predecessor-version":[{"id":11094,"href":"https:\/\/apedaf.be\/wordpress\/wp-json\/wp\/v2\/pages\/9424\/revisions\/11094"}],"wp:attachment":[{"href":"https:\/\/apedaf.be\/wordpress\/wp-json\/wp\/v2\/media?parent=9424"}],"curies":[{"name":"wp","href":"https:\/\/api.w.org\/{rel}","templated":true}]}}